{"id":48159,"date":"2026-04-28T11:54:49","date_gmt":"2026-04-28T09:54:49","guid":{"rendered":"https:\/\/zooprekes24.lt\/?post_type=product&#038;p=48159"},"modified":"2026-04-30T12:39:52","modified_gmt":"2026-04-30T10:39:52","slug":"josera-hypoallergenic-sausas-maistas-sunims","status":"publish","type":"product","link":"https:\/\/zooprekes24.lt\/lv\/produktas\/josera-hypoallergenic-sausas-maistas-sunims\/","title":{"rendered":"Josera Hypoallergenic sausas maistas \u0161unims"},"content":{"rendered":"<h3><span class=\"hover:entity-accent entity-underline inline cursor-pointer align-baseline\"><span class=\"whitespace-normal\">Josera<\/span><\/span><span> Hypoallergenic &#8211; visavertis hipoalerginis pa\u0161aras suaugusiems vis\u0173 veisli\u0173 \u0161unims.<\/span><\/h3>\n<ul>\n<li>Tinka \u012fvairaus dyd\u017eio, suaugusiems \u0161unims, linkusiems netoleruoti \u0117dalo.<\/li>\n<li>Liesas \u0117dalas su vabzd\u017eiais, kurie yra i\u0161skirtinis baltym\u0173 \u0161altinis ir ypa\u010d tinka hipoalerginei mitybai.<\/li>\n<li>Atrinkti ingredientai yra kruop\u0161\u010diai apdoroti, tod\u0117l jis yra lengvai vir\u0161kinamas ir tinka net ir jautri\u0105 vir\u0161kinimo sistem\u0105 turintiems \u0161unims.<\/li>\n<li>Receptas be gr\u016bd\u0173.<\/li>\n<\/ul>","protected":false},"excerpt":{"rendered":"<p>Josera Hypoallergenic &#8211; visavertis hipoalerginis pa\u0161aras suaugusiems vis\u0173 veisli\u0173 \u0161unims. Tinka \u012fvairaus dyd\u017eio, suaugusiems \u0161unims, linkusiems netoleruoti \u0117dalo. Liesas \u0117dalas su vabzd\u017eiais, kurie yra i\u0161skirtinis baltym\u0173 \u0161altinis ir ypa\u010d tinka hipoalerginei mitybai. Atrinkti ingredientai yra kruop\u0161\u010diai apdoroti, tod\u0117l jis yra lengvai vir\u0161kinamas ir tinka net ir jautri\u0105 vir\u0161kinimo sistem\u0105 turintiems \u0161unims. Receptas be gr\u016bd\u0173.<\/p>","protected":false},"featured_media":48163,"comment_status":"closed","ping_status":"closed","template":"","meta":{"_acf_changed":false,"slim_seo":{"title":"Josera Hypoallergenic sausas maistas \u0161unims - Zooprekes24","description":"Josera Hypoallergenic - visavertis hipoalerginis pa\u0161aras suaugusiems vis\u0173 veisli\u0173 \u0161unims. Tinka \u012fvairaus dyd\u017eio, suaugusiems \u0161unims, linkusiems netoleruoti \u0117dal"},"iawp_total_views":52},"product_brand":[],"product_cat":[9063,9002,8999,29,31],"product_tag":[6759,6798,6704],"class_list":{"0":"post-48159","1":"product","2":"type-product","3":"status-publish","4":"has-post-thumbnail","6":"product_cat-josera","7":"product_cat-sausas-maistas","8":"product_cat-sunims","9":"product_cat-sunu-maistas","10":"product_cat-sunu-prekiu-gamintojai","11":"product_tag-edalas-jautriam-suniui","12":"product_tag-josera-isrankiems-sunims","13":"product_tag-josera-pasaras-sunims","14":"pa_pasaro-sudetis-bulves","15":"pa_pasaro-sudetis-vabzdziai","16":"pa_prekiu-zenklai-josera","17":"pa_suns-amzius-suaugusiems","18":"pa_veisles-dydis-didelems-veislems","19":"pa_veisles-dydis-mazoms-veislems","20":"pa_veisles-dydis-vidutinems-veislems","21":"pa_veisles-dydis-visu-dydziu-veislems","23":"first","24":"instock","25":"featured","26":"taxable","27":"shipping-taxable","28":"purchasable","29":"product-type-variable"},"acf":[],"_links":{"self":[{"href":"https:\/\/zooprekes24.lt\/lv\/wp-json\/wp\/v2\/product\/48159","targetHints":{"allow":["GET"]}}],"collection":[{"href":"https:\/\/zooprekes24.lt\/lv\/wp-json\/wp\/v2\/product"}],"about":[{"href":"https:\/\/zooprekes24.lt\/lv\/wp-json\/wp\/v2\/types\/product"}],"replies":[{"embeddable":true,"href":"https:\/\/zooprekes24.lt\/lv\/wp-json\/wp\/v2\/comments?post=48159"}],"wp:featuredmedia":[{"embeddable":true,"href":"https:\/\/zooprekes24.lt\/lv\/wp-json\/wp\/v2\/media\/48163"}],"wp:attachment":[{"href":"https:\/\/zooprekes24.lt\/lv\/wp-json\/wp\/v2\/media?parent=48159"}],"wp:term":[{"taxonomy":"product_brand","embeddable":true,"href":"https:\/\/zooprekes24.lt\/lv\/wp-json\/wp\/v2\/product_brand?post=48159"},{"taxonomy":"product_cat","embeddable":true,"href":"https:\/\/zooprekes24.lt\/lv\/wp-json\/wp\/v2\/product_cat?post=48159"},{"taxonomy":"product_tag","embeddable":true,"href":"https:\/\/zooprekes24.lt\/lv\/wp-json\/wp\/v2\/product_tag?post=48159"}],"curies":[{"name":"wp","href":"https:\/\/api.w.org\/{rel}","templated":true}]}}