{"id":48151,"date":"2026-04-28T11:31:00","date_gmt":"2026-04-28T09:31:00","guid":{"rendered":"https:\/\/zooprekes24.lt\/?post_type=product&#038;p=48151"},"modified":"2026-04-30T12:52:59","modified_gmt":"2026-04-30T10:52:59","slug":"josera-mini-salmon-chicken-sausas-maistas-sunims","status":"publish","type":"product","link":"https:\/\/zooprekes24.lt\/lv\/produktas\/josera-mini-salmon-chicken-sausas-maistas-sunims\/","title":{"rendered":"Josera Mini Salmon &#038; Chicken sausas maistas \u0161unims"},"content":{"rendered":"<h3>Josera Mini Salmon &amp; Chicken &#8211; visavertis pa\u0161aras suaugusiems ma\u017e\u0173 veisli\u0173 \u0161unims. Skirtas i\u0161rankaus skonio gurmanams. Ma\u017ei gr\u016bdeliai leid\u017eia m\u0117gautis \u0117dalu, o geriausi ingredientai palaiko sveik\u0105 od\u0105 ir gra\u017e\u0173, \u017evilgant\u012f kail\u012f.<\/h3>\n<ul>\n<li>Tinkamas ma\u017e\u0173 veisli\u0173, suaugusiems \u0161unims.<\/li>\n<li>Tra\u0161kus \u0117dalas su ma\u017eomis granul\u0117mis akimirksniu virsta patiekalu su gard\u017eiu pada\u017eu, kuris \u012ftiks net i\u0161rankiausiems \u0161unims.<\/li>\n<li>Receptas su la\u0161i\u0161a ir vi\u0161tiena yra kaip tik tai, kas tinka i\u0161rankiems ir \u012fvairov\u0119 m\u0117gstantiems \u0161unims.<\/li>\n<li>Receptas be glitimo.<\/li>\n<\/ul>","protected":false},"excerpt":{"rendered":"<p>Josera Mini Salmon &amp; Chicken &#8211; visavertis pa\u0161aras suaugusiems ma\u017e\u0173 veisli\u0173 \u0161unims. Skirtas i\u0161rankaus skonio gurmanams. Ma\u017ei gr\u016bdeliai leid\u017eia m\u0117gautis \u0117dalu, o geriausi ingredientai palaiko sveik\u0105 od\u0105 ir gra\u017e\u0173, \u017evilgant\u012f kail\u012f. Tinkamas ma\u017e\u0173 veisli\u0173, suaugusiems \u0161unims. Tra\u0161kus \u0117dalas su ma\u017eomis granul\u0117mis akimirksniu virsta patiekalu su gard\u017eiu pada\u017eu, kuris \u012ftiks net i\u0161rankiausiems \u0161unims. Receptas su la\u0161i\u0161a&#8230;<\/p>","protected":false},"featured_media":48154,"comment_status":"closed","ping_status":"closed","template":"","meta":{"_acf_changed":false,"slim_seo":{"title":"Josera Mini Salmon & Chicken sausas maistas \u0161unims - Zooprekes24","description":"Josera Mini Salmon &amp; Chicken - visavertis pa\u0161aras suaugusiems ma\u017e\u0173 veisli\u0173 \u0161unims. Skirtas i\u0161rankaus skonio gurmanams. Ma\u017ei gr\u016bdeliai leid\u017eia m\u0117gautis \u0117dalu"},"iawp_total_views":52},"product_brand":[],"product_cat":[9063,9002,8999,29,31],"product_tag":[6759,6798,6704],"class_list":{"0":"post-48151","1":"product","2":"type-product","3":"status-publish","4":"has-post-thumbnail","6":"product_cat-josera","7":"product_cat-sausas-maistas","8":"product_cat-sunims","9":"product_cat-sunu-maistas","10":"product_cat-sunu-prekiu-gamintojai","11":"product_tag-edalas-jautriam-suniui","12":"product_tag-josera-isrankiems-sunims","13":"product_tag-josera-pasaras-sunims","14":"pa_pasaro-sudetis-lasisa","15":"pa_pasaro-sudetis-vistiena","16":"pa_pasaro-sudetis-zuvis","17":"pa_prekiu-zenklai-josera","18":"pa_suns-amzius-suaugusiems","19":"pa_veisles-dydis-mazoms-veislems","21":"first","22":"instock","23":"featured","24":"taxable","25":"shipping-taxable","26":"purchasable","27":"product-type-variable"},"acf":[],"_links":{"self":[{"href":"https:\/\/zooprekes24.lt\/lv\/wp-json\/wp\/v2\/product\/48151","targetHints":{"allow":["GET"]}}],"collection":[{"href":"https:\/\/zooprekes24.lt\/lv\/wp-json\/wp\/v2\/product"}],"about":[{"href":"https:\/\/zooprekes24.lt\/lv\/wp-json\/wp\/v2\/types\/product"}],"replies":[{"embeddable":true,"href":"https:\/\/zooprekes24.lt\/lv\/wp-json\/wp\/v2\/comments?post=48151"}],"wp:featuredmedia":[{"embeddable":true,"href":"https:\/\/zooprekes24.lt\/lv\/wp-json\/wp\/v2\/media\/48154"}],"wp:attachment":[{"href":"https:\/\/zooprekes24.lt\/lv\/wp-json\/wp\/v2\/media?parent=48151"}],"wp:term":[{"taxonomy":"product_brand","embeddable":true,"href":"https:\/\/zooprekes24.lt\/lv\/wp-json\/wp\/v2\/product_brand?post=48151"},{"taxonomy":"product_cat","embeddable":true,"href":"https:\/\/zooprekes24.lt\/lv\/wp-json\/wp\/v2\/product_cat?post=48151"},{"taxonomy":"product_tag","embeddable":true,"href":"https:\/\/zooprekes24.lt\/lv\/wp-json\/wp\/v2\/product_tag?post=48151"}],"curies":[{"name":"wp","href":"https:\/\/api.w.org\/{rel}","templated":true}]}}