{"id":47283,"date":"2026-03-17T10:39:35","date_gmt":"2026-03-17T08:39:35","guid":{"rendered":"https:\/\/zooprekes24.lt\/?post_type=product&#038;p=47283"},"modified":"2026-03-23T17:06:28","modified_gmt":"2026-03-23T15:06:28","slug":"happet-coco-fiber-kokoso-plauso-substratas-terariumams-5l","status":"publish","type":"product","link":"https:\/\/zooprekes24.lt\/lv\/produktas\/happet-coco-fiber-kokoso-plauso-substratas-terariumams-5l\/","title":{"rendered":"Happet Coco Fiber kokoso plau\u0161o substratas terariumams, 5 L"},"content":{"rendered":"<ul>\n<li>Lengvai valomas ir pri\u017ei\u016brimas.<\/li>\n<li data-start=\"130\" data-end=\"654\">Saugus gyv\u016bn\u0173 kv\u0117pavimo takams.<\/li>\n<li>Tinkamas naudoti tiek sausas, tiek dr\u0117gnas.<\/li>\n<li>Tinka augalams &#8211; padeda palaikyti dr\u0117gm\u0119 substrate.<\/li>\n<li>Nepelija ir nep\u016bva &#8211; u\u017etikrina \u0161vari\u0105 ir higieni\u0161k\u0105 aplink\u0105.<\/li>\n<li>Efektyviai sugeria nemalonius kvapus ir dr\u0117gm\u0117s pertekli\u0173.<\/li>\n<li>Tinkamas ropliams, varliagyviams, vabzd\u017eiams ir voragyviams.<\/li>\n<li>Gali b\u016bti naudojamas pauk\u0161\u010di\u0173 narvuose ir kaip papildomas paklotas smulkiems gyv\u016bnams.<\/li>\n<li>Nat\u016bralus kokoso plau\u0161o substratas &#8211; padeda palaikyti optimal\u0173 dr\u0117gm\u0117s lyg\u012f ir mikroklimat\u0105.<\/li>\n<\/ul>","protected":false},"excerpt":{"rendered":"<p>Lengvai valomas ir pri\u017ei\u016brimas. Saugus gyv\u016bn\u0173 kv\u0117pavimo takams. Tinkamas naudoti tiek sausas, tiek dr\u0117gnas. Tinka augalams &#8211; padeda palaikyti dr\u0117gm\u0119 substrate. Nepelija ir nep\u016bva &#8211; u\u017etikrina \u0161vari\u0105 ir higieni\u0161k\u0105 aplink\u0105. Efektyviai sugeria nemalonius kvapus ir dr\u0117gm\u0117s pertekli\u0173. Tinkamas ropliams, varliagyviams, vabzd\u017eiams ir voragyviams. Gali b\u016bti naudojamas pauk\u0161\u010di\u0173 narvuose ir kaip papildomas paklotas smulkiems gyv\u016bnams. Nat\u016bralus&#8230;<\/p>","protected":false},"featured_media":47285,"comment_status":"closed","ping_status":"closed","template":"","meta":{"_acf_changed":false,"slim_seo":{"title":"Happet Coco Fiber kokoso plau\u0161o substratas terariumams, 5 L - Zooprekes24","description":"Lengvai valomas ir pri\u017ei\u016brimas. Saugus gyv\u016bn\u0173 kv\u0117pavimo takams. Tinkamas naudoti tiek sausas, tiek dr\u0117gnas. Tinka augalams - padeda palaikyti dr\u0117gm\u0119 substrate."},"iawp_total_views":6},"product_brand":[],"product_cat":[9299,9279],"product_tag":[],"class_list":{"0":"post-47283","1":"product","2":"type-product","3":"status-publish","4":"has-post-thumbnail","6":"product_cat-grauzikams","7":"product_cat-pauksciams","8":"pa_prekiu-zenklai-happet","10":"first","11":"instock","12":"featured","13":"taxable","14":"shipping-taxable","15":"purchasable","16":"product-type-simple"},"acf":[],"_links":{"self":[{"href":"https:\/\/zooprekes24.lt\/lv\/wp-json\/wp\/v2\/product\/47283","targetHints":{"allow":["GET"]}}],"collection":[{"href":"https:\/\/zooprekes24.lt\/lv\/wp-json\/wp\/v2\/product"}],"about":[{"href":"https:\/\/zooprekes24.lt\/lv\/wp-json\/wp\/v2\/types\/product"}],"replies":[{"embeddable":true,"href":"https:\/\/zooprekes24.lt\/lv\/wp-json\/wp\/v2\/comments?post=47283"}],"wp:featuredmedia":[{"embeddable":true,"href":"https:\/\/zooprekes24.lt\/lv\/wp-json\/wp\/v2\/media\/47285"}],"wp:attachment":[{"href":"https:\/\/zooprekes24.lt\/lv\/wp-json\/wp\/v2\/media?parent=47283"}],"wp:term":[{"taxonomy":"product_brand","embeddable":true,"href":"https:\/\/zooprekes24.lt\/lv\/wp-json\/wp\/v2\/product_brand?post=47283"},{"taxonomy":"product_cat","embeddable":true,"href":"https:\/\/zooprekes24.lt\/lv\/wp-json\/wp\/v2\/product_cat?post=47283"},{"taxonomy":"product_tag","embeddable":true,"href":"https:\/\/zooprekes24.lt\/lv\/wp-json\/wp\/v2\/product_tag?post=47283"}],"curies":[{"name":"wp","href":"https:\/\/api.w.org\/{rel}","templated":true}]}}