{"id":47271,"date":"2026-03-17T09:58:36","date_gmt":"2026-03-17T07:58:36","guid":{"rendered":"https:\/\/zooprekes24.lt\/?post_type=product&#038;p=47271"},"modified":"2026-03-23T17:03:50","modified_gmt":"2026-03-23T15:03:50","slug":"comfy-medvilnes-pakratas-grauzikams-10l","status":"publish","type":"product","link":"https:\/\/zooprekes24.lt\/lv\/produktas\/comfy-medvilnes-pakratas-grauzikams-10l\/","title":{"rendered":"Comfy medviln\u0117s pakratas grau\u017eikams 10 L"},"content":{"rendered":"<ul>\n<li>Puikiai tinka triu\u0161iams, \u017eiurk\u0117nams, pel\u0117ms, \u017eiurk\u0117ms ir smiltpel\u0117ms.<\/li>\n<li>Nat\u016bralus medviln\u0117s pluo\u0161tas suteikia mink\u0161tumo ir patogumo.<\/li>\n<li>Puikiai sugeria nemalonius kvapus.<\/li>\n<li>Hipoalerginis ir biologi\u0161kai skaidus.<\/li>\n<\/ul>","protected":false},"excerpt":{"rendered":"<p>Puikiai tinka triu\u0161iams, \u017eiurk\u0117nams, pel\u0117ms, \u017eiurk\u0117ms ir smiltpel\u0117ms. Nat\u016bralus medviln\u0117s pluo\u0161tas suteikia mink\u0161tumo ir patogumo. Puikiai sugeria nemalonius kvapus. Hipoalerginis ir biologi\u0161kai skaidus.<\/p>","protected":false},"featured_media":47272,"comment_status":"closed","ping_status":"closed","template":"","meta":{"_acf_changed":false,"slim_seo":{"title":"Comfy medviln\u0117s pakratas grau\u017eikams 10 L - Zooprekes24","description":"Puikiai tinka triu\u0161iams, \u017eiurk\u0117nams, pel\u0117ms, \u017eiurk\u0117ms ir smiltpel\u0117ms. Nat\u016bralus medviln\u0117s pluo\u0161tas suteikia mink\u0161tumo ir patogumo. Puikiai sugeria nemalonius kv"},"iawp_total_views":1},"product_brand":[],"product_cat":[9299],"product_tag":[],"class_list":{"0":"post-47271","1":"product","2":"type-product","3":"status-publish","4":"has-post-thumbnail","6":"product_cat-grauzikams","7":"pa_prekiu-zenklai-comfy","9":"first","10":"instock","11":"featured","12":"taxable","13":"shipping-taxable","14":"purchasable","15":"product-type-simple"},"acf":[],"_links":{"self":[{"href":"https:\/\/zooprekes24.lt\/lv\/wp-json\/wp\/v2\/product\/47271","targetHints":{"allow":["GET"]}}],"collection":[{"href":"https:\/\/zooprekes24.lt\/lv\/wp-json\/wp\/v2\/product"}],"about":[{"href":"https:\/\/zooprekes24.lt\/lv\/wp-json\/wp\/v2\/types\/product"}],"replies":[{"embeddable":true,"href":"https:\/\/zooprekes24.lt\/lv\/wp-json\/wp\/v2\/comments?post=47271"}],"wp:featuredmedia":[{"embeddable":true,"href":"https:\/\/zooprekes24.lt\/lv\/wp-json\/wp\/v2\/media\/47272"}],"wp:attachment":[{"href":"https:\/\/zooprekes24.lt\/lv\/wp-json\/wp\/v2\/media?parent=47271"}],"wp:term":[{"taxonomy":"product_brand","embeddable":true,"href":"https:\/\/zooprekes24.lt\/lv\/wp-json\/wp\/v2\/product_brand?post=47271"},{"taxonomy":"product_cat","embeddable":true,"href":"https:\/\/zooprekes24.lt\/lv\/wp-json\/wp\/v2\/product_cat?post=47271"},{"taxonomy":"product_tag","embeddable":true,"href":"https:\/\/zooprekes24.lt\/lv\/wp-json\/wp\/v2\/product_tag?post=47271"}],"curies":[{"name":"wp","href":"https:\/\/api.w.org\/{rel}","templated":true}]}}