{"id":47266,"date":"2026-03-17T09:45:48","date_gmt":"2026-03-17T07:45:48","guid":{"rendered":"https:\/\/zooprekes24.lt\/?post_type=product&#038;p=47266"},"modified":"2026-03-23T17:02:03","modified_gmt":"2026-03-23T15:02:03","slug":"comfy-sienas-grauzikams-14l","status":"publish","type":"product","link":"https:\/\/zooprekes24.lt\/lv\/produktas\/comfy-sienas-grauzikams-14l\/","title":{"rendered":"Comfy \u0161ienas grau\u017eikams 14 L"},"content":{"rendered":"<ul>\n<li>Nat\u016bralus \u0161ienas, gausus nauding\u0173 vitamin\u0173 ir mikroelement\u0173.<\/li>\n<li>Gausus skaidul\u0173, kurios reguliuoja med\u017eiag\u0173 apykait\u0105 ir palaiko \u017earnyno veikl\u0105.<\/li>\n<li>Sveikas ir saugus maisto papildas grau\u017eikams.<\/li>\n<\/ul>","protected":false},"excerpt":{"rendered":"<p>Nat\u016bralus \u0161ienas, gausus nauding\u0173 vitamin\u0173 ir mikroelement\u0173. Gausus skaidul\u0173, kurios reguliuoja med\u017eiag\u0173 apykait\u0105 ir palaiko \u017earnyno veikl\u0105. Sveikas ir saugus maisto papildas grau\u017eikams.<\/p>","protected":false},"featured_media":47270,"comment_status":"closed","ping_status":"closed","template":"","meta":{"_acf_changed":false,"slim_seo":{"title":"Comfy \u0161ienas grau\u017eikams 14 L - Zooprekes24","description":"Nat\u016bralus \u0161ienas, gausus nauding\u0173 vitamin\u0173 ir mikroelement\u0173. Gausus skaidul\u0173, kurios reguliuoja med\u017eiag\u0173 apykait\u0105 ir palaiko \u017earnyno veikl\u0105. Sveikas ir saugus m"},"iawp_total_views":1},"product_brand":[],"product_cat":[9299],"product_tag":[],"class_list":{"0":"post-47266","1":"product","2":"type-product","3":"status-publish","4":"has-post-thumbnail","6":"product_cat-grauzikams","7":"pa_prekiu-zenklai-comfy","9":"first","10":"instock","11":"featured","12":"taxable","13":"shipping-taxable","14":"purchasable","15":"product-type-simple"},"acf":[],"_links":{"self":[{"href":"https:\/\/zooprekes24.lt\/lv\/wp-json\/wp\/v2\/product\/47266","targetHints":{"allow":["GET"]}}],"collection":[{"href":"https:\/\/zooprekes24.lt\/lv\/wp-json\/wp\/v2\/product"}],"about":[{"href":"https:\/\/zooprekes24.lt\/lv\/wp-json\/wp\/v2\/types\/product"}],"replies":[{"embeddable":true,"href":"https:\/\/zooprekes24.lt\/lv\/wp-json\/wp\/v2\/comments?post=47266"}],"wp:featuredmedia":[{"embeddable":true,"href":"https:\/\/zooprekes24.lt\/lv\/wp-json\/wp\/v2\/media\/47270"}],"wp:attachment":[{"href":"https:\/\/zooprekes24.lt\/lv\/wp-json\/wp\/v2\/media?parent=47266"}],"wp:term":[{"taxonomy":"product_brand","embeddable":true,"href":"https:\/\/zooprekes24.lt\/lv\/wp-json\/wp\/v2\/product_brand?post=47266"},{"taxonomy":"product_cat","embeddable":true,"href":"https:\/\/zooprekes24.lt\/lv\/wp-json\/wp\/v2\/product_cat?post=47266"},{"taxonomy":"product_tag","embeddable":true,"href":"https:\/\/zooprekes24.lt\/lv\/wp-json\/wp\/v2\/product_tag?post=47266"}],"curies":[{"name":"wp","href":"https:\/\/api.w.org\/{rel}","templated":true}]}}