{"id":47137,"date":"2026-03-13T11:37:44","date_gmt":"2026-03-13T09:37:44","guid":{"rendered":"https:\/\/zooprekes24.lt\/?post_type=product&#038;p=47137"},"modified":"2026-03-23T16:58:07","modified_gmt":"2026-03-23T14:58:07","slug":"comfy-pjuveninis-kraikas-grauzikams-60l","status":"publish","type":"product","link":"https:\/\/zooprekes24.lt\/lv\/produktas\/comfy-pjuveninis-kraikas-grauzikams-60l\/","title":{"rendered":"Comfy pjuveninis kraikas grau\u017eikams 60L"},"content":{"rendered":"<ul>\n<li>Kokybi\u0161kos ir nat\u016bralios med\u017eio pjuvenos grau\u017eikams.<\/li>\n<li>Efektyviai sugeria dr\u0117gm\u0119 ir neutralizuoja kvapus.<\/li>\n<\/ul>","protected":false},"excerpt":{"rendered":"<p>Kokybi\u0161kos ir nat\u016bralios med\u017eio pjuvenos grau\u017eikams. Efektyviai sugeria dr\u0117gm\u0119 ir neutralizuoja kvapus.<\/p>","protected":false},"featured_media":47135,"comment_status":"closed","ping_status":"closed","template":"","meta":{"_acf_changed":false,"slim_seo":{"title":"Comfy pjuveninis kraikas grau\u017eikams 60L - Zooprekes24","description":"Kokybi\u0161kos ir nat\u016bralios med\u017eio pjuvenos grau\u017eikams. Efektyviai sugeria dr\u0117gm\u0119 ir neutralizuoja kvapus."},"iawp_total_views":1},"product_brand":[],"product_cat":[9299],"product_tag":[],"class_list":{"0":"post-47137","1":"product","2":"type-product","3":"status-publish","4":"has-post-thumbnail","6":"product_cat-grauzikams","7":"pa_kraiko-rusis-medzio-drozles","8":"pa_prekiu-zenklai-comfy","10":"first","11":"instock","12":"featured","13":"taxable","14":"shipping-taxable","15":"purchasable","16":"product-type-simple"},"acf":[],"_links":{"self":[{"href":"https:\/\/zooprekes24.lt\/lv\/wp-json\/wp\/v2\/product\/47137","targetHints":{"allow":["GET"]}}],"collection":[{"href":"https:\/\/zooprekes24.lt\/lv\/wp-json\/wp\/v2\/product"}],"about":[{"href":"https:\/\/zooprekes24.lt\/lv\/wp-json\/wp\/v2\/types\/product"}],"replies":[{"embeddable":true,"href":"https:\/\/zooprekes24.lt\/lv\/wp-json\/wp\/v2\/comments?post=47137"}],"wp:featuredmedia":[{"embeddable":true,"href":"https:\/\/zooprekes24.lt\/lv\/wp-json\/wp\/v2\/media\/47135"}],"wp:attachment":[{"href":"https:\/\/zooprekes24.lt\/lv\/wp-json\/wp\/v2\/media?parent=47137"}],"wp:term":[{"taxonomy":"product_brand","embeddable":true,"href":"https:\/\/zooprekes24.lt\/lv\/wp-json\/wp\/v2\/product_brand?post=47137"},{"taxonomy":"product_cat","embeddable":true,"href":"https:\/\/zooprekes24.lt\/lv\/wp-json\/wp\/v2\/product_cat?post=47137"},{"taxonomy":"product_tag","embeddable":true,"href":"https:\/\/zooprekes24.lt\/lv\/wp-json\/wp\/v2\/product_tag?post=47137"}],"curies":[{"name":"wp","href":"https:\/\/api.w.org\/{rel}","templated":true}]}}