{"id":47130,"date":"2026-03-13T11:17:12","date_gmt":"2026-03-13T09:17:12","guid":{"rendered":"https:\/\/zooprekes24.lt\/?post_type=product&#038;p=47130"},"modified":"2026-03-23T16:55:25","modified_gmt":"2026-03-23T14:55:25","slug":"little-one-pjuveninis-kraikas-grauzikams-800g","status":"publish","type":"product","link":"https:\/\/zooprekes24.lt\/lv\/produktas\/little-one-pjuveninis-kraikas-grauzikams-800g\/","title":{"rendered":"Little One pjuveninis kraikas grau\u017eikams 800 g"},"content":{"rendered":"<ul>\n<li>Nat\u016bralios pjuvenos i\u0161 grynos medienos.<\/li>\n<li>Puikiai sugeria dr\u0117gm\u0119 ir nedulka.<\/li>\n<\/ul>","protected":false},"excerpt":{"rendered":"<p>Nat\u016bralios pjuvenos i\u0161 grynos medienos. Puikiai sugeria dr\u0117gm\u0119 ir nedulka.<\/p>","protected":false},"featured_media":47131,"comment_status":"closed","ping_status":"closed","template":"","meta":{"_acf_changed":false,"slim_seo":{"title":"Little One pjuveninis kraikas grau\u017eikams 800 g - Zooprekes24","description":"Nat\u016bralios pjuvenos i\u0161 grynos medienos. Puikiai sugeria dr\u0117gm\u0119 ir nedulka."},"iawp_total_views":105},"product_brand":[],"product_cat":[9299],"product_tag":[],"class_list":{"0":"post-47130","1":"product","2":"type-product","3":"status-publish","4":"has-post-thumbnail","6":"product_cat-grauzikams","7":"pa_kraiko-rusis-medzio-drozles","8":"pa_prekiu-zenklai-little-one","10":"first","11":"instock","12":"featured","13":"taxable","14":"shipping-taxable","15":"purchasable","16":"product-type-simple"},"acf":[],"_links":{"self":[{"href":"https:\/\/zooprekes24.lt\/lv\/wp-json\/wp\/v2\/product\/47130","targetHints":{"allow":["GET"]}}],"collection":[{"href":"https:\/\/zooprekes24.lt\/lv\/wp-json\/wp\/v2\/product"}],"about":[{"href":"https:\/\/zooprekes24.lt\/lv\/wp-json\/wp\/v2\/types\/product"}],"replies":[{"embeddable":true,"href":"https:\/\/zooprekes24.lt\/lv\/wp-json\/wp\/v2\/comments?post=47130"}],"wp:featuredmedia":[{"embeddable":true,"href":"https:\/\/zooprekes24.lt\/lv\/wp-json\/wp\/v2\/media\/47131"}],"wp:attachment":[{"href":"https:\/\/zooprekes24.lt\/lv\/wp-json\/wp\/v2\/media?parent=47130"}],"wp:term":[{"taxonomy":"product_brand","embeddable":true,"href":"https:\/\/zooprekes24.lt\/lv\/wp-json\/wp\/v2\/product_brand?post=47130"},{"taxonomy":"product_cat","embeddable":true,"href":"https:\/\/zooprekes24.lt\/lv\/wp-json\/wp\/v2\/product_cat?post=47130"},{"taxonomy":"product_tag","embeddable":true,"href":"https:\/\/zooprekes24.lt\/lv\/wp-json\/wp\/v2\/product_tag?post=47130"}],"curies":[{"name":"wp","href":"https:\/\/api.w.org\/{rel}","templated":true}]}}