{"id":47125,"date":"2026-03-13T11:10:05","date_gmt":"2026-03-13T09:10:05","guid":{"rendered":"https:\/\/zooprekes24.lt\/?post_type=product&#038;p=47125"},"modified":"2026-03-23T13:53:58","modified_gmt":"2026-03-23T11:53:58","slug":"comfy-cornelius-herbal-kukuruzu-granuliu-kraikas-katems-su-zoleliu-aromatu-25l","status":"publish","type":"product","link":"https:\/\/zooprekes24.lt\/lv\/produktas\/comfy-cornelius-herbal-kukuruzu-granuliu-kraikas-katems-su-zoleliu-aromatu-25l\/","title":{"rendered":"Comfy Cornelius Herbal kukur\u016bz\u0173 granuli\u0173 kraikas kat\u0117ms, su \u017eoleli\u0173 aromatu, 25L"},"content":{"rendered":"<ul>\n<li>Nat\u016bralus ir biologi\u0161kai skaidus: pavienius gabal\u0117lius galima nuleisti \u012f tualet\u0105 arba kompostuoti.<\/li>\n<li>Puikiai sulimpa, nedulka ir nekimba prie leten\u0117li\u0173 ar kailio.<\/li>\n<li>Efektyviai sugeria dr\u0117gm\u0119 ir kvapus.<\/li>\n<li>Skleid\u017eia malon\u0173 \u017eoleli\u0173 aromat\u0105.<\/li>\n<\/ul>","protected":false},"excerpt":{"rendered":"<p>Nat\u016bralus ir biologi\u0161kai skaidus: pavienius gabal\u0117lius galima nuleisti \u012f tualet\u0105 arba kompostuoti. Puikiai sulimpa, nedulka ir nekimba prie leten\u0117li\u0173 ar kailio. Efektyviai sugeria dr\u0117gm\u0119 ir kvapus. Skleid\u017eia malon\u0173 \u017eoleli\u0173 aromat\u0105.<\/p>","protected":false},"featured_media":47127,"comment_status":"closed","ping_status":"closed","template":"","meta":{"_acf_changed":false,"slim_seo":{"title":"Comfy Cornelius Herbal kukur\u016bz\u0173 granuli\u0173 kraikas kat\u0117ms, su \u017eoleli\u0173 aromatu, 25L - Zooprekes24","description":"Nat\u016bralus ir biologi\u0161kai skaidus: pavienius gabal\u0117lius galima nuleisti \u012f tualet\u0105 arba kompostuoti. Puikiai sulimpa, nedulka ir nekimba prie leten\u0117li\u0173 ar kailio."},"iawp_total_views":1},"product_brand":[],"product_cat":[78,25,9009],"product_tag":[],"class_list":{"0":"post-47125","1":"product","2":"type-product","3":"status-publish","4":"has-post-thumbnail","6":"product_cat-higiena-ir-prieziura-katems","7":"product_cat-katems","8":"product_cat-kraikas","9":"pa_kraiko-rusis-kukuruzu-granules","10":"pa_prekiu-zenklai-comfy","12":"first","13":"instock","14":"featured","15":"taxable","16":"shipping-taxable","17":"purchasable","18":"product-type-simple"},"acf":[],"_links":{"self":[{"href":"https:\/\/zooprekes24.lt\/lv\/wp-json\/wp\/v2\/product\/47125","targetHints":{"allow":["GET"]}}],"collection":[{"href":"https:\/\/zooprekes24.lt\/lv\/wp-json\/wp\/v2\/product"}],"about":[{"href":"https:\/\/zooprekes24.lt\/lv\/wp-json\/wp\/v2\/types\/product"}],"replies":[{"embeddable":true,"href":"https:\/\/zooprekes24.lt\/lv\/wp-json\/wp\/v2\/comments?post=47125"}],"wp:featuredmedia":[{"embeddable":true,"href":"https:\/\/zooprekes24.lt\/lv\/wp-json\/wp\/v2\/media\/47127"}],"wp:attachment":[{"href":"https:\/\/zooprekes24.lt\/lv\/wp-json\/wp\/v2\/media?parent=47125"}],"wp:term":[{"taxonomy":"product_brand","embeddable":true,"href":"https:\/\/zooprekes24.lt\/lv\/wp-json\/wp\/v2\/product_brand?post=47125"},{"taxonomy":"product_cat","embeddable":true,"href":"https:\/\/zooprekes24.lt\/lv\/wp-json\/wp\/v2\/product_cat?post=47125"},{"taxonomy":"product_tag","embeddable":true,"href":"https:\/\/zooprekes24.lt\/lv\/wp-json\/wp\/v2\/product_tag?post=47125"}],"curies":[{"name":"wp","href":"https:\/\/api.w.org\/{rel}","templated":true}]}}