{"id":47100,"date":"2026-03-12T11:26:49","date_gmt":"2026-03-12T09:26:49","guid":{"rendered":"https:\/\/zooprekes24.lt\/?post_type=product&#038;p=47100"},"modified":"2026-03-23T13:50:12","modified_gmt":"2026-03-23T11:50:12","slug":"comfy-pinokio-camomile-naturalus-medzio-granuliu-kraikas-katems-grauzikams-ir-pauksciams-su-ramuneliu-aromatu-7l","status":"publish","type":"product","link":"https:\/\/zooprekes24.lt\/lv\/produktas\/comfy-pinokio-camomile-naturalus-medzio-granuliu-kraikas-katems-grauzikams-ir-pauksciams-su-ramuneliu-aromatu-7l\/","title":{"rendered":"Comfy Pinokio Camomile nat\u016bralus med\u017eio granuli\u0173 kraikas kat\u0117ms, grau\u017eikams ir pauk\u0161\u010diams, su ramun\u0117li\u0173 aromatu, 7L"},"content":{"rendered":"<ul>\n<li>Su ramun\u0117li\u0173 aromatu, kuris greitai neutralizuoja nemalonius kvapus.<\/li>\n<li>Nat\u016bralus ir biologi\u0161kai skaidus kraikas, tinkantis kompostuoti.<\/li>\n<li>Nedulka ir nekimba prie leten\u0117li\u0173.<\/li>\n<li>Efektyviai sugeria dr\u0117gm\u0119 ir kvapus.<\/li>\n<li>Pagamintas i\u0161 nat\u016bralios pu\u0161\u0173 ir egli\u0173 medienos.<\/li>\n<\/ul>","protected":false},"excerpt":{"rendered":"<p>Su ramun\u0117li\u0173 aromatu, kuris greitai neutralizuoja nemalonius kvapus. Nat\u016bralus ir biologi\u0161kai skaidus kraikas, tinkantis kompostuoti. Nedulka ir nekimba prie leten\u0117li\u0173. Efektyviai sugeria dr\u0117gm\u0119 ir kvapus. Pagamintas i\u0161 nat\u016bralios pu\u0161\u0173 ir egli\u0173 medienos.<\/p>","protected":false},"featured_media":47101,"comment_status":"closed","ping_status":"closed","template":"","meta":{"_acf_changed":false,"slim_seo":{"title":"Comfy Pinokio Camomile nat\u016bralus med\u017eio granuli\u0173 kraikas kat\u0117ms, grau\u017eikams ir pauk\u0161\u010diams, su ramun\u0117li\u0173 aromatu, 7L - Zooprekes24","description":"Su ramun\u0117li\u0173 aromatu, kuris greitai neutralizuoja nemalonius kvapus. Nat\u016bralus ir biologi\u0161kai skaidus kraikas, tinkantis kompostuoti. Nedulka ir nekimba prie le"},"iawp_total_views":248},"product_brand":[],"product_cat":[9299,78,25,9009,9279],"product_tag":[1940],"class_list":{"0":"post-47100","1":"product","2":"type-product","3":"status-publish","4":"has-post-thumbnail","6":"product_cat-grauzikams","7":"product_cat-higiena-ir-prieziura-katems","8":"product_cat-katems","9":"product_cat-kraikas","10":"product_cat-pauksciams","11":"product_tag-naturalus-kraikas-katems","12":"pa_kraiko-rusis-medzio-granules","13":"pa_prekiu-zenklai-comfy","15":"first","16":"instock","17":"featured","18":"taxable","19":"shipping-taxable","20":"purchasable","21":"product-type-simple"},"acf":[],"_links":{"self":[{"href":"https:\/\/zooprekes24.lt\/lv\/wp-json\/wp\/v2\/product\/47100","targetHints":{"allow":["GET"]}}],"collection":[{"href":"https:\/\/zooprekes24.lt\/lv\/wp-json\/wp\/v2\/product"}],"about":[{"href":"https:\/\/zooprekes24.lt\/lv\/wp-json\/wp\/v2\/types\/product"}],"replies":[{"embeddable":true,"href":"https:\/\/zooprekes24.lt\/lv\/wp-json\/wp\/v2\/comments?post=47100"}],"wp:featuredmedia":[{"embeddable":true,"href":"https:\/\/zooprekes24.lt\/lv\/wp-json\/wp\/v2\/media\/47101"}],"wp:attachment":[{"href":"https:\/\/zooprekes24.lt\/lv\/wp-json\/wp\/v2\/media?parent=47100"}],"wp:term":[{"taxonomy":"product_brand","embeddable":true,"href":"https:\/\/zooprekes24.lt\/lv\/wp-json\/wp\/v2\/product_brand?post=47100"},{"taxonomy":"product_cat","embeddable":true,"href":"https:\/\/zooprekes24.lt\/lv\/wp-json\/wp\/v2\/product_cat?post=47100"},{"taxonomy":"product_tag","embeddable":true,"href":"https:\/\/zooprekes24.lt\/lv\/wp-json\/wp\/v2\/product_tag?post=47100"}],"curies":[{"name":"wp","href":"https:\/\/api.w.org\/{rel}","templated":true}]}}