{"id":47088,"date":"2026-03-12T10:47:20","date_gmt":"2026-03-12T08:47:20","guid":{"rendered":"https:\/\/zooprekes24.lt\/?post_type=product&#038;p=47088"},"modified":"2026-03-23T13:40:33","modified_gmt":"2026-03-23T11:40:33","slug":"comfy-pinokio-naturalus-medzio-granuliu-kraikas-katems-grauzikams-ir-pauksciams-7l","status":"publish","type":"product","link":"https:\/\/zooprekes24.lt\/lv\/produktas\/comfy-pinokio-naturalus-medzio-granuliu-kraikas-katems-grauzikams-ir-pauksciams-7l\/","title":{"rendered":"Comfy Pinokio nat\u016bralus med\u017eio granuli\u0173 kraikas kat\u0117ms, grau\u017eikams ir pauk\u0161\u010diams, 7L"},"content":{"rendered":"<ul>\n<li>Nat\u016bralus ir biologi\u0161kai skaidus kraikas, tinkantis kompostuoti.<\/li>\n<li>Nedulka ir nekimba prie leten\u0117li\u0173.<\/li>\n<li>Efektyviai sugeria dr\u0117gm\u0119 ir kvapus.<\/li>\n<li>Pagamintas i\u0161 nat\u016bralios pu\u0161\u0173 ir egli\u0173 medienos.<\/li>\n<li>Malonaus medienos aromato.<\/li>\n<\/ul>","protected":false},"excerpt":{"rendered":"<p>Nat\u016bralus ir biologi\u0161kai skaidus kraikas, tinkantis kompostuoti. Nedulka ir nekimba prie leten\u0117li\u0173. Efektyviai sugeria dr\u0117gm\u0119 ir kvapus. Pagamintas i\u0161 nat\u016bralios pu\u0161\u0173 ir egli\u0173 medienos. Malonaus medienos aromato.<\/p>","protected":false},"featured_media":47092,"comment_status":"closed","ping_status":"closed","template":"","meta":{"_acf_changed":false,"slim_seo":{"title":"Comfy Pinokio nat\u016bralus med\u017eio granuli\u0173 kraikas kat\u0117ms, grau\u017eikams ir pauk\u0161\u010diams, 7L - Zooprekes24","description":"Nat\u016bralus ir biologi\u0161kai skaidus kraikas, tinkantis kompostuoti. Nedulka ir nekimba prie leten\u0117li\u0173. Efektyviai sugeria dr\u0117gm\u0119 ir kvapus. Pagamintas i\u0161 nat\u016bralio"},"iawp_total_views":4},"product_brand":[],"product_cat":[9299,78,25,9009,9279],"product_tag":[1940],"class_list":{"0":"post-47088","1":"product","2":"type-product","3":"status-publish","4":"has-post-thumbnail","6":"product_cat-grauzikams","7":"product_cat-higiena-ir-prieziura-katems","8":"product_cat-katems","9":"product_cat-kraikas","10":"product_cat-pauksciams","11":"product_tag-naturalus-kraikas-katems","12":"pa_kraiko-rusis-medzio-granules","13":"pa_prekiu-zenklai-comfy","15":"first","16":"instock","17":"featured","18":"taxable","19":"shipping-taxable","20":"purchasable","21":"product-type-simple"},"acf":[],"_links":{"self":[{"href":"https:\/\/zooprekes24.lt\/lv\/wp-json\/wp\/v2\/product\/47088","targetHints":{"allow":["GET"]}}],"collection":[{"href":"https:\/\/zooprekes24.lt\/lv\/wp-json\/wp\/v2\/product"}],"about":[{"href":"https:\/\/zooprekes24.lt\/lv\/wp-json\/wp\/v2\/types\/product"}],"replies":[{"embeddable":true,"href":"https:\/\/zooprekes24.lt\/lv\/wp-json\/wp\/v2\/comments?post=47088"}],"wp:featuredmedia":[{"embeddable":true,"href":"https:\/\/zooprekes24.lt\/lv\/wp-json\/wp\/v2\/media\/47092"}],"wp:attachment":[{"href":"https:\/\/zooprekes24.lt\/lv\/wp-json\/wp\/v2\/media?parent=47088"}],"wp:term":[{"taxonomy":"product_brand","embeddable":true,"href":"https:\/\/zooprekes24.lt\/lv\/wp-json\/wp\/v2\/product_brand?post=47088"},{"taxonomy":"product_cat","embeddable":true,"href":"https:\/\/zooprekes24.lt\/lv\/wp-json\/wp\/v2\/product_cat?post=47088"},{"taxonomy":"product_tag","embeddable":true,"href":"https:\/\/zooprekes24.lt\/lv\/wp-json\/wp\/v2\/product_tag?post=47088"}],"curies":[{"name":"wp","href":"https:\/\/api.w.org\/{rel}","templated":true}]}}