{"id":47079,"date":"2026-03-12T10:20:26","date_gmt":"2026-03-12T08:20:26","guid":{"rendered":"https:\/\/zooprekes24.lt\/?post_type=product&#038;p=47079"},"modified":"2026-03-23T13:27:57","modified_gmt":"2026-03-23T11:27:57","slug":"cosyflock-bedding-litter-kraikas-grauzikams-15l","status":"publish","type":"product","link":"https:\/\/zooprekes24.lt\/lv\/produktas\/cosyflock-bedding-litter-kraikas-grauzikams-15l\/","title":{"rendered":"Cosyflock Bedding Litter kraikas grau\u017eikams 15L"},"content":{"rendered":"<ul>\n<li>Tinka \u012fvairiems grau\u017eikams ir triu\u0161iams.<\/li>\n<li>Pagamintos i\u0161 rinktin\u0117s medienos: ma\u017eai dulkan\u010di\u0173 spygliuo\u010di\u0173.<\/li>\n<li>100 % nat\u016bralios pjuvenos, sukurian\u010dios subalansuot\u0105 aplink\u0105 dideliems ir ma\u017eiems gyv\u016bnams.<\/li>\n<\/ul>","protected":false},"excerpt":{"rendered":"<p>Tinka \u012fvairiems grau\u017eikams ir triu\u0161iams. Pagamintos i\u0161 rinktin\u0117s medienos: ma\u017eai dulkan\u010di\u0173 spygliuo\u010di\u0173. 100 % nat\u016bralios pjuvenos, sukurian\u010dios subalansuot\u0105 aplink\u0105 dideliems ir ma\u017eiems gyv\u016bnams.<\/p>","protected":false},"featured_media":47083,"comment_status":"closed","ping_status":"closed","template":"","meta":{"_acf_changed":false,"slim_seo":{"title":"Cosyflock Bedding Litter kraikas grau\u017eikams 15L - Zooprekes24","description":"Tinka \u012fvairiems grau\u017eikams ir triu\u0161iams. Pagamintos i\u0161 rinktin\u0117s medienos: ma\u017eai dulkan\u010di\u0173 spygliuo\u010di\u0173. 100 % nat\u016bralios pjuvenos, sukurian\u010dios subalansuot\u0105 apl"},"iawp_total_views":1},"product_brand":[],"product_cat":[9299],"product_tag":[],"class_list":{"0":"post-47079","1":"product","2":"type-product","3":"status-publish","4":"has-post-thumbnail","6":"product_cat-grauzikams","7":"pa_kraiko-rusis-medzio-drozles","8":"pa_prekiu-zenklai-cosyflock","10":"first","11":"instock","12":"featured","13":"taxable","14":"shipping-taxable","15":"purchasable","16":"product-type-simple"},"acf":[],"_links":{"self":[{"href":"https:\/\/zooprekes24.lt\/lv\/wp-json\/wp\/v2\/product\/47079","targetHints":{"allow":["GET"]}}],"collection":[{"href":"https:\/\/zooprekes24.lt\/lv\/wp-json\/wp\/v2\/product"}],"about":[{"href":"https:\/\/zooprekes24.lt\/lv\/wp-json\/wp\/v2\/types\/product"}],"replies":[{"embeddable":true,"href":"https:\/\/zooprekes24.lt\/lv\/wp-json\/wp\/v2\/comments?post=47079"}],"wp:featuredmedia":[{"embeddable":true,"href":"https:\/\/zooprekes24.lt\/lv\/wp-json\/wp\/v2\/media\/47083"}],"wp:attachment":[{"href":"https:\/\/zooprekes24.lt\/lv\/wp-json\/wp\/v2\/media?parent=47079"}],"wp:term":[{"taxonomy":"product_brand","embeddable":true,"href":"https:\/\/zooprekes24.lt\/lv\/wp-json\/wp\/v2\/product_brand?post=47079"},{"taxonomy":"product_cat","embeddable":true,"href":"https:\/\/zooprekes24.lt\/lv\/wp-json\/wp\/v2\/product_cat?post=47079"},{"taxonomy":"product_tag","embeddable":true,"href":"https:\/\/zooprekes24.lt\/lv\/wp-json\/wp\/v2\/product_tag?post=47079"}],"curies":[{"name":"wp","href":"https:\/\/api.w.org\/{rel}","templated":true}]}}