{"id":47075,"date":"2026-03-12T10:03:16","date_gmt":"2026-03-12T08:03:16","guid":{"rendered":"https:\/\/zooprekes24.lt\/?post_type=product&#038;p=47075"},"modified":"2026-03-20T13:15:53","modified_gmt":"2026-03-20T11:15:53","slug":"chipsi-carefresh-confeti-kraikas-grauzikams-10l","status":"publish","type":"product","link":"https:\/\/zooprekes24.lt\/lv\/produktas\/chipsi-carefresh-confeti-kraikas-grauzikams-10l\/","title":{"rendered":"Chipsi Carefresh Confeti kraikas grau\u017eikams 10L"},"content":{"rendered":"<ul>\n<li>Pagamintas i\u0161 nat\u016brali\u0173 augalini\u0173 pluo\u0161t\u0173.<\/li>\n<li>\u0160velnus ir mink\u0161tas, u\u017etikrinantis maksimali\u0105 apsaug\u0105 ir komfort\u0105 grau\u017eikui.<\/li>\n<li>Ma\u017ei gabal\u0117liai idealiai tinka kaip med\u017eiaga lizdams ir urvams sukti, \u0161iltai miego vietai kurti.<\/li>\n<li>Paklotas sugeria dr\u0117mg\u0119 3 kartus geriau nei \u012fprastos dro\u017el\u0117s.<\/li>\n<li>U\u017etikrina, kad narvelis ilgiau i\u0161likt\u0173 sausas, bekvapis ir \u0161varus.<\/li>\n<li>Nedulka, lengvai valomas ir 100 % biologi\u0161kai skaidus.<\/li>\n<\/ul>","protected":false},"excerpt":{"rendered":"<p>Pagamintas i\u0161 nat\u016brali\u0173 augalini\u0173 pluo\u0161t\u0173. \u0160velnus ir mink\u0161tas, u\u017etikrinantis maksimali\u0105 apsaug\u0105 ir komfort\u0105 grau\u017eikui. Ma\u017ei gabal\u0117liai idealiai tinka kaip med\u017eiaga lizdams ir urvams sukti, \u0161iltai miego vietai kurti. Paklotas sugeria dr\u0117mg\u0119 3 kartus geriau nei \u012fprastos dro\u017el\u0117s. U\u017etikrina, kad narvelis ilgiau i\u0161likt\u0173 sausas, bekvapis ir \u0161varus. Nedulka, lengvai valomas ir 100 % biologi\u0161kai skaidus.<\/p>","protected":false},"featured_media":47076,"comment_status":"closed","ping_status":"closed","template":"","meta":{"_acf_changed":false,"slim_seo":{"title":"Chipsi Carefresh Confeti kraikas grau\u017eikams 10L - Zooprekes24","description":"Pagamintas i\u0161 nat\u016brali\u0173 augalini\u0173 pluo\u0161t\u0173. \u0160velnus ir mink\u0161tas, u\u017etikrinantis maksimali\u0105 apsaug\u0105 ir komfort\u0105 grau\u017eikui. Ma\u017ei gabal\u0117liai idealiai tinka kaip med\u017e"},"iawp_total_views":8},"product_brand":[],"product_cat":[9299],"product_tag":[],"class_list":{"0":"post-47075","1":"product","2":"type-product","3":"status-publish","4":"has-post-thumbnail","6":"product_cat-grauzikams","7":"pa_kraiko-rusis-augaliniai-pluostai","8":"pa_prekiu-zenklai-cats-best","10":"first","11":"instock","12":"featured","13":"taxable","14":"shipping-taxable","15":"purchasable","16":"product-type-simple"},"acf":[],"_links":{"self":[{"href":"https:\/\/zooprekes24.lt\/lv\/wp-json\/wp\/v2\/product\/47075","targetHints":{"allow":["GET"]}}],"collection":[{"href":"https:\/\/zooprekes24.lt\/lv\/wp-json\/wp\/v2\/product"}],"about":[{"href":"https:\/\/zooprekes24.lt\/lv\/wp-json\/wp\/v2\/types\/product"}],"replies":[{"embeddable":true,"href":"https:\/\/zooprekes24.lt\/lv\/wp-json\/wp\/v2\/comments?post=47075"}],"wp:featuredmedia":[{"embeddable":true,"href":"https:\/\/zooprekes24.lt\/lv\/wp-json\/wp\/v2\/media\/47076"}],"wp:attachment":[{"href":"https:\/\/zooprekes24.lt\/lv\/wp-json\/wp\/v2\/media?parent=47075"}],"wp:term":[{"taxonomy":"product_brand","embeddable":true,"href":"https:\/\/zooprekes24.lt\/lv\/wp-json\/wp\/v2\/product_brand?post=47075"},{"taxonomy":"product_cat","embeddable":true,"href":"https:\/\/zooprekes24.lt\/lv\/wp-json\/wp\/v2\/product_cat?post=47075"},{"taxonomy":"product_tag","embeddable":true,"href":"https:\/\/zooprekes24.lt\/lv\/wp-json\/wp\/v2\/product_tag?post=47075"}],"curies":[{"name":"wp","href":"https:\/\/api.w.org\/{rel}","templated":true}]}}