{"id":46015,"date":"2026-02-18T12:28:28","date_gmt":"2026-02-18T10:28:28","guid":{"rendered":"https:\/\/zooprekes24.lt\/?post_type=product&#038;p=46015"},"modified":"2026-02-18T14:21:45","modified_gmt":"2026-02-18T12:21:45","slug":"gimdog-kamuolys-sunims-masazuoja-dantenas-iv-dydziu-melynas","status":"publish","type":"product","link":"https:\/\/zooprekes24.lt\/lv\/produktas\/gimdog-kamuolys-sunims-masazuoja-dantenas-iv-dydziu-melynas\/","title":{"rendered":"GimDog kamuolys \u0161unims, masa\u017euoja dantenas, \u012fv. dyd\u017ei\u0173, m\u0117lynas"},"content":{"rendered":"","protected":false},"excerpt":{"rendered":"","protected":false},"featured_media":46018,"comment_status":"closed","ping_status":"closed","template":"","meta":{"_acf_changed":false,"slim_seo":{"title":"GimDog kamuolys \u0161unims, masa\u017euoja dantenas, \u012fv. dyd\u017ei\u0173, m\u0117lynas - Zooprekes24","description":""},"iawp_total_views":5},"product_brand":[],"product_cat":[32,8999,9024],"product_tag":[],"class_list":{"0":"post-46015","1":"product","2":"type-product","3":"status-publish","4":"has-post-thumbnail","6":"product_cat-kitos-sunu-prekes","7":"product_cat-sunims","8":"product_cat-zaislai-sunims","9":"pa_prekiu-zenklai-gimborn","10":"pa_zaislo-tipas-kramtymui","11":"pa_zaislo-tipas-metymui","13":"first","14":"instock","15":"featured","16":"taxable","17":"shipping-taxable","18":"purchasable","19":"product-type-variable"},"acf":[],"_links":{"self":[{"href":"https:\/\/zooprekes24.lt\/lv\/wp-json\/wp\/v2\/product\/46015","targetHints":{"allow":["GET"]}}],"collection":[{"href":"https:\/\/zooprekes24.lt\/lv\/wp-json\/wp\/v2\/product"}],"about":[{"href":"https:\/\/zooprekes24.lt\/lv\/wp-json\/wp\/v2\/types\/product"}],"replies":[{"embeddable":true,"href":"https:\/\/zooprekes24.lt\/lv\/wp-json\/wp\/v2\/comments?post=46015"}],"wp:featuredmedia":[{"embeddable":true,"href":"https:\/\/zooprekes24.lt\/lv\/wp-json\/wp\/v2\/media\/46018"}],"wp:attachment":[{"href":"https:\/\/zooprekes24.lt\/lv\/wp-json\/wp\/v2\/media?parent=46015"}],"wp:term":[{"taxonomy":"product_brand","embeddable":true,"href":"https:\/\/zooprekes24.lt\/lv\/wp-json\/wp\/v2\/product_brand?post=46015"},{"taxonomy":"product_cat","embeddable":true,"href":"https:\/\/zooprekes24.lt\/lv\/wp-json\/wp\/v2\/product_cat?post=46015"},{"taxonomy":"product_tag","embeddable":true,"href":"https:\/\/zooprekes24.lt\/lv\/wp-json\/wp\/v2\/product_tag?post=46015"}],"curies":[{"name":"wp","href":"https:\/\/api.w.org\/{rel}","templated":true}]}}