{"id":45776,"date":"2026-02-13T09:53:19","date_gmt":"2026-02-13T07:53:19","guid":{"rendered":"https:\/\/zooprekes24.lt\/?post_type=product&#038;p=45776"},"modified":"2026-02-18T12:12:24","modified_gmt":"2026-02-18T10:12:24","slug":"gimcat-adult-chicken-cheese-traskus-skanestai-katems-50g","status":"publish","type":"product","link":"https:\/\/zooprekes24.lt\/lv\/produktas\/gimcat-adult-chicken-cheese-traskus-skanestai-katems-50g\/","title":{"rendered":"GimCat Adult Chicken &#038; Cheese tra\u0161k\u016bs skan\u0117stai kat\u0117ms 50 g"},"content":{"rendered":"","protected":false},"excerpt":{"rendered":"","protected":false},"featured_media":45778,"comment_status":"closed","ping_status":"closed","template":"","meta":{"_acf_changed":false,"slim_seo":{"title":"GimCat Adult Chicken & Cheese tra\u0161k\u016bs skan\u0117stai kat\u0117ms 50 g - Zooprekes24","description":""},"iawp_total_views":2},"product_brand":[],"product_cat":[9271,72,83,25,9018],"product_tag":[],"class_list":{"0":"post-45776","1":"product","2":"type-product","3":"status-publish","4":"has-post-thumbnail","6":"product_cat-gimcat-katems","7":"product_cat-kaciu-maistas","8":"product_cat-kaciu-prekiu-gamintojai","9":"product_cat-katems","10":"product_cat-skanestai","11":"pa_pasaro-sudetis-suris","12":"pa_pasaro-sudetis-vistiena","13":"pa_prekiu-zenklai-gimborn","15":"first","16":"instock","17":"featured","18":"taxable","19":"shipping-taxable","20":"purchasable","21":"product-type-simple"},"acf":[],"_links":{"self":[{"href":"https:\/\/zooprekes24.lt\/lv\/wp-json\/wp\/v2\/product\/45776","targetHints":{"allow":["GET"]}}],"collection":[{"href":"https:\/\/zooprekes24.lt\/lv\/wp-json\/wp\/v2\/product"}],"about":[{"href":"https:\/\/zooprekes24.lt\/lv\/wp-json\/wp\/v2\/types\/product"}],"replies":[{"embeddable":true,"href":"https:\/\/zooprekes24.lt\/lv\/wp-json\/wp\/v2\/comments?post=45776"}],"wp:featuredmedia":[{"embeddable":true,"href":"https:\/\/zooprekes24.lt\/lv\/wp-json\/wp\/v2\/media\/45778"}],"wp:attachment":[{"href":"https:\/\/zooprekes24.lt\/lv\/wp-json\/wp\/v2\/media?parent=45776"}],"wp:term":[{"taxonomy":"product_brand","embeddable":true,"href":"https:\/\/zooprekes24.lt\/lv\/wp-json\/wp\/v2\/product_brand?post=45776"},{"taxonomy":"product_cat","embeddable":true,"href":"https:\/\/zooprekes24.lt\/lv\/wp-json\/wp\/v2\/product_cat?post=45776"},{"taxonomy":"product_tag","embeddable":true,"href":"https:\/\/zooprekes24.lt\/lv\/wp-json\/wp\/v2\/product_tag?post=45776"}],"curies":[{"name":"wp","href":"https:\/\/api.w.org\/{rel}","templated":true}]}}