{"id":45735,"date":"2026-02-12T09:38:42","date_gmt":"2026-02-12T07:38:42","guid":{"rendered":"https:\/\/zooprekes24.lt\/?post_type=product&#038;p=45735"},"modified":"2026-02-18T11:05:18","modified_gmt":"2026-02-18T09:05:18","slug":"vitapol-smakers-skanestai-su-vaisiais-pauksciams-skirti-nimfinems-papugelems-90g","status":"publish","type":"product","link":"https:\/\/zooprekes24.lt\/lv\/produktas\/vitapol-smakers-skanestai-su-vaisiais-pauksciams-skirti-nimfinems-papugelems-90g\/","title":{"rendered":"Vitapol Smakers skan\u0117stai su vaisiais pauk\u0161\u010diams, skirti nimfin\u0117ms pap\u016bg\u0117l\u0117ms, 90 g"},"content":{"rendered":"","protected":false},"excerpt":{"rendered":"<p class=\"MsoNoSpacing\">Saus\u0101 bar\u012bba ar vistas ga\u013cu gr\u016bsn\u0101m un lakt\u0113jo\u0161\u0101m kuc\u0113m un kuc\u0113niem.<\/p>","protected":false},"featured_media":45736,"comment_status":"closed","ping_status":"closed","template":"","meta":{"_acf_changed":false,"slim_seo":{"title":"Vitapol Smakers skan\u0117stai su vaisiais pauk\u0161\u010diams, skirti nimfin\u0117ms pap\u016bg\u0117l\u0117ms, 90 g - Zooprekes24","description":"Saus\u0101 bar\u012bba ar vistas ga\u013cu gr\u016bsn\u0101m un lakt\u0113jo\u0161\u0101m kuc\u0113m un kuc\u0113niem."},"iawp_total_views":1},"product_brand":[],"product_cat":[9279],"product_tag":[],"class_list":{"0":"post-45735","1":"product","2":"type-product","3":"status-publish","4":"has-post-thumbnail","6":"product_cat-pauksciams","7":"pa_prekiu-zenklai-vitapol","9":"first","10":"instock","11":"taxable","12":"shipping-taxable","13":"purchasable","14":"product-type-simple"},"acf":[],"_links":{"self":[{"href":"https:\/\/zooprekes24.lt\/lv\/wp-json\/wp\/v2\/product\/45735","targetHints":{"allow":["GET"]}}],"collection":[{"href":"https:\/\/zooprekes24.lt\/lv\/wp-json\/wp\/v2\/product"}],"about":[{"href":"https:\/\/zooprekes24.lt\/lv\/wp-json\/wp\/v2\/types\/product"}],"replies":[{"embeddable":true,"href":"https:\/\/zooprekes24.lt\/lv\/wp-json\/wp\/v2\/comments?post=45735"}],"wp:featuredmedia":[{"embeddable":true,"href":"https:\/\/zooprekes24.lt\/lv\/wp-json\/wp\/v2\/media\/45736"}],"wp:attachment":[{"href":"https:\/\/zooprekes24.lt\/lv\/wp-json\/wp\/v2\/media?parent=45735"}],"wp:term":[{"taxonomy":"product_brand","embeddable":true,"href":"https:\/\/zooprekes24.lt\/lv\/wp-json\/wp\/v2\/product_brand?post=45735"},{"taxonomy":"product_cat","embeddable":true,"href":"https:\/\/zooprekes24.lt\/lv\/wp-json\/wp\/v2\/product_cat?post=45735"},{"taxonomy":"product_tag","embeddable":true,"href":"https:\/\/zooprekes24.lt\/lv\/wp-json\/wp\/v2\/product_tag?post=45735"}],"curies":[{"name":"wp","href":"https:\/\/api.w.org\/{rel}","templated":true}]}}