{"id":45656,"date":"2026-02-11T11:44:23","date_gmt":"2026-02-11T09:44:23","guid":{"rendered":"https:\/\/zooprekes24.lt\/?post_type=product&#038;p=45656"},"modified":"2026-02-11T14:24:09","modified_gmt":"2026-02-11T12:24:09","slug":"vitapol-vita-line-seklu-misinys-serimosi-laikotarpiui-papildomas-pasaras-pauksciams-skirtas-banguotosioms-papugelems-20g","status":"publish","type":"product","link":"https:\/\/zooprekes24.lt\/lv\/produktas\/vitapol-vita-line-seklu-misinys-serimosi-laikotarpiui-papildomas-pasaras-pauksciams-skirtas-banguotosioms-papugelems-20g\/","title":{"rendered":"Vitapol Vita Line s\u0117kl\u0173 mi\u0161inys \u0161\u0117rimosi laikotarpiui, papildomas pa\u0161aras pauk\u0161\u010diams, skirtas banguotosioms pap\u016bg\u0117l\u0117ms, 20 g"},"content":{"rendered":"","protected":false},"excerpt":{"rendered":"<p class=\"MsoNoSpacing\">Saus\u0101 bar\u012bba ar vistas ga\u013cu gr\u016bsn\u0101m un lakt\u0113jo\u0161\u0101m kuc\u0113m un kuc\u0113niem.<\/p>","protected":false},"featured_media":45657,"comment_status":"closed","ping_status":"closed","template":"","meta":{"_acf_changed":false,"slim_seo":{"title":"Vitapol Vita Line s\u0117kl\u0173 mi\u0161inys \u0161\u0117rimosi laikotarpiui, papildomas pa\u0161aras pauk\u0161\u010diams, skirtas banguotosioms pap\u016bg\u0117l\u0117ms, 20 g - Zooprekes24","description":"Saus\u0101 bar\u012bba ar vistas ga\u013cu gr\u016bsn\u0101m un lakt\u0113jo\u0161\u0101m kuc\u0113m un kuc\u0113niem."},"iawp_total_views":4},"product_brand":[],"product_cat":[9279],"product_tag":[],"class_list":{"0":"post-45656","1":"product","2":"type-product","3":"status-publish","4":"has-post-thumbnail","6":"product_cat-pauksciams","7":"pa_prekiu-zenklai-vitapol","9":"first","10":"instock","11":"taxable","12":"shipping-taxable","13":"purchasable","14":"product-type-simple"},"acf":[],"_links":{"self":[{"href":"https:\/\/zooprekes24.lt\/lv\/wp-json\/wp\/v2\/product\/45656","targetHints":{"allow":["GET"]}}],"collection":[{"href":"https:\/\/zooprekes24.lt\/lv\/wp-json\/wp\/v2\/product"}],"about":[{"href":"https:\/\/zooprekes24.lt\/lv\/wp-json\/wp\/v2\/types\/product"}],"replies":[{"embeddable":true,"href":"https:\/\/zooprekes24.lt\/lv\/wp-json\/wp\/v2\/comments?post=45656"}],"wp:featuredmedia":[{"embeddable":true,"href":"https:\/\/zooprekes24.lt\/lv\/wp-json\/wp\/v2\/media\/45657"}],"wp:attachment":[{"href":"https:\/\/zooprekes24.lt\/lv\/wp-json\/wp\/v2\/media?parent=45656"}],"wp:term":[{"taxonomy":"product_brand","embeddable":true,"href":"https:\/\/zooprekes24.lt\/lv\/wp-json\/wp\/v2\/product_brand?post=45656"},{"taxonomy":"product_cat","embeddable":true,"href":"https:\/\/zooprekes24.lt\/lv\/wp-json\/wp\/v2\/product_cat?post=45656"},{"taxonomy":"product_tag","embeddable":true,"href":"https:\/\/zooprekes24.lt\/lv\/wp-json\/wp\/v2\/product_tag?post=45656"}],"curies":[{"name":"wp","href":"https:\/\/api.w.org\/{rel}","templated":true}]}}