{"id":45510,"date":"2026-02-09T19:59:01","date_gmt":"2026-02-09T17:59:01","guid":{"rendered":"https:\/\/zooprekes24.lt\/?post_type=product&#038;p=45510"},"modified":"2026-02-10T17:07:53","modified_gmt":"2026-02-10T15:07:53","slug":"gimdog-space-shuttle-zaislas-sunims-su-vaniles-kvapu-violetinis-su-baltu","status":"publish","type":"product","link":"https:\/\/zooprekes24.lt\/lv\/produktas\/gimdog-space-shuttle-zaislas-sunims-su-vaniles-kvapu-violetinis-su-baltu\/","title":{"rendered":"GimDog Space Shuttle \u017eaislas \u0161unims, su vanil\u0117s kvapu, violetinis su baltu"},"content":{"rendered":"","protected":false},"excerpt":{"rendered":"","protected":false},"featured_media":45511,"comment_status":"closed","ping_status":"closed","template":"","meta":{"_acf_changed":false,"slim_seo":{"title":"GimDog Space Shuttle \u017eaislas \u0161unims, su vanil\u0117s kvapu, violetinis su baltu - Zooprekes24","description":""},"iawp_total_views":2},"product_brand":[],"product_cat":[32,8999,9024],"product_tag":[],"class_list":{"0":"post-45510","1":"product","2":"type-product","3":"status-publish","4":"has-post-thumbnail","6":"product_cat-kitos-sunu-prekes","7":"product_cat-sunims","8":"product_cat-zaislai-sunims","9":"pa_prekiu-zenklai-gimborn","10":"pa_zaislo-tipas-kramtymui","12":"first","13":"instock","14":"featured","15":"taxable","16":"shipping-taxable","17":"purchasable","18":"product-type-simple"},"acf":[],"_links":{"self":[{"href":"https:\/\/zooprekes24.lt\/lv\/wp-json\/wp\/v2\/product\/45510","targetHints":{"allow":["GET"]}}],"collection":[{"href":"https:\/\/zooprekes24.lt\/lv\/wp-json\/wp\/v2\/product"}],"about":[{"href":"https:\/\/zooprekes24.lt\/lv\/wp-json\/wp\/v2\/types\/product"}],"replies":[{"embeddable":true,"href":"https:\/\/zooprekes24.lt\/lv\/wp-json\/wp\/v2\/comments?post=45510"}],"wp:featuredmedia":[{"embeddable":true,"href":"https:\/\/zooprekes24.lt\/lv\/wp-json\/wp\/v2\/media\/45511"}],"wp:attachment":[{"href":"https:\/\/zooprekes24.lt\/lv\/wp-json\/wp\/v2\/media?parent=45510"}],"wp:term":[{"taxonomy":"product_brand","embeddable":true,"href":"https:\/\/zooprekes24.lt\/lv\/wp-json\/wp\/v2\/product_brand?post=45510"},{"taxonomy":"product_cat","embeddable":true,"href":"https:\/\/zooprekes24.lt\/lv\/wp-json\/wp\/v2\/product_cat?post=45510"},{"taxonomy":"product_tag","embeddable":true,"href":"https:\/\/zooprekes24.lt\/lv\/wp-json\/wp\/v2\/product_tag?post=45510"}],"curies":[{"name":"wp","href":"https:\/\/api.w.org\/{rel}","templated":true}]}}