{"id":45485,"date":"2026-02-09T18:52:54","date_gmt":"2026-02-09T16:52:54","guid":{"rendered":"https:\/\/zooprekes24.lt\/?post_type=product&#038;p=45485"},"modified":"2026-02-18T11:41:27","modified_gmt":"2026-02-18T09:41:27","slug":"abakus-naturalios-dziovintos-kiaules-ausys-skanestas-sunims-5vnt","status":"publish","type":"product","link":"https:\/\/zooprekes24.lt\/lv\/produktas\/abakus-naturalios-dziovintos-kiaules-ausys-skanestas-sunims-5vnt\/","title":{"rendered":"Abakus nat\u016bralios d\u017eiovintos kiaul\u0117s ausys, skan\u0117stas \u0161unims, 5 vnt"},"content":{"rendered":"","protected":false},"excerpt":{"rendered":"","protected":false},"featured_media":45488,"comment_status":"closed","ping_status":"closed","template":"","meta":{"_acf_changed":false,"slim_seo":{"title":"Abakus nat\u016bralios d\u017eiovintos kiaul\u0117s ausys, skan\u0117stas \u0161unims, 5 vnt - Zooprekes24","description":""},"iawp_total_views":1},"product_brand":[],"product_cat":[9010,8999,30],"product_tag":[],"class_list":{"0":"post-45485","1":"product","2":"type-product","3":"status-publish","4":"has-post-thumbnail","6":"product_cat-naturalus-skanestai","7":"product_cat-sunims","8":"product_cat-sunu-skanestai","9":"pa_pasaro-sudetis-kiauliena","10":"pa_prekiu-zenklai-abakus","11":"pa_suns-amzius-suaugusiems","12":"pa_veisles-dydis-didelems-veislems","13":"pa_veisles-dydis-vidutinems-veislems","15":"first","16":"instock","17":"featured","18":"taxable","19":"shipping-taxable","20":"purchasable","21":"product-type-simple"},"acf":[],"_links":{"self":[{"href":"https:\/\/zooprekes24.lt\/lv\/wp-json\/wp\/v2\/product\/45485","targetHints":{"allow":["GET"]}}],"collection":[{"href":"https:\/\/zooprekes24.lt\/lv\/wp-json\/wp\/v2\/product"}],"about":[{"href":"https:\/\/zooprekes24.lt\/lv\/wp-json\/wp\/v2\/types\/product"}],"replies":[{"embeddable":true,"href":"https:\/\/zooprekes24.lt\/lv\/wp-json\/wp\/v2\/comments?post=45485"}],"wp:featuredmedia":[{"embeddable":true,"href":"https:\/\/zooprekes24.lt\/lv\/wp-json\/wp\/v2\/media\/45488"}],"wp:attachment":[{"href":"https:\/\/zooprekes24.lt\/lv\/wp-json\/wp\/v2\/media?parent=45485"}],"wp:term":[{"taxonomy":"product_brand","embeddable":true,"href":"https:\/\/zooprekes24.lt\/lv\/wp-json\/wp\/v2\/product_brand?post=45485"},{"taxonomy":"product_cat","embeddable":true,"href":"https:\/\/zooprekes24.lt\/lv\/wp-json\/wp\/v2\/product_cat?post=45485"},{"taxonomy":"product_tag","embeddable":true,"href":"https:\/\/zooprekes24.lt\/lv\/wp-json\/wp\/v2\/product_tag?post=45485"}],"curies":[{"name":"wp","href":"https:\/\/api.w.org\/{rel}","templated":true}]}}