{"id":45410,"date":"2026-02-06T15:51:41","date_gmt":"2026-02-06T13:51:41","guid":{"rendered":"https:\/\/zooprekes24.lt\/?post_type=product&#038;p=45410"},"modified":"2026-02-09T12:03:14","modified_gmt":"2026-02-09T10:03:14","slug":"real-dog-naturalios-dziovintos-jaucio-ausys-skanestas-sunims-2vnt","status":"publish","type":"product","link":"https:\/\/zooprekes24.lt\/lv\/produktas\/real-dog-naturalios-dziovintos-jaucio-ausys-skanestas-sunims-2vnt\/","title":{"rendered":"Real Dog nat\u016bralios d\u017eiovintos jau\u010dio ausys, skan\u0117stas \u0161unims, 2 vnt"},"content":{"rendered":"","protected":false},"excerpt":{"rendered":"","protected":false},"featured_media":45413,"comment_status":"closed","ping_status":"closed","template":"","meta":{"_acf_changed":false,"slim_seo":{"title":"Real Dog nat\u016bralios d\u017eiovintos jau\u010dio ausys, skan\u0117stas \u0161unims, 2 vnt - Zooprekes24","description":""},"iawp_total_views":14},"product_brand":[],"product_cat":[9010,8999,30],"product_tag":[],"class_list":{"0":"post-45410","1":"product","2":"type-product","3":"status-publish","4":"has-post-thumbnail","6":"product_cat-naturalus-skanestai","7":"product_cat-sunims","8":"product_cat-sunu-skanestai","9":"pa_pasaro-sudetis-jautiena","10":"pa_prekiu-zenklai-real-dog","11":"pa_suns-amzius-suaugusiems","12":"pa_veisles-dydis-didelems-veislems","13":"pa_veisles-dydis-vidutinems-veislems","15":"first","16":"instock","17":"featured","18":"taxable","19":"shipping-taxable","20":"purchasable","21":"product-type-simple"},"acf":[],"_links":{"self":[{"href":"https:\/\/zooprekes24.lt\/lv\/wp-json\/wp\/v2\/product\/45410","targetHints":{"allow":["GET"]}}],"collection":[{"href":"https:\/\/zooprekes24.lt\/lv\/wp-json\/wp\/v2\/product"}],"about":[{"href":"https:\/\/zooprekes24.lt\/lv\/wp-json\/wp\/v2\/types\/product"}],"replies":[{"embeddable":true,"href":"https:\/\/zooprekes24.lt\/lv\/wp-json\/wp\/v2\/comments?post=45410"}],"wp:featuredmedia":[{"embeddable":true,"href":"https:\/\/zooprekes24.lt\/lv\/wp-json\/wp\/v2\/media\/45413"}],"wp:attachment":[{"href":"https:\/\/zooprekes24.lt\/lv\/wp-json\/wp\/v2\/media?parent=45410"}],"wp:term":[{"taxonomy":"product_brand","embeddable":true,"href":"https:\/\/zooprekes24.lt\/lv\/wp-json\/wp\/v2\/product_brand?post=45410"},{"taxonomy":"product_cat","embeddable":true,"href":"https:\/\/zooprekes24.lt\/lv\/wp-json\/wp\/v2\/product_cat?post=45410"},{"taxonomy":"product_tag","embeddable":true,"href":"https:\/\/zooprekes24.lt\/lv\/wp-json\/wp\/v2\/product_tag?post=45410"}],"curies":[{"name":"wp","href":"https:\/\/api.w.org\/{rel}","templated":true}]}}