{"id":45363,"date":"2026-02-05T11:01:02","date_gmt":"2026-02-05T09:01:02","guid":{"rendered":"https:\/\/zooprekes24.lt\/?post_type=product&#038;p=45363"},"modified":"2026-02-06T17:43:50","modified_gmt":"2026-02-06T15:43:50","slug":"abakus-naturalus-dziovinti-vistu-sparneliai-skanestas-sunims-100g","status":"publish","type":"product","link":"https:\/\/zooprekes24.lt\/lv\/produktas\/abakus-naturalus-dziovinti-vistu-sparneliai-skanestas-sunims-100g\/","title":{"rendered":"Abakus nat\u016bral\u016bs d\u017eiovinti vi\u0161t\u0173 sparneliai, skan\u0117stas \u0161unims, 100 g"},"content":{"rendered":"","protected":false},"excerpt":{"rendered":"","protected":false},"featured_media":45364,"comment_status":"closed","ping_status":"closed","template":"","meta":{"_acf_changed":false,"slim_seo":{"title":"Abakus nat\u016bral\u016bs d\u017eiovinti vi\u0161t\u0173 sparneliai, skan\u0117stas \u0161unims, 100 g - Zooprekes24","description":""},"iawp_total_views":6},"product_brand":[],"product_cat":[9010,8999,30],"product_tag":[],"class_list":{"0":"post-45363","1":"product","2":"type-product","3":"status-publish","4":"has-post-thumbnail","6":"product_cat-naturalus-skanestai","7":"product_cat-sunims","8":"product_cat-sunu-skanestai","9":"pa_pasaro-sudetis-vistiena","10":"pa_prekiu-zenklai-abakus","11":"pa_suns-amzius-suaugusiems","12":"pa_veisles-dydis-didelems-veislems","13":"pa_veisles-dydis-mazoms-veislems","14":"pa_veisles-dydis-vidutinems-veislems","15":"pa_veisles-dydis-visu-dydziu-veislems","17":"first","18":"instock","19":"featured","20":"taxable","21":"shipping-taxable","22":"purchasable","23":"product-type-simple"},"acf":[],"_links":{"self":[{"href":"https:\/\/zooprekes24.lt\/lv\/wp-json\/wp\/v2\/product\/45363","targetHints":{"allow":["GET"]}}],"collection":[{"href":"https:\/\/zooprekes24.lt\/lv\/wp-json\/wp\/v2\/product"}],"about":[{"href":"https:\/\/zooprekes24.lt\/lv\/wp-json\/wp\/v2\/types\/product"}],"replies":[{"embeddable":true,"href":"https:\/\/zooprekes24.lt\/lv\/wp-json\/wp\/v2\/comments?post=45363"}],"wp:featuredmedia":[{"embeddable":true,"href":"https:\/\/zooprekes24.lt\/lv\/wp-json\/wp\/v2\/media\/45364"}],"wp:attachment":[{"href":"https:\/\/zooprekes24.lt\/lv\/wp-json\/wp\/v2\/media?parent=45363"}],"wp:term":[{"taxonomy":"product_brand","embeddable":true,"href":"https:\/\/zooprekes24.lt\/lv\/wp-json\/wp\/v2\/product_brand?post=45363"},{"taxonomy":"product_cat","embeddable":true,"href":"https:\/\/zooprekes24.lt\/lv\/wp-json\/wp\/v2\/product_cat?post=45363"},{"taxonomy":"product_tag","embeddable":true,"href":"https:\/\/zooprekes24.lt\/lv\/wp-json\/wp\/v2\/product_tag?post=45363"}],"curies":[{"name":"wp","href":"https:\/\/api.w.org\/{rel}","templated":true}]}}