{"id":45342,"date":"2026-02-05T09:52:56","date_gmt":"2026-02-05T07:52:56","guid":{"rendered":"https:\/\/zooprekes24.lt\/?post_type=product&#038;p=45342"},"modified":"2026-02-06T16:01:12","modified_gmt":"2026-02-06T14:01:12","slug":"gimdog-ovalus-dvipusis-sepetys-sunims-su-metaliniais-dantukais-ir-nailoniniais-sereliais","status":"publish","type":"product","link":"https:\/\/zooprekes24.lt\/lv\/produktas\/gimdog-ovalus-dvipusis-sepetys-sunims-su-metaliniais-dantukais-ir-nailoniniais-sereliais\/","title":{"rendered":"GimDog ovalus dvipusis \u0161epetys \u0161unims, su metaliniais dantukais ir nailoniniais \u0161ereliais"},"content":{"rendered":"","protected":false},"excerpt":{"rendered":"","protected":false},"featured_media":45344,"comment_status":"closed","ping_status":"closed","template":"","meta":{"_acf_changed":false,"slim_seo":{"title":"GimDog ovalus dvipusis \u0161epetys \u0161unims, su metaliniais dantukais ir nailoniniais \u0161ereliais - Zooprekes24","description":""},"iawp_total_views":8},"product_brand":[],"product_cat":[32,9026,8999],"product_tag":[],"class_list":{"0":"post-45342","1":"product","2":"type-product","3":"status-publish","4":"has-post-thumbnail","6":"product_cat-kitos-sunu-prekes","7":"product_cat-prieziuros-priemones-sunims","8":"product_cat-sunims","9":"pa_prekiu-zenklai-gimborn","11":"first","12":"instock","13":"featured","14":"taxable","15":"shipping-taxable","16":"purchasable","17":"product-type-simple"},"acf":[],"_links":{"self":[{"href":"https:\/\/zooprekes24.lt\/lv\/wp-json\/wp\/v2\/product\/45342","targetHints":{"allow":["GET"]}}],"collection":[{"href":"https:\/\/zooprekes24.lt\/lv\/wp-json\/wp\/v2\/product"}],"about":[{"href":"https:\/\/zooprekes24.lt\/lv\/wp-json\/wp\/v2\/types\/product"}],"replies":[{"embeddable":true,"href":"https:\/\/zooprekes24.lt\/lv\/wp-json\/wp\/v2\/comments?post=45342"}],"wp:featuredmedia":[{"embeddable":true,"href":"https:\/\/zooprekes24.lt\/lv\/wp-json\/wp\/v2\/media\/45344"}],"wp:attachment":[{"href":"https:\/\/zooprekes24.lt\/lv\/wp-json\/wp\/v2\/media?parent=45342"}],"wp:term":[{"taxonomy":"product_brand","embeddable":true,"href":"https:\/\/zooprekes24.lt\/lv\/wp-json\/wp\/v2\/product_brand?post=45342"},{"taxonomy":"product_cat","embeddable":true,"href":"https:\/\/zooprekes24.lt\/lv\/wp-json\/wp\/v2\/product_cat?post=45342"},{"taxonomy":"product_tag","embeddable":true,"href":"https:\/\/zooprekes24.lt\/lv\/wp-json\/wp\/v2\/product_tag?post=45342"}],"curies":[{"name":"wp","href":"https:\/\/api.w.org\/{rel}","templated":true}]}}