{"id":45230,"date":"2026-02-03T10:13:15","date_gmt":"2026-02-03T08:13:15","guid":{"rendered":"https:\/\/zooprekes24.lt\/?post_type=product&#038;p=45230"},"modified":"2026-02-04T10:49:07","modified_gmt":"2026-02-04T08:49:07","slug":"gimcat-adult-skin-coat-tabs-skanestai-katems-sveikai-odai-ir-blizganciam-kailiui-40g","status":"publish","type":"product","link":"https:\/\/zooprekes24.lt\/lv\/produktas\/gimcat-adult-skin-coat-tabs-skanestai-katems-sveikai-odai-ir-blizganciam-kailiui-40g\/","title":{"rendered":"GimCat Adult Skin &#038; Coat Tabs skan\u0117stai kat\u0117ms, sveikai odai ir blizgan\u010diam kailiui, 40 g"},"content":{"rendered":"","protected":false},"excerpt":{"rendered":"","protected":false},"featured_media":45231,"comment_status":"closed","ping_status":"closed","template":"","meta":{"_acf_changed":false,"slim_seo":{"title":"GimCat Adult Skin & Coat Tabs skan\u0117stai kat\u0117ms, sveikai odai ir blizgan\u010diam kailiui, 40 g - Zooprekes24","description":""},"iawp_total_views":7},"product_brand":[],"product_cat":[9271,72,83,25,9018],"product_tag":[],"class_list":{"0":"post-45230","1":"product","2":"type-product","3":"status-publish","4":"has-post-thumbnail","6":"product_cat-gimcat-katems","7":"product_cat-kaciu-maistas","8":"product_cat-kaciu-prekiu-gamintojai","9":"product_cat-katems","10":"product_cat-skanestai","11":"pa_prekiu-zenklai-gimborn","13":"first","14":"instock","15":"featured","16":"taxable","17":"shipping-taxable","18":"purchasable","19":"product-type-simple"},"acf":[],"_links":{"self":[{"href":"https:\/\/zooprekes24.lt\/lv\/wp-json\/wp\/v2\/product\/45230","targetHints":{"allow":["GET"]}}],"collection":[{"href":"https:\/\/zooprekes24.lt\/lv\/wp-json\/wp\/v2\/product"}],"about":[{"href":"https:\/\/zooprekes24.lt\/lv\/wp-json\/wp\/v2\/types\/product"}],"replies":[{"embeddable":true,"href":"https:\/\/zooprekes24.lt\/lv\/wp-json\/wp\/v2\/comments?post=45230"}],"wp:featuredmedia":[{"embeddable":true,"href":"https:\/\/zooprekes24.lt\/lv\/wp-json\/wp\/v2\/media\/45231"}],"wp:attachment":[{"href":"https:\/\/zooprekes24.lt\/lv\/wp-json\/wp\/v2\/media?parent=45230"}],"wp:term":[{"taxonomy":"product_brand","embeddable":true,"href":"https:\/\/zooprekes24.lt\/lv\/wp-json\/wp\/v2\/product_brand?post=45230"},{"taxonomy":"product_cat","embeddable":true,"href":"https:\/\/zooprekes24.lt\/lv\/wp-json\/wp\/v2\/product_cat?post=45230"},{"taxonomy":"product_tag","embeddable":true,"href":"https:\/\/zooprekes24.lt\/lv\/wp-json\/wp\/v2\/product_tag?post=45230"}],"curies":[{"name":"wp","href":"https:\/\/api.w.org\/{rel}","templated":true}]}}