{"id":45228,"date":"2026-02-03T10:06:19","date_gmt":"2026-02-03T08:06:19","guid":{"rendered":"https:\/\/zooprekes24.lt\/?post_type=product&#038;p=45228"},"modified":"2026-02-04T10:49:42","modified_gmt":"2026-02-04T08:49:42","slug":"gimcat-adult-multivitamin-tabs-skanestai-katems-stiprina-imunine-sistema-regejima-ir-sirdies-funkcija-40g","status":"publish","type":"product","link":"https:\/\/zooprekes24.lt\/lv\/produktas\/gimcat-adult-multivitamin-tabs-skanestai-katems-stiprina-imunine-sistema-regejima-ir-sirdies-funkcija-40g\/","title":{"rendered":"GimCat Adult Multivitamin Tabs skan\u0117stai kat\u0117ms, stiprina imunin\u0119 sistem\u0105, reg\u0117jim\u0105 ir \u0161irdies funkcij\u0105, 40 g"},"content":{"rendered":"","protected":false},"excerpt":{"rendered":"","protected":false},"featured_media":45229,"comment_status":"closed","ping_status":"closed","template":"","meta":{"_acf_changed":false,"slim_seo":{"title":"GimCat Adult Multivitamin Tabs skan\u0117stai kat\u0117ms, stiprina imunin\u0119 sistem\u0105, reg\u0117jim\u0105 ir \u0161irdies funkcij\u0105, 40 g - Zooprekes24","description":""},"iawp_total_views":5},"product_brand":[],"product_cat":[9271,72,83,25,9018],"product_tag":[],"class_list":{"0":"post-45228","1":"product","2":"type-product","3":"status-publish","4":"has-post-thumbnail","6":"product_cat-gimcat-katems","7":"product_cat-kaciu-maistas","8":"product_cat-kaciu-prekiu-gamintojai","9":"product_cat-katems","10":"product_cat-skanestai","11":"pa_prekiu-zenklai-gimborn","13":"first","14":"instock","15":"featured","16":"taxable","17":"shipping-taxable","18":"purchasable","19":"product-type-simple"},"acf":[],"_links":{"self":[{"href":"https:\/\/zooprekes24.lt\/lv\/wp-json\/wp\/v2\/product\/45228","targetHints":{"allow":["GET"]}}],"collection":[{"href":"https:\/\/zooprekes24.lt\/lv\/wp-json\/wp\/v2\/product"}],"about":[{"href":"https:\/\/zooprekes24.lt\/lv\/wp-json\/wp\/v2\/types\/product"}],"replies":[{"embeddable":true,"href":"https:\/\/zooprekes24.lt\/lv\/wp-json\/wp\/v2\/comments?post=45228"}],"wp:featuredmedia":[{"embeddable":true,"href":"https:\/\/zooprekes24.lt\/lv\/wp-json\/wp\/v2\/media\/45229"}],"wp:attachment":[{"href":"https:\/\/zooprekes24.lt\/lv\/wp-json\/wp\/v2\/media?parent=45228"}],"wp:term":[{"taxonomy":"product_brand","embeddable":true,"href":"https:\/\/zooprekes24.lt\/lv\/wp-json\/wp\/v2\/product_brand?post=45228"},{"taxonomy":"product_cat","embeddable":true,"href":"https:\/\/zooprekes24.lt\/lv\/wp-json\/wp\/v2\/product_cat?post=45228"},{"taxonomy":"product_tag","embeddable":true,"href":"https:\/\/zooprekes24.lt\/lv\/wp-json\/wp\/v2\/product_tag?post=45228"}],"curies":[{"name":"wp","href":"https:\/\/api.w.org\/{rel}","templated":true}]}}