{"id":45216,"date":"2026-02-03T09:18:10","date_gmt":"2026-02-03T07:18:10","guid":{"rendered":"https:\/\/zooprekes24.lt\/?post_type=product&#038;p=45216"},"modified":"2026-02-13T16:14:18","modified_gmt":"2026-02-13T14:14:18","slug":"gimcat-adult-gras-bits-skanestai-katems-su-naturalia-zole","status":"publish","type":"product","link":"https:\/\/zooprekes24.lt\/lv\/produktas\/gimcat-adult-gras-bits-skanestai-katems-su-naturalia-zole\/","title":{"rendered":"GimCat Adult Gras Bits skan\u0117stai kat\u0117ms, su nat\u016bralia \u017eole"},"content":{"rendered":"","protected":false},"excerpt":{"rendered":"","protected":false},"featured_media":45217,"comment_status":"closed","ping_status":"closed","template":"","meta":{"_acf_changed":false,"slim_seo":{"title":"GimCat Adult Gras Bits skan\u0117stai kat\u0117ms, su nat\u016bralia \u017eole - Zooprekes24","description":""},"iawp_total_views":16},"product_brand":[],"product_cat":[9271,72,83,25,9018],"product_tag":[],"class_list":{"0":"post-45216","1":"product","2":"type-product","3":"status-publish","4":"has-post-thumbnail","6":"product_cat-gimcat-katems","7":"product_cat-kaciu-maistas","8":"product_cat-kaciu-prekiu-gamintojai","9":"product_cat-katems","10":"product_cat-skanestai","11":"pa_prekiu-zenklai-gimborn","13":"first","14":"instock","15":"featured","16":"taxable","17":"shipping-taxable","18":"purchasable","19":"product-type-variable"},"acf":[],"_links":{"self":[{"href":"https:\/\/zooprekes24.lt\/lv\/wp-json\/wp\/v2\/product\/45216","targetHints":{"allow":["GET"]}}],"collection":[{"href":"https:\/\/zooprekes24.lt\/lv\/wp-json\/wp\/v2\/product"}],"about":[{"href":"https:\/\/zooprekes24.lt\/lv\/wp-json\/wp\/v2\/types\/product"}],"replies":[{"embeddable":true,"href":"https:\/\/zooprekes24.lt\/lv\/wp-json\/wp\/v2\/comments?post=45216"}],"wp:featuredmedia":[{"embeddable":true,"href":"https:\/\/zooprekes24.lt\/lv\/wp-json\/wp\/v2\/media\/45217"}],"wp:attachment":[{"href":"https:\/\/zooprekes24.lt\/lv\/wp-json\/wp\/v2\/media?parent=45216"}],"wp:term":[{"taxonomy":"product_brand","embeddable":true,"href":"https:\/\/zooprekes24.lt\/lv\/wp-json\/wp\/v2\/product_brand?post=45216"},{"taxonomy":"product_cat","embeddable":true,"href":"https:\/\/zooprekes24.lt\/lv\/wp-json\/wp\/v2\/product_cat?post=45216"},{"taxonomy":"product_tag","embeddable":true,"href":"https:\/\/zooprekes24.lt\/lv\/wp-json\/wp\/v2\/product_tag?post=45216"}],"curies":[{"name":"wp","href":"https:\/\/api.w.org\/{rel}","templated":true}]}}