{"id":45147,"date":"2026-02-02T10:09:04","date_gmt":"2026-02-02T08:09:04","guid":{"rendered":"https:\/\/zooprekes24.lt\/?post_type=product&#038;p=45147"},"modified":"2026-02-03T09:45:13","modified_gmt":"2026-02-03T07:45:13","slug":"gimcat-multivitamin-pasta-katems-palaiko-optimalu-vitaminu-balansa","status":"publish","type":"product","link":"https:\/\/zooprekes24.lt\/lv\/produktas\/gimcat-multivitamin-pasta-katems-palaiko-optimalu-vitaminu-balansa\/","title":{"rendered":"GimCat Multivitamin pasta kat\u0117ms, palaiko optimal\u0173 vitamin\u0173 balans\u0105"},"content":{"rendered":"<ul>\n<li>Vitaminas E yra vertingas antioksidantas, kuris gali pad\u0117ti i\u0161vengti l\u0105steli\u0173 pa\u017eeidimo neutralizuodamas laisvuosius radikalus. Taip pat gali pad\u0117ti sul\u0117tinti sen\u0117jimo proces\u0105 ir u\u017ekirsti keli\u0105 infekcijoms, aki\u0173 ir nerv\u0173 pa\u017eeidimams.<\/li>\n<li>Taurinas yra nepakei\u010diama aminor\u016bg\u0161tis, b\u016btina kat\u0117ms. J\u0173 organizmas pats negamina pakankamo kiekio taurino, tod\u0117l j\u012f reikia \u012ftraukti \u012f maisto produktus. Taurinas yra ypa\u010d svarbus reg\u0117jimui ir \u0161irdies veiklai palaikyti.<\/li>\n<li>Biotinas reikalingas, kad kat\u0117s kailis i\u0161likt\u0173 blizgus.<\/li>\n<\/ul>","protected":false},"excerpt":{"rendered":"<p>Vitaminas E yra vertingas antioksidantas, kuris gali pad\u0117ti i\u0161vengti l\u0105steli\u0173 pa\u017eeidimo neutralizuodamas laisvuosius radikalus. Taip pat gali pad\u0117ti sul\u0117tinti sen\u0117jimo proces\u0105 ir u\u017ekirsti keli\u0105 infekcijoms, aki\u0173 ir nerv\u0173 pa\u017eeidimams. Taurinas yra nepakei\u010diama aminor\u016bg\u0161tis, b\u016btina kat\u0117ms. J\u0173 organizmas pats negamina pakankamo kiekio taurino, tod\u0117l j\u012f reikia \u012ftraukti \u012f maisto produktus. Taurinas yra ypa\u010d svarbus reg\u0117jimui ir&#8230;<\/p>","protected":false},"featured_media":45151,"comment_status":"closed","ping_status":"closed","template":"","meta":{"_acf_changed":false,"slim_seo":{"title":"GimCat Multivitamin pasta kat\u0117ms, palaiko optimal\u0173 vitamin\u0173 balans\u0105 - Zooprekes24","description":"Vitaminas E yra vertingas antioksidantas, kuris gali pad\u0117ti i\u0161vengti l\u0105steli\u0173 pa\u017eeidimo neutralizuodamas laisvuosius radikalus. Taip pat gali pad\u0117ti sul\u0117tinti s"},"iawp_total_views":22},"product_brand":[],"product_cat":[9271,83,25,104,9017],"product_tag":[],"class_list":{"0":"post-45147","1":"product","2":"type-product","3":"status-publish","4":"has-post-thumbnail","6":"product_cat-gimcat-katems","7":"product_cat-kaciu-prekiu-gamintojai","8":"product_cat-katems","9":"product_cat-kitos-kaciu-prekes","10":"product_cat-vitaminai-ir-papildai-katems","11":"pa_prekiu-zenklai-gimborn","13":"first","14":"instock","15":"featured","16":"taxable","17":"shipping-taxable","18":"purchasable","19":"product-type-variable"},"acf":[],"_links":{"self":[{"href":"https:\/\/zooprekes24.lt\/lv\/wp-json\/wp\/v2\/product\/45147","targetHints":{"allow":["GET"]}}],"collection":[{"href":"https:\/\/zooprekes24.lt\/lv\/wp-json\/wp\/v2\/product"}],"about":[{"href":"https:\/\/zooprekes24.lt\/lv\/wp-json\/wp\/v2\/types\/product"}],"replies":[{"embeddable":true,"href":"https:\/\/zooprekes24.lt\/lv\/wp-json\/wp\/v2\/comments?post=45147"}],"wp:featuredmedia":[{"embeddable":true,"href":"https:\/\/zooprekes24.lt\/lv\/wp-json\/wp\/v2\/media\/45151"}],"wp:attachment":[{"href":"https:\/\/zooprekes24.lt\/lv\/wp-json\/wp\/v2\/media?parent=45147"}],"wp:term":[{"taxonomy":"product_brand","embeddable":true,"href":"https:\/\/zooprekes24.lt\/lv\/wp-json\/wp\/v2\/product_brand?post=45147"},{"taxonomy":"product_cat","embeddable":true,"href":"https:\/\/zooprekes24.lt\/lv\/wp-json\/wp\/v2\/product_cat?post=45147"},{"taxonomy":"product_tag","embeddable":true,"href":"https:\/\/zooprekes24.lt\/lv\/wp-json\/wp\/v2\/product_tag?post=45147"}],"curies":[{"name":"wp","href":"https:\/\/api.w.org\/{rel}","templated":true}]}}