{"id":45141,"date":"2026-02-02T09:47:53","date_gmt":"2026-02-02T07:47:53","guid":{"rendered":"https:\/\/zooprekes24.lt\/?post_type=product&#038;p=45141"},"modified":"2026-02-02T13:54:20","modified_gmt":"2026-02-02T11:54:20","slug":"gimcat-malt-soft-extra-pasta-katems-skatina-plauku-kamuoliuku-pasisalinima","status":"publish","type":"product","link":"https:\/\/zooprekes24.lt\/lv\/produktas\/gimcat-malt-soft-extra-pasta-katems-skatina-plauku-kamuoliuku-pasisalinima\/","title":{"rendered":"GimCat Malt Soft Extra pasta kat\u0117ms, skatina plauk\u0173 kamuoliuk\u0173 pasi\u0161alinim\u0105"},"content":{"rendered":"<ul>\n<li>Salyklo, s\u0117men\u0173 aliejaus, celiulioz\u0117s ir beta-gliukano derinys padeda nat\u016braliai nuryti plaukus.<\/li>\n<li>Suma\u017eina plauk\u0173 kamuoliuk\u0173 kaupim\u0105si skrandyje ir poreik\u012f vemti.<\/li>\n<li>Beta-gliukanas padeda i\u0161vengti vir\u0161kinimo trakto dirginimo.<\/li>\n<\/ul>","protected":false},"excerpt":{"rendered":"<p>Salyklo, s\u0117men\u0173 aliejaus, celiulioz\u0117s ir beta-gliukano derinys padeda nat\u016braliai nuryti plaukus. Suma\u017eina plauk\u0173 kamuoliuk\u0173 kaupim\u0105si skrandyje ir poreik\u012f vemti. Beta-gliukanas padeda i\u0161vengti vir\u0161kinimo trakto dirginimo.<\/p>","protected":false},"featured_media":45146,"comment_status":"closed","ping_status":"closed","template":"","meta":{"_acf_changed":false,"slim_seo":{"title":"GimCat Malt Soft Extra pasta kat\u0117ms, skatina plauk\u0173 kamuoliuk\u0173 pasi\u0161alinim\u0105 - Zooprekes24","description":"Salyklo, s\u0117men\u0173 aliejaus, celiulioz\u0117s ir beta-gliukano derinys padeda nat\u016braliai nuryti plaukus. Suma\u017eina plauk\u0173 kamuoliuk\u0173 kaupim\u0105si skrandyje ir poreik\u012f vemti"},"iawp_total_views":23},"product_brand":[],"product_cat":[9271,83,25,104,9017],"product_tag":[],"class_list":{"0":"post-45141","1":"product","2":"type-product","3":"status-publish","4":"has-post-thumbnail","6":"product_cat-gimcat-katems","7":"product_cat-kaciu-prekiu-gamintojai","8":"product_cat-katems","9":"product_cat-kitos-kaciu-prekes","10":"product_cat-vitaminai-ir-papildai-katems","11":"pa_prekiu-zenklai-gimborn","13":"first","14":"instock","15":"featured","16":"taxable","17":"shipping-taxable","18":"purchasable","19":"product-type-variable"},"acf":[],"_links":{"self":[{"href":"https:\/\/zooprekes24.lt\/lv\/wp-json\/wp\/v2\/product\/45141","targetHints":{"allow":["GET"]}}],"collection":[{"href":"https:\/\/zooprekes24.lt\/lv\/wp-json\/wp\/v2\/product"}],"about":[{"href":"https:\/\/zooprekes24.lt\/lv\/wp-json\/wp\/v2\/types\/product"}],"replies":[{"embeddable":true,"href":"https:\/\/zooprekes24.lt\/lv\/wp-json\/wp\/v2\/comments?post=45141"}],"wp:featuredmedia":[{"embeddable":true,"href":"https:\/\/zooprekes24.lt\/lv\/wp-json\/wp\/v2\/media\/45146"}],"wp:attachment":[{"href":"https:\/\/zooprekes24.lt\/lv\/wp-json\/wp\/v2\/media?parent=45141"}],"wp:term":[{"taxonomy":"product_brand","embeddable":true,"href":"https:\/\/zooprekes24.lt\/lv\/wp-json\/wp\/v2\/product_brand?post=45141"},{"taxonomy":"product_cat","embeddable":true,"href":"https:\/\/zooprekes24.lt\/lv\/wp-json\/wp\/v2\/product_cat?post=45141"},{"taxonomy":"product_tag","embeddable":true,"href":"https:\/\/zooprekes24.lt\/lv\/wp-json\/wp\/v2\/product_tag?post=45141"}],"curies":[{"name":"wp","href":"https:\/\/api.w.org\/{rel}","templated":true}]}}