{"id":45024,"date":"2026-01-30T12:03:15","date_gmt":"2026-01-30T10:03:15","guid":{"rendered":"https:\/\/zooprekes24.lt\/?post_type=product&#038;p=45024"},"modified":"2026-02-04T10:54:15","modified_gmt":"2026-02-04T08:54:15","slug":"biocos-naturalus-demiu-ir-kvapu-valiklis-neutralizatorius-250ml","status":"publish","type":"product","link":"https:\/\/zooprekes24.lt\/lv\/produktas\/biocos-naturalus-demiu-ir-kvapu-valiklis-neutralizatorius-250ml\/","title":{"rendered":"Biocos nat\u016bralus d\u0117mi\u0173 ir kvap\u0173 valiklis-neutralizatorius, 250 ml"},"content":{"rendered":"<ul>\n<li>Malonaus kvapo citrin\u017eoli\u0173 eterinis aliejus itin tinka patalp\u0173 ir daikt\u0173 aromatizavimui, pa\u0161alina nemalonius kvapus.<\/li>\n<li>Arbatmed\u017eio eterinis aliejus dezinfekuoja ir i\u0161valo patalp\u0173 or\u0105 nuo mikrob\u0173. Aktyviai veikia visas tris mikrob\u0173 grupes: bakterijas, virusus ir grybelius.<\/li>\n<\/ul>","protected":false},"excerpt":{"rendered":"<p>Malonaus kvapo citrin\u017eoli\u0173 eterinis aliejus itin tinka patalp\u0173 ir daikt\u0173 aromatizavimui, pa\u0161alina nemalonius kvapus. Arbatmed\u017eio eterinis aliejus dezinfekuoja ir i\u0161valo patalp\u0173 or\u0105 nuo mikrob\u0173. Aktyviai veikia visas tris mikrob\u0173 grupes: bakterijas, virusus ir grybelius.<\/p>","protected":false},"featured_media":45025,"comment_status":"closed","ping_status":"closed","template":"","meta":{"_acf_changed":false,"slim_seo":{"title":"Biocos nat\u016bralus d\u0117mi\u0173 ir kvap\u0173 valiklis-neutralizatorius, 250 ml - Zooprekes24","description":"Malonaus kvapo citrin\u017eoli\u0173 eterinis aliejus itin tinka patalp\u0173 ir daikt\u0173 aromatizavimui, pa\u0161alina nemalonius kvapus. Arbatmed\u017eio eterinis aliejus dezinfekuoja i"},"iawp_total_views":5},"product_brand":[],"product_cat":[9235,78,9005,25,32,9279,8999],"product_tag":[],"class_list":{"0":"post-45024","1":"product","2":"type-product","3":"status-publish","4":"has-post-thumbnail","6":"product_cat-demiu-ir-kvapu-salinimo-priemones","7":"product_cat-higiena-ir-prieziura-katems","8":"product_cat-higienos-ir-valymo-priemones","9":"product_cat-katems","10":"product_cat-kitos-sunu-prekes","11":"product_cat-pauksciams","12":"product_cat-sunims","13":"pa_prekiu-zenklai-biocos","15":"first","16":"instock","17":"featured","18":"taxable","19":"shipping-taxable","20":"purchasable","21":"product-type-simple"},"acf":[],"_links":{"self":[{"href":"https:\/\/zooprekes24.lt\/lv\/wp-json\/wp\/v2\/product\/45024","targetHints":{"allow":["GET"]}}],"collection":[{"href":"https:\/\/zooprekes24.lt\/lv\/wp-json\/wp\/v2\/product"}],"about":[{"href":"https:\/\/zooprekes24.lt\/lv\/wp-json\/wp\/v2\/types\/product"}],"replies":[{"embeddable":true,"href":"https:\/\/zooprekes24.lt\/lv\/wp-json\/wp\/v2\/comments?post=45024"}],"wp:featuredmedia":[{"embeddable":true,"href":"https:\/\/zooprekes24.lt\/lv\/wp-json\/wp\/v2\/media\/45025"}],"wp:attachment":[{"href":"https:\/\/zooprekes24.lt\/lv\/wp-json\/wp\/v2\/media?parent=45024"}],"wp:term":[{"taxonomy":"product_brand","embeddable":true,"href":"https:\/\/zooprekes24.lt\/lv\/wp-json\/wp\/v2\/product_brand?post=45024"},{"taxonomy":"product_cat","embeddable":true,"href":"https:\/\/zooprekes24.lt\/lv\/wp-json\/wp\/v2\/product_cat?post=45024"},{"taxonomy":"product_tag","embeddable":true,"href":"https:\/\/zooprekes24.lt\/lv\/wp-json\/wp\/v2\/product_tag?post=45024"}],"curies":[{"name":"wp","href":"https:\/\/api.w.org\/{rel}","templated":true}]}}