{"id":45022,"date":"2026-01-30T11:51:54","date_gmt":"2026-01-30T09:51:54","guid":{"rendered":"https:\/\/zooprekes24.lt\/?post_type=product&#038;p=45022"},"modified":"2026-02-04T10:54:43","modified_gmt":"2026-02-04T08:54:43","slug":"biocos-anti-stress-nerima-mazinantis-aromaterapinis-purskalas-sunims-100ml","status":"publish","type":"product","link":"https:\/\/zooprekes24.lt\/lv\/produktas\/biocos-anti-stress-nerima-mazinantis-aromaterapinis-purskalas-sunims-100ml\/","title":{"rendered":"Biocos Anti-stress nerim\u0105 ma\u017einantis aromaterapinis pur\u0161kalas \u0161unims, 100 ml"},"content":{"rendered":"","protected":false},"excerpt":{"rendered":"","protected":false},"featured_media":45023,"comment_status":"closed","ping_status":"closed","template":"","meta":{"_acf_changed":false,"slim_seo":{"title":"Biocos Anti-stress nerim\u0105 ma\u017einantis aromaterapinis pur\u0161kalas \u0161unims, 100 ml - Zooprekes24","description":""},"iawp_total_views":18},"product_brand":[],"product_cat":[9221,32,9026,8999],"product_tag":[],"class_list":{"0":"post-45022","1":"product","2":"type-product","3":"status-publish","4":"has-post-thumbnail","6":"product_cat-kelioniu-ir-isvyku-prekes-sunims","7":"product_cat-kitos-sunu-prekes","8":"product_cat-prieziuros-priemones-sunims","9":"product_cat-sunims","10":"pa_prekiu-zenklai-biocos","12":"first","13":"instock","14":"featured","15":"taxable","16":"shipping-taxable","17":"purchasable","18":"product-type-simple"},"acf":[],"_links":{"self":[{"href":"https:\/\/zooprekes24.lt\/lv\/wp-json\/wp\/v2\/product\/45022","targetHints":{"allow":["GET"]}}],"collection":[{"href":"https:\/\/zooprekes24.lt\/lv\/wp-json\/wp\/v2\/product"}],"about":[{"href":"https:\/\/zooprekes24.lt\/lv\/wp-json\/wp\/v2\/types\/product"}],"replies":[{"embeddable":true,"href":"https:\/\/zooprekes24.lt\/lv\/wp-json\/wp\/v2\/comments?post=45022"}],"wp:featuredmedia":[{"embeddable":true,"href":"https:\/\/zooprekes24.lt\/lv\/wp-json\/wp\/v2\/media\/45023"}],"wp:attachment":[{"href":"https:\/\/zooprekes24.lt\/lv\/wp-json\/wp\/v2\/media?parent=45022"}],"wp:term":[{"taxonomy":"product_brand","embeddable":true,"href":"https:\/\/zooprekes24.lt\/lv\/wp-json\/wp\/v2\/product_brand?post=45022"},{"taxonomy":"product_cat","embeddable":true,"href":"https:\/\/zooprekes24.lt\/lv\/wp-json\/wp\/v2\/product_cat?post=45022"},{"taxonomy":"product_tag","embeddable":true,"href":"https:\/\/zooprekes24.lt\/lv\/wp-json\/wp\/v2\/product_tag?post=45022"}],"curies":[{"name":"wp","href":"https:\/\/api.w.org\/{rel}","templated":true}]}}