{"id":45019,"date":"2026-01-30T11:38:52","date_gmt":"2026-01-30T09:38:52","guid":{"rendered":"https:\/\/zooprekes24.lt\/?post_type=product&#038;p=45019"},"modified":"2026-02-04T10:55:02","modified_gmt":"2026-02-04T08:55:02","slug":"biocos-apsauginis-aromaterapinis-purskalas-nuo-vabzdziu-ir-erkiu-sunims-ir-katems-100ml","status":"publish","type":"product","link":"https:\/\/zooprekes24.lt\/lv\/produktas\/biocos-apsauginis-aromaterapinis-purskalas-nuo-vabzdziu-ir-erkiu-sunims-ir-katems-100ml\/","title":{"rendered":"Biocos apsauginis aromaterapinis pur\u0161kalas nuo vabzd\u017ei\u0173 ir erki\u0173, \u0161unims ir kat\u0117ms, 100 ml"},"content":{"rendered":"<ul>\n<li>Nimbamed\u017eio aliejuje yra gausu riebi\u0173j\u0173, amino r\u016bg\u0161\u010di\u0173, vitamino E, tod\u0117l jis naudingas norint atstatyti odos dr\u0117gm\u0117s balans\u0105, dezinfekuoti ir regeneruoti od\u0105.<\/li>\n<li>Tikrieji alavijai pasi\u017eymi intensyviai dr\u0117kinan\u010diomis, sudirgusi\u0105, pa\u017eeist\u0105, nie\u017etin\u010di\u0105 od\u0105 raminan\u010diomis savyb\u0117mis.<\/li>\n<li><span>Citrin\u017eoli\u0173, citronel\u0173, levand\u0173, atlasini\u0173 kedr\u0173 ir citrinkvapi\u0173 eukalipt\u0173 eteriniai aliejai padeda apsaugoti gyv\u016bn\u0105 nuo nepageidaujam\u0173 kraujasiurbi\u0173, uod\u0173 ir erki\u0173, b\u016bnant gamtoje.<\/span><\/li>\n<\/ul>","protected":false},"excerpt":{"rendered":"<p>Nimbamed\u017eio aliejuje yra gausu riebi\u0173j\u0173, amino r\u016bg\u0161\u010di\u0173, vitamino E, tod\u0117l jis naudingas norint atstatyti odos dr\u0117gm\u0117s balans\u0105, dezinfekuoti ir regeneruoti od\u0105. Tikrieji alavijai pasi\u017eymi intensyviai dr\u0117kinan\u010diomis, sudirgusi\u0105, pa\u017eeist\u0105, nie\u017etin\u010di\u0105 od\u0105 raminan\u010diomis savyb\u0117mis. Citrin\u017eoli\u0173, citronel\u0173, levand\u0173, atlasini\u0173 kedr\u0173 ir citrinkvapi\u0173 eukalipt\u0173 eteriniai aliejai padeda apsaugoti gyv\u016bn\u0105 nuo nepageidaujam\u0173 kraujasiurbi\u0173, uod\u0173 ir erki\u0173, b\u016bnant gamtoje.<\/p>","protected":false},"featured_media":45021,"comment_status":"closed","ping_status":"closed","template":"","meta":{"_acf_changed":false,"slim_seo":{"title":"Biocos apsauginis aromaterapinis pur\u0161kalas nuo vabzd\u017ei\u0173 ir erki\u0173, \u0161unims ir kat\u0117ms, 100 ml - Zooprekes24","description":"Nimbamed\u017eio aliejuje yra gausu riebi\u0173j\u0173, amino r\u016bg\u0161\u010di\u0173, vitamino E, tod\u0117l jis naudingas norint atstatyti odos dr\u0117gm\u0117s balans\u0105, dezinfekuoti ir regeneruoti od\u0105."},"iawp_total_views":20},"product_brand":[],"product_cat":[25,104,32,9025,9026,8999],"product_tag":[],"class_list":{"0":"post-45019","1":"product","2":"type-product","3":"status-publish","4":"has-post-thumbnail","6":"product_cat-katems","7":"product_cat-kitos-kaciu-prekes","8":"product_cat-kitos-sunu-prekes","9":"product_cat-prieziuros-priemones-katems","10":"product_cat-prieziuros-priemones-sunims","11":"product_cat-sunims","12":"pa_prekiu-zenklai-biocos","14":"first","15":"instock","16":"featured","17":"taxable","18":"shipping-taxable","19":"purchasable","20":"product-type-simple"},"acf":[],"_links":{"self":[{"href":"https:\/\/zooprekes24.lt\/lv\/wp-json\/wp\/v2\/product\/45019","targetHints":{"allow":["GET"]}}],"collection":[{"href":"https:\/\/zooprekes24.lt\/lv\/wp-json\/wp\/v2\/product"}],"about":[{"href":"https:\/\/zooprekes24.lt\/lv\/wp-json\/wp\/v2\/types\/product"}],"replies":[{"embeddable":true,"href":"https:\/\/zooprekes24.lt\/lv\/wp-json\/wp\/v2\/comments?post=45019"}],"wp:featuredmedia":[{"embeddable":true,"href":"https:\/\/zooprekes24.lt\/lv\/wp-json\/wp\/v2\/media\/45021"}],"wp:attachment":[{"href":"https:\/\/zooprekes24.lt\/lv\/wp-json\/wp\/v2\/media?parent=45019"}],"wp:term":[{"taxonomy":"product_brand","embeddable":true,"href":"https:\/\/zooprekes24.lt\/lv\/wp-json\/wp\/v2\/product_brand?post=45019"},{"taxonomy":"product_cat","embeddable":true,"href":"https:\/\/zooprekes24.lt\/lv\/wp-json\/wp\/v2\/product_cat?post=45019"},{"taxonomy":"product_tag","embeddable":true,"href":"https:\/\/zooprekes24.lt\/lv\/wp-json\/wp\/v2\/product_tag?post=45019"}],"curies":[{"name":"wp","href":"https:\/\/api.w.org\/{rel}","templated":true}]}}