{"id":45017,"date":"2026-01-30T11:21:13","date_gmt":"2026-01-30T09:21:13","guid":{"rendered":"https:\/\/zooprekes24.lt\/?post_type=product&#038;p=45017"},"modified":"2026-03-12T09:48:32","modified_gmt":"2026-03-12T07:48:32","slug":"biocos-3-in-1-atstatomasis-kailio-serumas-sunims-katems-ir-kitiems-smulkiems-gyvunams-100ml","status":"publish","type":"product","link":"https:\/\/zooprekes24.lt\/lv\/produktas\/biocos-3-in-1-atstatomasis-kailio-serumas-sunims-katems-ir-kitiems-smulkiems-gyvunams-100ml\/","title":{"rendered":"Biocos 3 in 1 atstatomasis kailio serumas, \u0161unims, kat\u0117ms ir kitiems smulkiems gyv\u016bnams, 100 ml"},"content":{"rendered":"<ul>\n<li>Kokos\u0173 aliejus suteikia augintinio kailiui apimties, apsaugo nuo i\u0161saus\u0117jimo, kondicionuoja bei pary\u0161kina kailio spalv\u0105.<\/li>\n<li>Argano aliejus, kuriame yra daug polineso\u010di\u0173j\u0173 riebi\u0173j\u0173 r\u016bg\u0161\u010di\u0173, apsaugo ir pamaitina kail\u012f bei od\u0105, suteikia kailiui \u017evilgesio bei j\u012f sustiprina.<\/li>\n<li>Simondsij\u0173 aliejus pasi\u017eymi prie\u0161u\u017edegimin\u0117mis savyb\u0117mis bei intensyviu dr\u0117kinan\u010diu ir maitinan\u010diu poveikiu tad labai tinka naudoti tuomet, kai augintinio oda i\u0161saus\u0117jusi, pa\u017eeista. Simondsij\u0173 aliejus maitina ir glotnina kail\u012f.<\/li>\n<li>Ricin\u0173 aliejus giliai dr\u0117kina, mink\u0161tina bei maitina augintinio od\u0105 ir suteikia kailiui gra\u017e\u0173, sveik\u0105 blizges\u012f.<\/li>\n<li>Be to, ricin\u0173 aliejus kartu su ylang ylang bei rozmarin\u0173 eteriniais aliejais skatina kailio augim\u0105, tad \u0161ie ingredientai yra nepakei\u010diami po kailio \u0161\u0117rimosi, siekiant, jog kailis grei\u010diau atsistatyt\u0173 ir tur\u0117t\u0173 daugiau apimties bei siekiant sustiprinti plauko folikul\u0105, jog ataug\u0119s kailis b\u016bt\u0173 stiprus ir sveikas.<\/li>\n<li>Levand\u0173 eterinis aliejus padeda numal\u0161inti sausos gyv\u016bno odos nie\u017eul\u012f, o \u0161io aliejaus aromatas turi raminam\u0105j\u012f poveik\u012f.<\/li>\n<\/ul>","protected":false},"excerpt":{"rendered":"<p>Kokos\u0173 aliejus suteikia augintinio kailiui apimties, apsaugo nuo i\u0161saus\u0117jimo, kondicionuoja bei pary\u0161kina kailio spalv\u0105. Argano aliejus, kuriame yra daug polineso\u010di\u0173j\u0173 riebi\u0173j\u0173 r\u016bg\u0161\u010di\u0173, apsaugo ir pamaitina kail\u012f bei od\u0105, suteikia kailiui \u017evilgesio bei j\u012f sustiprina. Simondsij\u0173 aliejus pasi\u017eymi prie\u0161u\u017edegimin\u0117mis savyb\u0117mis bei intensyviu dr\u0117kinan\u010diu ir maitinan\u010diu poveikiu tad labai tinka naudoti tuomet, kai augintinio oda i\u0161saus\u0117jusi, pa\u017eeista&#8230;.<\/p>","protected":false},"featured_media":45018,"comment_status":"closed","ping_status":"closed","template":"","meta":{"_acf_changed":false,"slim_seo":{"title":"Biocos 3 in 1 atstatomasis kailio serumas, \u0161unims, kat\u0117ms ir kitiems smulkiems gyv\u016bnams, 100 ml - Zooprekes24","description":"Kokos\u0173 aliejus suteikia augintinio kailiui apimties, apsaugo nuo i\u0161saus\u0117jimo, kondicionuoja bei pary\u0161kina kailio spalv\u0105. Argano aliejus, kuriame yra daug poline"},"iawp_total_views":5},"product_brand":[],"product_cat":[9299,25,104,32,9025,9026,8999],"product_tag":[],"class_list":{"0":"post-45017","1":"product","2":"type-product","3":"status-publish","4":"has-post-thumbnail","6":"product_cat-grauzikams","7":"product_cat-katems","8":"product_cat-kitos-kaciu-prekes","9":"product_cat-kitos-sunu-prekes","10":"product_cat-prieziuros-priemones-katems","11":"product_cat-prieziuros-priemones-sunims","12":"product_cat-sunims","13":"pa_prekiu-zenklai-biocos","15":"first","16":"instock","17":"featured","18":"taxable","19":"shipping-taxable","20":"purchasable","21":"product-type-simple"},"acf":[],"_links":{"self":[{"href":"https:\/\/zooprekes24.lt\/lv\/wp-json\/wp\/v2\/product\/45017","targetHints":{"allow":["GET"]}}],"collection":[{"href":"https:\/\/zooprekes24.lt\/lv\/wp-json\/wp\/v2\/product"}],"about":[{"href":"https:\/\/zooprekes24.lt\/lv\/wp-json\/wp\/v2\/types\/product"}],"replies":[{"embeddable":true,"href":"https:\/\/zooprekes24.lt\/lv\/wp-json\/wp\/v2\/comments?post=45017"}],"wp:featuredmedia":[{"embeddable":true,"href":"https:\/\/zooprekes24.lt\/lv\/wp-json\/wp\/v2\/media\/45018"}],"wp:attachment":[{"href":"https:\/\/zooprekes24.lt\/lv\/wp-json\/wp\/v2\/media?parent=45017"}],"wp:term":[{"taxonomy":"product_brand","embeddable":true,"href":"https:\/\/zooprekes24.lt\/lv\/wp-json\/wp\/v2\/product_brand?post=45017"},{"taxonomy":"product_cat","embeddable":true,"href":"https:\/\/zooprekes24.lt\/lv\/wp-json\/wp\/v2\/product_cat?post=45017"},{"taxonomy":"product_tag","embeddable":true,"href":"https:\/\/zooprekes24.lt\/lv\/wp-json\/wp\/v2\/product_tag?post=45017"}],"curies":[{"name":"wp","href":"https:\/\/api.w.org\/{rel}","templated":true}]}}