{"id":45012,"date":"2026-01-30T10:50:00","date_gmt":"2026-01-30T08:50:00","guid":{"rendered":"https:\/\/zooprekes24.lt\/?post_type=product&#038;p=45012"},"modified":"2026-01-30T16:55:46","modified_gmt":"2026-01-30T14:55:46","slug":"biocos-silk-maitinantis-sampunas-sunims-su-augaliniu-silku-200ml","status":"publish","type":"product","link":"https:\/\/zooprekes24.lt\/lv\/produktas\/biocos-silk-maitinantis-sampunas-sunims-su-augaliniu-silku-200ml\/","title":{"rendered":"Biocos Silk maitinantis \u0161amp\u016bnas \u0161unims, su augaliniu \u0161ilku, 200 ml"},"content":{"rendered":"<ul>\n<li>Alavij\u0173 sultys nuramina ir \u0161velniai dr\u0117kina gyv\u016bno od\u0105 ir kail\u012f.<\/li>\n<li>Pantenolis dr\u0117kina gyv\u016bno od\u0105 bei formuoja plon\u0105 pl\u0117vel\u0119 ant plauko pavir\u0161iaus taip u\u017erakindamas dr\u0117gm\u0119 ir neleisdamas kailiui i\u0161saus\u0117ti. Pantenolis suteikia kailiui sveiko \u017evilgesio ir glotnumo, \u0161io ingrediento d\u0117ka gyv\u016bno kailis ma\u017eiau veliasi.<\/li>\n<li>Argano aliejus, kuriame yra daug polineso\u010di\u0173j\u0173 riebi\u0173j\u0173 r\u016bg\u0161\u010di\u0173, apsaugo ir pamaitina kail\u012f bei od\u0105, suteikia kailiui \u017evilgesio bei j\u012f sustiprina.<\/li>\n<li>Simondsij\u0173 aliejus pasi\u017eymi prie\u0161u\u017edegimin\u0117mis savyb\u0117mis bei intensyviu dr\u0117kinan\u010diu ir maitinan\u010diu poveikiu tad labai tinka naudoti tuomet, kai augintinio oda i\u0161saus\u0117jusi, pa\u017eeista. Simondsij\u0173 aliejus maitina ir glotnina kail\u012f.<\/li>\n<li>Augalinis \u0161ilkas ypa\u010d intensyviai dr\u0117kina kail\u012f ir od\u0105, d\u0117l ko kailis tampa \u0161velnus, stiprus, ma\u017eiau veliasi.<\/li>\n<li>Ylang ylang eterinis aliejus skatina kailio augim\u0105, o balt\u0173j\u0173 greipfrut\u0173 eterinis aliejus suteikia malon\u0173 ir gaiv\u0173 aromat\u0105.<\/li>\n<li>Hidrolizuoti kvie\u010di\u0173 proteinai naudojami d\u0117l kondicionuojan\u010di\u0173, antistatini\u0173 savybi\u0173.<\/li>\n<\/ul>","protected":false},"excerpt":{"rendered":"<p>Alavij\u0173 sultys nuramina ir \u0161velniai dr\u0117kina gyv\u016bno od\u0105 ir kail\u012f. Pantenolis dr\u0117kina gyv\u016bno od\u0105 bei formuoja plon\u0105 pl\u0117vel\u0119 ant plauko pavir\u0161iaus taip u\u017erakindamas dr\u0117gm\u0119 ir neleisdamas kailiui i\u0161saus\u0117ti. Pantenolis suteikia kailiui sveiko \u017evilgesio ir glotnumo, \u0161io ingrediento d\u0117ka gyv\u016bno kailis ma\u017eiau veliasi. Argano aliejus, kuriame yra daug polineso\u010di\u0173j\u0173 riebi\u0173j\u0173 r\u016bg\u0161\u010di\u0173, apsaugo ir pamaitina kail\u012f bei&#8230;<\/p>","protected":false},"featured_media":45047,"comment_status":"closed","ping_status":"closed","template":"","meta":{"_acf_changed":false,"slim_seo":{"title":"Biocos Silk maitinantis \u0161amp\u016bnas \u0161unims, su augaliniu \u0161ilku, 200 ml - Zooprekes24","description":"Alavij\u0173 sultys nuramina ir \u0161velniai dr\u0117kina gyv\u016bno od\u0105 ir kail\u012f. Pantenolis dr\u0117kina gyv\u016bno od\u0105 bei formuoja plon\u0105 pl\u0117vel\u0119 ant plauko pavir\u0161iaus taip u\u017erakindama"},"iawp_total_views":3},"product_brand":[],"product_cat":[32,9026,8999],"product_tag":[],"class_list":{"0":"post-45012","1":"product","2":"type-product","3":"status-publish","4":"has-post-thumbnail","6":"product_cat-kitos-sunu-prekes","7":"product_cat-prieziuros-priemones-sunims","8":"product_cat-sunims","9":"pa_prekiu-zenklai-biocos","11":"first","12":"instock","13":"featured","14":"taxable","15":"shipping-taxable","16":"purchasable","17":"product-type-simple"},"acf":[],"_links":{"self":[{"href":"https:\/\/zooprekes24.lt\/lv\/wp-json\/wp\/v2\/product\/45012","targetHints":{"allow":["GET"]}}],"collection":[{"href":"https:\/\/zooprekes24.lt\/lv\/wp-json\/wp\/v2\/product"}],"about":[{"href":"https:\/\/zooprekes24.lt\/lv\/wp-json\/wp\/v2\/types\/product"}],"replies":[{"embeddable":true,"href":"https:\/\/zooprekes24.lt\/lv\/wp-json\/wp\/v2\/comments?post=45012"}],"wp:featuredmedia":[{"embeddable":true,"href":"https:\/\/zooprekes24.lt\/lv\/wp-json\/wp\/v2\/media\/45047"}],"wp:attachment":[{"href":"https:\/\/zooprekes24.lt\/lv\/wp-json\/wp\/v2\/media?parent=45012"}],"wp:term":[{"taxonomy":"product_brand","embeddable":true,"href":"https:\/\/zooprekes24.lt\/lv\/wp-json\/wp\/v2\/product_brand?post=45012"},{"taxonomy":"product_cat","embeddable":true,"href":"https:\/\/zooprekes24.lt\/lv\/wp-json\/wp\/v2\/product_cat?post=45012"},{"taxonomy":"product_tag","embeddable":true,"href":"https:\/\/zooprekes24.lt\/lv\/wp-json\/wp\/v2\/product_tag?post=45012"}],"curies":[{"name":"wp","href":"https:\/\/api.w.org\/{rel}","templated":true}]}}