{"id":45010,"date":"2026-01-30T10:28:29","date_gmt":"2026-01-30T08:28:29","guid":{"rendered":"https:\/\/zooprekes24.lt\/?post_type=product&#038;p=45010"},"modified":"2026-01-30T16:54:43","modified_gmt":"2026-01-30T14:54:43","slug":"biocos-gentle-svelnus-sampunas-sunims-ir-katems-neutralus-200ml","status":"publish","type":"product","link":"https:\/\/zooprekes24.lt\/lv\/produktas\/biocos-gentle-svelnus-sampunas-sunims-ir-katems-neutralus-200ml\/","title":{"rendered":"Biocos Gentle \u0161velnus \u0161amp\u016bnas \u0161unims ir kat\u0117ms, neutralus, 200 ml"},"content":{"rendered":"<ul>\n<li>Levand\u0173 vanduo turi antiseptini\u0173, raminan\u010di\u0173 savybi\u0173, jis padeda ma\u017einti \u017eaizdeles, tod\u0117l puikiai tinka jei augintinio odos pavir\u0161ius yra pa\u017eeistas. Raminantis levand\u0173 kvapas gyv\u016bn\u0173 vonios proced\u016bras malonesn\u0117mis paver\u010dia tiek augintiniui, tiek \u0161eimininkui.<\/li>\n<li>Simondsij\u0173 aliejus pasi\u017eymi prie\u0161u\u017edegimin\u0117mis savyb\u0117mis bei intensyviu dr\u0117kinan\u010diu ir maitinan\u010diu poveikiu tad labai tinka naudoti tuomet, kai augintinio oda i\u0161saus\u0117jusi, pa\u017eeista. Simondsij\u0173 aliejus maitina ir glotnina kail\u012f.<\/li>\n<li>Hidrolizuoti kvie\u010di\u0173 proteinai naudojami d\u0117l kondicionuojan\u010di\u0173, antistatini\u0173 savybi\u0173.<\/li>\n<\/ul>","protected":false},"excerpt":{"rendered":"<p>Levand\u0173 vanduo turi antiseptini\u0173, raminan\u010di\u0173 savybi\u0173, jis padeda ma\u017einti \u017eaizdeles, tod\u0117l puikiai tinka jei augintinio odos pavir\u0161ius yra pa\u017eeistas. Raminantis levand\u0173 kvapas gyv\u016bn\u0173 vonios proced\u016bras malonesn\u0117mis paver\u010dia tiek augintiniui, tiek \u0161eimininkui. Simondsij\u0173 aliejus pasi\u017eymi prie\u0161u\u017edegimin\u0117mis savyb\u0117mis bei intensyviu dr\u0117kinan\u010diu ir maitinan\u010diu poveikiu tad labai tinka naudoti tuomet, kai augintinio oda i\u0161saus\u0117jusi, pa\u017eeista. Simondsij\u0173 aliejus maitina&#8230;<\/p>","protected":false},"featured_media":45046,"comment_status":"closed","ping_status":"closed","template":"","meta":{"_acf_changed":false,"slim_seo":{"title":"Biocos Gentle \u0161velnus \u0161amp\u016bnas \u0161unims ir kat\u0117ms, neutralus, 200 ml - Zooprekes24","description":"Levand\u0173 vanduo turi antiseptini\u0173, raminan\u010di\u0173 savybi\u0173, jis padeda ma\u017einti \u017eaizdeles, tod\u0117l puikiai tinka jei augintinio odos pavir\u0161ius yra pa\u017eeistas. Raminantis"},"iawp_total_views":6},"product_brand":[],"product_cat":[25,104,32,9025,9026,8999],"product_tag":[],"class_list":{"0":"post-45010","1":"product","2":"type-product","3":"status-publish","4":"has-post-thumbnail","6":"product_cat-katems","7":"product_cat-kitos-kaciu-prekes","8":"product_cat-kitos-sunu-prekes","9":"product_cat-prieziuros-priemones-katems","10":"product_cat-prieziuros-priemones-sunims","11":"product_cat-sunims","12":"pa_prekiu-zenklai-biocos","14":"first","15":"instock","16":"featured","17":"taxable","18":"shipping-taxable","19":"purchasable","20":"product-type-simple"},"acf":[],"_links":{"self":[{"href":"https:\/\/zooprekes24.lt\/lv\/wp-json\/wp\/v2\/product\/45010","targetHints":{"allow":["GET"]}}],"collection":[{"href":"https:\/\/zooprekes24.lt\/lv\/wp-json\/wp\/v2\/product"}],"about":[{"href":"https:\/\/zooprekes24.lt\/lv\/wp-json\/wp\/v2\/types\/product"}],"replies":[{"embeddable":true,"href":"https:\/\/zooprekes24.lt\/lv\/wp-json\/wp\/v2\/comments?post=45010"}],"wp:featuredmedia":[{"embeddable":true,"href":"https:\/\/zooprekes24.lt\/lv\/wp-json\/wp\/v2\/media\/45046"}],"wp:attachment":[{"href":"https:\/\/zooprekes24.lt\/lv\/wp-json\/wp\/v2\/media?parent=45010"}],"wp:term":[{"taxonomy":"product_brand","embeddable":true,"href":"https:\/\/zooprekes24.lt\/lv\/wp-json\/wp\/v2\/product_brand?post=45010"},{"taxonomy":"product_cat","embeddable":true,"href":"https:\/\/zooprekes24.lt\/lv\/wp-json\/wp\/v2\/product_cat?post=45010"},{"taxonomy":"product_tag","embeddable":true,"href":"https:\/\/zooprekes24.lt\/lv\/wp-json\/wp\/v2\/product_tag?post=45010"}],"curies":[{"name":"wp","href":"https:\/\/api.w.org\/{rel}","templated":true}]}}