{"id":45007,"date":"2026-01-30T10:09:03","date_gmt":"2026-01-30T08:09:03","guid":{"rendered":"https:\/\/zooprekes24.lt\/?post_type=product&#038;p=45007"},"modified":"2026-03-12T09:48:42","modified_gmt":"2026-03-12T07:48:42","slug":"biocos-muilas-su-nimbamedziu-sunims-katems-ir-kitiems-smulkiems-gyvunams-70g","status":"publish","type":"product","link":"https:\/\/zooprekes24.lt\/lv\/produktas\/biocos-muilas-su-nimbamedziu-sunims-katems-ir-kitiems-smulkiems-gyvunams-70g\/","title":{"rendered":"Biocos muilas, su nimbamed\u017eiu, \u0161unims, kat\u0117ms ir kitiems smulkiems gyv\u016bnams, 70 g"},"content":{"rendered":"<ul>\n<li>Nimbamed\u017eio aliejuje yra gausu riebi\u0173j\u0173, amino r\u016bg\u0161\u010di\u0173, vitamino E, tod\u0117l jis naudingas norint atstatyti odos dr\u0117gm\u0117s balans\u0105, dezinfekuoti ir regeneruoti od\u0105. Padeda apsaugoti gyv\u016bn\u0105 nuo nepageidaujam\u0173 vabzd\u017ei\u0173 &#8211; uod\u0173, erki\u0173 &#8211; gamtoje.<\/li>\n<li>Kokos\u0173 aliejus suteikia kailiui apimties, apsaugo nuo i\u0161saus\u0117jimo, kondicionuoja, pary\u0161kina kailio spalv\u0105.<\/li>\n<li>Ricin\u0173 aliejus turi antibakterin\u012f poveik\u012f, giliai dr\u0117kina, mink\u0161tina, maitin\u0105 od\u0105 ir suteikia kailiui gra\u017e\u0173 sveik\u0105 blizges\u012f.<\/li>\n<\/ul>","protected":false},"excerpt":{"rendered":"<p>Nimbamed\u017eio aliejuje yra gausu riebi\u0173j\u0173, amino r\u016bg\u0161\u010di\u0173, vitamino E, tod\u0117l jis naudingas norint atstatyti odos dr\u0117gm\u0117s balans\u0105, dezinfekuoti ir regeneruoti od\u0105. Padeda apsaugoti gyv\u016bn\u0105 nuo nepageidaujam\u0173 vabzd\u017ei\u0173 &#8211; uod\u0173, erki\u0173 &#8211; gamtoje. Kokos\u0173 aliejus suteikia kailiui apimties, apsaugo nuo i\u0161saus\u0117jimo, kondicionuoja, pary\u0161kina kailio spalv\u0105. Ricin\u0173 aliejus turi antibakterin\u012f poveik\u012f, giliai dr\u0117kina, mink\u0161tina, maitin\u0105 od\u0105 ir&#8230;<\/p>","protected":false},"featured_media":45008,"comment_status":"closed","ping_status":"closed","template":"","meta":{"_acf_changed":false,"slim_seo":{"title":"Biocos muilas, su nimbamed\u017eiu, \u0161unims, kat\u0117ms ir kitiems smulkiems gyv\u016bnams, 70 g - Zooprekes24","description":"Nimbamed\u017eio aliejuje yra gausu riebi\u0173j\u0173, amino r\u016bg\u0161\u010di\u0173, vitamino E, tod\u0117l jis naudingas norint atstatyti odos dr\u0117gm\u0117s balans\u0105, dezinfekuoti ir regeneruoti od\u0105."},"iawp_total_views":6},"product_brand":[],"product_cat":[9299,25,104,32,9026,9025,8999],"product_tag":[],"class_list":{"0":"post-45007","1":"product","2":"type-product","3":"status-publish","4":"has-post-thumbnail","6":"product_cat-grauzikams","7":"product_cat-katems","8":"product_cat-kitos-kaciu-prekes","9":"product_cat-kitos-sunu-prekes","10":"product_cat-prieziuros-priemones-sunims","11":"product_cat-prieziuros-priemones-katems","12":"product_cat-sunims","13":"pa_prekiu-zenklai-biocos","15":"first","16":"instock","17":"featured","18":"taxable","19":"shipping-taxable","20":"purchasable","21":"product-type-simple"},"acf":[],"_links":{"self":[{"href":"https:\/\/zooprekes24.lt\/lv\/wp-json\/wp\/v2\/product\/45007","targetHints":{"allow":["GET"]}}],"collection":[{"href":"https:\/\/zooprekes24.lt\/lv\/wp-json\/wp\/v2\/product"}],"about":[{"href":"https:\/\/zooprekes24.lt\/lv\/wp-json\/wp\/v2\/types\/product"}],"replies":[{"embeddable":true,"href":"https:\/\/zooprekes24.lt\/lv\/wp-json\/wp\/v2\/comments?post=45007"}],"wp:featuredmedia":[{"embeddable":true,"href":"https:\/\/zooprekes24.lt\/lv\/wp-json\/wp\/v2\/media\/45008"}],"wp:attachment":[{"href":"https:\/\/zooprekes24.lt\/lv\/wp-json\/wp\/v2\/media?parent=45007"}],"wp:term":[{"taxonomy":"product_brand","embeddable":true,"href":"https:\/\/zooprekes24.lt\/lv\/wp-json\/wp\/v2\/product_brand?post=45007"},{"taxonomy":"product_cat","embeddable":true,"href":"https:\/\/zooprekes24.lt\/lv\/wp-json\/wp\/v2\/product_cat?post=45007"},{"taxonomy":"product_tag","embeddable":true,"href":"https:\/\/zooprekes24.lt\/lv\/wp-json\/wp\/v2\/product_tag?post=45007"}],"curies":[{"name":"wp","href":"https:\/\/api.w.org\/{rel}","templated":true}]}}