{"id":44998,"date":"2026-01-30T09:23:54","date_gmt":"2026-01-30T07:23:54","guid":{"rendered":"https:\/\/zooprekes24.lt\/?post_type=product&#038;p=44998"},"modified":"2026-03-12T09:48:46","modified_gmt":"2026-03-12T07:48:46","slug":"biocos-svelnus-valomasis-balzamas-ausims-sunims-katems-ir-kitiems-smulkiems-gyvunams-30ml","status":"publish","type":"product","link":"https:\/\/zooprekes24.lt\/lv\/produktas\/biocos-svelnus-valomasis-balzamas-ausims-sunims-katems-ir-kitiems-smulkiems-gyvunams-30ml\/","title":{"rendered":"Biocos \u0161velnus valomasis balzamas ausims, \u0161unims, kat\u0117ms ir kitiems smulkiems gyv\u016bnams, 30 ml"},"content":{"rendered":"<ul>\n<li>Nimbamed\u017eio aliejuje yra gausu riebi\u0173j\u0173, amino r\u016bg\u0161\u010di\u0173, vitamino E, tod\u0117l jis naudingas norint atstatyti odos dr\u0117gm\u0117s balans\u0105, dezinfekuoti ir regeneruoti od\u0105.<\/li>\n<li>Medetk\u0173 fitolis ypa\u010d vertingas\u00a0ma\u017einant odos pa\u017eeidimus\u00a0&#8211; \u017eaizdas, randus, nudegimus, u\u017edegimus ir kitus pa\u017eeidimus, veikia tonizuojan\u010diai, raminamai.<\/li>\n<li>Rozmarin\u0173, levand\u0173, ramun\u0117li\u0173, pipirm\u0117\u010di\u0173 eterini\u0173 aliej\u0173 sinergija veikia prie\u0161u\u017edegimi\u0161kai, apsaugo nuo grybeli\u0173, virus\u0173, mikrob\u0173. Ma\u017eina spazmus, atpalaiduoja, ma\u017eina paraudimus.<\/li>\n<\/ul>","protected":false},"excerpt":{"rendered":"<p>Nimbamed\u017eio aliejuje yra gausu riebi\u0173j\u0173, amino r\u016bg\u0161\u010di\u0173, vitamino E, tod\u0117l jis naudingas norint atstatyti odos dr\u0117gm\u0117s balans\u0105, dezinfekuoti ir regeneruoti od\u0105. Medetk\u0173 fitolis ypa\u010d vertingas\u00a0ma\u017einant odos pa\u017eeidimus\u00a0&#8211; \u017eaizdas, randus, nudegimus, u\u017edegimus ir kitus pa\u017eeidimus, veikia tonizuojan\u010diai, raminamai. Rozmarin\u0173, levand\u0173, ramun\u0117li\u0173, pipirm\u0117\u010di\u0173 eterini\u0173 aliej\u0173 sinergija veikia prie\u0161u\u017edegimi\u0161kai, apsaugo nuo grybeli\u0173, virus\u0173, mikrob\u0173. Ma\u017eina spazmus, atpalaiduoja, ma\u017eina&#8230;<\/p>","protected":false},"featured_media":45001,"comment_status":"closed","ping_status":"closed","template":"","meta":{"_acf_changed":false,"slim_seo":{"title":"Biocos \u0161velnus valomasis balzamas ausims, \u0161unims, kat\u0117ms ir kitiems smulkiems gyv\u016bnams, 30 ml - Zooprekes24","description":"Nimbamed\u017eio aliejuje yra gausu riebi\u0173j\u0173, amino r\u016bg\u0161\u010di\u0173, vitamino E, tod\u0117l jis naudingas norint atstatyti odos dr\u0117gm\u0117s balans\u0105, dezinfekuoti ir regeneruoti od\u0105."},"iawp_total_views":4},"product_brand":[],"product_cat":[9299,25,104,32,9026,9025,8999],"product_tag":[],"class_list":{"0":"post-44998","1":"product","2":"type-product","3":"status-publish","4":"has-post-thumbnail","6":"product_cat-grauzikams","7":"product_cat-katems","8":"product_cat-kitos-kaciu-prekes","9":"product_cat-kitos-sunu-prekes","10":"product_cat-prieziuros-priemones-sunims","11":"product_cat-prieziuros-priemones-katems","12":"product_cat-sunims","13":"pa_prekiu-zenklai-biocos","15":"first","16":"instock","17":"featured","18":"taxable","19":"shipping-taxable","20":"purchasable","21":"product-type-simple"},"acf":[],"_links":{"self":[{"href":"https:\/\/zooprekes24.lt\/lv\/wp-json\/wp\/v2\/product\/44998","targetHints":{"allow":["GET"]}}],"collection":[{"href":"https:\/\/zooprekes24.lt\/lv\/wp-json\/wp\/v2\/product"}],"about":[{"href":"https:\/\/zooprekes24.lt\/lv\/wp-json\/wp\/v2\/types\/product"}],"replies":[{"embeddable":true,"href":"https:\/\/zooprekes24.lt\/lv\/wp-json\/wp\/v2\/comments?post=44998"}],"wp:featuredmedia":[{"embeddable":true,"href":"https:\/\/zooprekes24.lt\/lv\/wp-json\/wp\/v2\/media\/45001"}],"wp:attachment":[{"href":"https:\/\/zooprekes24.lt\/lv\/wp-json\/wp\/v2\/media?parent=44998"}],"wp:term":[{"taxonomy":"product_brand","embeddable":true,"href":"https:\/\/zooprekes24.lt\/lv\/wp-json\/wp\/v2\/product_brand?post=44998"},{"taxonomy":"product_cat","embeddable":true,"href":"https:\/\/zooprekes24.lt\/lv\/wp-json\/wp\/v2\/product_cat?post=44998"},{"taxonomy":"product_tag","embeddable":true,"href":"https:\/\/zooprekes24.lt\/lv\/wp-json\/wp\/v2\/product_tag?post=44998"}],"curies":[{"name":"wp","href":"https:\/\/api.w.org\/{rel}","templated":true}]}}