{"id":44936,"date":"2026-01-29T11:40:03","date_gmt":"2026-01-29T09:40:03","guid":{"rendered":"https:\/\/zooprekes24.lt\/?post_type=product&#038;p=44936"},"modified":"2026-01-30T15:47:24","modified_gmt":"2026-01-30T13:47:24","slug":"trixie-nerudijancio-plieno-dubenelis-su-laikikliu-pauksciams-150ml","status":"publish","type":"product","link":"https:\/\/zooprekes24.lt\/lv\/produktas\/trixie-nerudijancio-plieno-dubenelis-su-laikikliu-pauksciams-150ml\/","title":{"rendered":"Trixie ner\u016bdijan\u010dio plieno duben\u0117lis su laikikliu pauk\u0161\u010diams, 150 ml"},"content":{"rendered":"","protected":false},"excerpt":{"rendered":"<p class=\"MsoNoSpacing\">Saus\u0101 bar\u012bba ar vistas ga\u013cu gr\u016bsn\u0101m un lakt\u0113jo\u0161\u0101m kuc\u0113m un kuc\u0113niem.<\/p>","protected":false},"featured_media":44937,"comment_status":"closed","ping_status":"closed","template":"","meta":{"_acf_changed":false,"slim_seo":{"title":"Trixie ner\u016bdijan\u010dio plieno duben\u0117lis su laikikliu pauk\u0161\u010diams, 150 ml - Zooprekes24","description":"Saus\u0101 bar\u012bba ar vistas ga\u013cu gr\u016bsn\u0101m un lakt\u0113jo\u0161\u0101m kuc\u0113m un kuc\u0113niem."},"iawp_total_views":4},"product_brand":[],"product_cat":[9279],"product_tag":[],"class_list":{"0":"post-44936","1":"product","2":"type-product","3":"status-publish","4":"has-post-thumbnail","6":"product_cat-pauksciams","7":"pa_prekiu-zenklai-trixie","9":"first","10":"instock","11":"taxable","12":"shipping-taxable","13":"purchasable","14":"product-type-simple"},"acf":[],"_links":{"self":[{"href":"https:\/\/zooprekes24.lt\/lv\/wp-json\/wp\/v2\/product\/44936","targetHints":{"allow":["GET"]}}],"collection":[{"href":"https:\/\/zooprekes24.lt\/lv\/wp-json\/wp\/v2\/product"}],"about":[{"href":"https:\/\/zooprekes24.lt\/lv\/wp-json\/wp\/v2\/types\/product"}],"replies":[{"embeddable":true,"href":"https:\/\/zooprekes24.lt\/lv\/wp-json\/wp\/v2\/comments?post=44936"}],"wp:featuredmedia":[{"embeddable":true,"href":"https:\/\/zooprekes24.lt\/lv\/wp-json\/wp\/v2\/media\/44937"}],"wp:attachment":[{"href":"https:\/\/zooprekes24.lt\/lv\/wp-json\/wp\/v2\/media?parent=44936"}],"wp:term":[{"taxonomy":"product_brand","embeddable":true,"href":"https:\/\/zooprekes24.lt\/lv\/wp-json\/wp\/v2\/product_brand?post=44936"},{"taxonomy":"product_cat","embeddable":true,"href":"https:\/\/zooprekes24.lt\/lv\/wp-json\/wp\/v2\/product_cat?post=44936"},{"taxonomy":"product_tag","embeddable":true,"href":"https:\/\/zooprekes24.lt\/lv\/wp-json\/wp\/v2\/product_tag?post=44936"}],"curies":[{"name":"wp","href":"https:\/\/api.w.org\/{rel}","templated":true}]}}