{"id":44864,"date":"2026-01-27T18:35:02","date_gmt":"2026-01-27T16:35:02","guid":{"rendered":"https:\/\/zooprekes24.lt\/?post_type=product&#038;p=44864"},"modified":"2026-01-29T12:57:56","modified_gmt":"2026-01-29T10:57:56","slug":"gemon-adult-sterilized-chicken-liver-mousse-putesiai-katems-85g","status":"publish","type":"product","link":"https:\/\/zooprekes24.lt\/lv\/produktas\/gemon-adult-sterilized-chicken-liver-mousse-putesiai-katems-85g\/","title":{"rendered":"Gemon Adult Sterilized Chicken &#038; Liver Mousse put\u0117siai kat\u0117ms 85 g"},"content":{"rendered":"","protected":false},"excerpt":{"rendered":"<p class=\"MsoNoSpacing\">Saus\u0101 bar\u012bba ar vistas ga\u013cu gr\u016bsn\u0101m un lakt\u0113jo\u0161\u0101m kuc\u0113m un kuc\u0113niem.<\/p>","protected":false},"featured_media":44867,"comment_status":"closed","ping_status":"closed","template":"","meta":{"_acf_changed":false,"slim_seo":{"title":"Gemon Adult Sterilized Chicken & Liver Mousse put\u0117siai kat\u0117ms 85 g - Zooprekes24","description":"Saus\u0101 bar\u012bba ar vistas ga\u013cu gr\u016bsn\u0101m un lakt\u0113jo\u0161\u0101m kuc\u0113m un kuc\u0113niem."},"iawp_total_views":5},"product_brand":[],"product_cat":[9211,72,83,25,9020],"product_tag":[],"class_list":{"0":"post-44864","1":"product","2":"type-product","3":"status-publish","4":"has-post-thumbnail","6":"product_cat-gemon-katems","7":"product_cat-kaciu-maistas","8":"product_cat-kaciu-prekiu-gamintojai","9":"product_cat-katems","10":"product_cat-slapias-maistas-kaciu-maistas","11":"pa_pasaro-sudetis-kepeneles","12":"pa_pasaro-sudetis-vistiena","13":"pa_prekiu-zenklai-gemon","15":"first","16":"instock","17":"taxable","18":"shipping-taxable","19":"purchasable","20":"product-type-variable"},"acf":[],"_links":{"self":[{"href":"https:\/\/zooprekes24.lt\/lv\/wp-json\/wp\/v2\/product\/44864","targetHints":{"allow":["GET"]}}],"collection":[{"href":"https:\/\/zooprekes24.lt\/lv\/wp-json\/wp\/v2\/product"}],"about":[{"href":"https:\/\/zooprekes24.lt\/lv\/wp-json\/wp\/v2\/types\/product"}],"replies":[{"embeddable":true,"href":"https:\/\/zooprekes24.lt\/lv\/wp-json\/wp\/v2\/comments?post=44864"}],"wp:featuredmedia":[{"embeddable":true,"href":"https:\/\/zooprekes24.lt\/lv\/wp-json\/wp\/v2\/media\/44867"}],"wp:attachment":[{"href":"https:\/\/zooprekes24.lt\/lv\/wp-json\/wp\/v2\/media?parent=44864"}],"wp:term":[{"taxonomy":"product_brand","embeddable":true,"href":"https:\/\/zooprekes24.lt\/lv\/wp-json\/wp\/v2\/product_brand?post=44864"},{"taxonomy":"product_cat","embeddable":true,"href":"https:\/\/zooprekes24.lt\/lv\/wp-json\/wp\/v2\/product_cat?post=44864"},{"taxonomy":"product_tag","embeddable":true,"href":"https:\/\/zooprekes24.lt\/lv\/wp-json\/wp\/v2\/product_tag?post=44864"}],"curies":[{"name":"wp","href":"https:\/\/api.w.org\/{rel}","templated":true}]}}