{"id":44704,"date":"2026-01-22T13:47:08","date_gmt":"2026-01-22T11:47:08","guid":{"rendered":"https:\/\/zooprekes24.lt\/?post_type=product&#038;p=44704"},"modified":"2026-01-22T14:22:34","modified_gmt":"2026-01-22T12:22:34","slug":"trixie-juosmens-dirzas-seimininkui-su-pavadeliu-suniui-begiojimui-siaurietiskam-ejimui-ir-kt-m-l-dydzio-pilkas","status":"publish","type":"product","link":"https:\/\/zooprekes24.lt\/lv\/produktas\/trixie-juosmens-dirzas-seimininkui-su-pavadeliu-suniui-begiojimui-siaurietiskam-ejimui-ir-kt-m-l-dydzio-pilkas\/","title":{"rendered":"Trixie juosmens dir\u017eas \u0161eimininkui su pavad\u0117liu \u0161uniui &#8211; b\u0117giojimui, \u0161iaurieti\u0161kam \u0117jimui ir kt., M-L dyd\u017eio, pilkas"},"content":{"rendered":"","protected":false},"excerpt":{"rendered":"","protected":false},"featured_media":44707,"comment_status":"closed","ping_status":"closed","template":"","meta":{"_acf_changed":false,"slim_seo":{"title":"Trixie juosmens dir\u017eas \u0161eimininkui su pavad\u0117liu \u0161uniui - b\u0117giojimui, \u0161iaurieti\u0161kam \u0117jimui ir kt., M-L dyd\u017eio, pilkas - Zooprekes24","description":""},"iawp_total_views":4},"product_brand":[],"product_cat":[9221,32,9074,8999,31,9219],"product_tag":[],"class_list":{"0":"post-44704","1":"product","2":"type-product","3":"status-publish","4":"has-post-thumbnail","6":"product_cat-kelioniu-ir-isvyku-prekes-sunims","7":"product_cat-kitos-sunu-prekes","8":"product_cat-pavadeliai-antsnukiai-petnesos","9":"product_cat-sunims","10":"product_cat-sunu-prekiu-gamintojai","11":"product_cat-trixie-sunims","12":"pa_prekiu-zenklai-trixie","13":"pa_suns-amzius-jauniems","14":"pa_suns-amzius-senjorams","15":"pa_suns-amzius-suaugusiems","16":"pa_suns-amzius-visiems-amziams","17":"pa_veisles-dydis-didelems-veislems","18":"pa_veisles-dydis-vidutinems-veislems","20":"first","21":"instock","22":"featured","23":"taxable","24":"shipping-taxable","25":"purchasable","26":"product-type-simple"},"acf":[],"_links":{"self":[{"href":"https:\/\/zooprekes24.lt\/lv\/wp-json\/wp\/v2\/product\/44704","targetHints":{"allow":["GET"]}}],"collection":[{"href":"https:\/\/zooprekes24.lt\/lv\/wp-json\/wp\/v2\/product"}],"about":[{"href":"https:\/\/zooprekes24.lt\/lv\/wp-json\/wp\/v2\/types\/product"}],"replies":[{"embeddable":true,"href":"https:\/\/zooprekes24.lt\/lv\/wp-json\/wp\/v2\/comments?post=44704"}],"wp:featuredmedia":[{"embeddable":true,"href":"https:\/\/zooprekes24.lt\/lv\/wp-json\/wp\/v2\/media\/44707"}],"wp:attachment":[{"href":"https:\/\/zooprekes24.lt\/lv\/wp-json\/wp\/v2\/media?parent=44704"}],"wp:term":[{"taxonomy":"product_brand","embeddable":true,"href":"https:\/\/zooprekes24.lt\/lv\/wp-json\/wp\/v2\/product_brand?post=44704"},{"taxonomy":"product_cat","embeddable":true,"href":"https:\/\/zooprekes24.lt\/lv\/wp-json\/wp\/v2\/product_cat?post=44704"},{"taxonomy":"product_tag","embeddable":true,"href":"https:\/\/zooprekes24.lt\/lv\/wp-json\/wp\/v2\/product_tag?post=44704"}],"curies":[{"name":"wp","href":"https:\/\/api.w.org\/{rel}","templated":true}]}}