{"id":44614,"date":"2026-01-21T15:42:38","date_gmt":"2026-01-21T13:42:38","guid":{"rendered":"https:\/\/zooprekes24.lt\/?post_type=product&#038;p=44614"},"modified":"2026-01-22T10:23:20","modified_gmt":"2026-01-22T08:23:20","slug":"gimdog-red-titan-curvy-kaulo-formos-zaislas-sunims-masazuoja-dantenas-raudonas","status":"publish","type":"product","link":"https:\/\/zooprekes24.lt\/lv\/produktas\/gimdog-red-titan-curvy-kaulo-formos-zaislas-sunims-masazuoja-dantenas-raudonas\/","title":{"rendered":"GimDog Red Titan Curvy kaulo formos \u017eaislas \u0161unims, masa\u017euoja dantenas, raudonas"},"content":{"rendered":"","protected":false},"excerpt":{"rendered":"","protected":false},"featured_media":44615,"comment_status":"closed","ping_status":"closed","template":"","meta":{"_acf_changed":false,"slim_seo":{"title":"GimDog Red Titan Curvy kaulo formos \u017eaislas \u0161unims, masa\u017euoja dantenas, raudonas - Zooprekes24","description":""},"iawp_total_views":1},"product_brand":[],"product_cat":[32,8999,9024],"product_tag":[],"class_list":{"0":"post-44614","1":"product","2":"type-product","3":"status-publish","4":"has-post-thumbnail","6":"product_cat-kitos-sunu-prekes","7":"product_cat-sunims","8":"product_cat-zaislai-sunims","9":"pa_prekiu-zenklai-gimborn","10":"pa_zaislo-tipas-kramtymui","11":"pa_zaislo-tipas-metymui","13":"first","14":"instock","15":"featured","16":"taxable","17":"shipping-taxable","18":"purchasable","19":"product-type-simple"},"acf":[],"_links":{"self":[{"href":"https:\/\/zooprekes24.lt\/lv\/wp-json\/wp\/v2\/product\/44614","targetHints":{"allow":["GET"]}}],"collection":[{"href":"https:\/\/zooprekes24.lt\/lv\/wp-json\/wp\/v2\/product"}],"about":[{"href":"https:\/\/zooprekes24.lt\/lv\/wp-json\/wp\/v2\/types\/product"}],"replies":[{"embeddable":true,"href":"https:\/\/zooprekes24.lt\/lv\/wp-json\/wp\/v2\/comments?post=44614"}],"wp:featuredmedia":[{"embeddable":true,"href":"https:\/\/zooprekes24.lt\/lv\/wp-json\/wp\/v2\/media\/44615"}],"wp:attachment":[{"href":"https:\/\/zooprekes24.lt\/lv\/wp-json\/wp\/v2\/media?parent=44614"}],"wp:term":[{"taxonomy":"product_brand","embeddable":true,"href":"https:\/\/zooprekes24.lt\/lv\/wp-json\/wp\/v2\/product_brand?post=44614"},{"taxonomy":"product_cat","embeddable":true,"href":"https:\/\/zooprekes24.lt\/lv\/wp-json\/wp\/v2\/product_cat?post=44614"},{"taxonomy":"product_tag","embeddable":true,"href":"https:\/\/zooprekes24.lt\/lv\/wp-json\/wp\/v2\/product_tag?post=44614"}],"curies":[{"name":"wp","href":"https:\/\/api.w.org\/{rel}","templated":true}]}}