{"id":44513,"date":"2026-01-20T12:33:27","date_gmt":"2026-01-20T10:33:27","guid":{"rendered":"https:\/\/zooprekes24.lt\/?post_type=product&#038;p=44513"},"modified":"2026-01-20T16:40:19","modified_gmt":"2026-01-20T14:40:19","slug":"trixie-capri-transportavimo-boksas-deze-augintiniams-xs-dydzio-sviesiai-pilkas-su-violetiniu","status":"publish","type":"product","link":"https:\/\/zooprekes24.lt\/lv\/produktas\/trixie-capri-transportavimo-boksas-deze-augintiniams-xs-dydzio-sviesiai-pilkas-su-violetiniu\/","title":{"rendered":"Trixie Capri transportavimo boksas-d\u0117\u017e\u0117 augintiniams, XS dyd\u017eio, \u0161viesiai pilkas su violetiniu"},"content":{"rendered":"","protected":false},"excerpt":{"rendered":"","protected":false},"featured_media":44514,"comment_status":"closed","ping_status":"closed","template":"","meta":{"_acf_changed":false,"slim_seo":{"title":"Trixie Capri transportavimo boksas-d\u0117\u017e\u0117 augintiniams, XS dyd\u017eio, \u0161viesiai pilkas su violetiniu - Zooprekes24","description":""},"iawp_total_views":2},"product_brand":[],"product_cat":[9078,9223,83,25,9225,9221,104,32,8999,31,9222,9219],"product_tag":[],"class_list":{"0":"post-44513","1":"product","2":"type-product","3":"status-publish","4":"has-post-thumbnail","6":"product_cat-guoliai-patiesimai-transportavimo-priemones-sunims","7":"product_cat-guoliai-patiesimai-transportavimo-priemones-katems","8":"product_cat-kaciu-prekiu-gamintojai","9":"product_cat-katems","10":"product_cat-kelioniu-ir-isvyku-prekes-katems","11":"product_cat-kelioniu-ir-isvyku-prekes-sunims","12":"product_cat-kitos-kaciu-prekes","13":"product_cat-kitos-sunu-prekes","14":"product_cat-sunims","15":"product_cat-sunu-prekiu-gamintojai","16":"product_cat-trixie-katems","17":"product_cat-trixie-sunims","18":"pa_prekiu-zenklai-trixie","19":"pa_veisles-dydis-mazoms-veislems","21":"first","22":"instock","23":"featured","24":"taxable","25":"shipping-taxable","26":"purchasable","27":"product-type-simple"},"acf":[],"_links":{"self":[{"href":"https:\/\/zooprekes24.lt\/lv\/wp-json\/wp\/v2\/product\/44513","targetHints":{"allow":["GET"]}}],"collection":[{"href":"https:\/\/zooprekes24.lt\/lv\/wp-json\/wp\/v2\/product"}],"about":[{"href":"https:\/\/zooprekes24.lt\/lv\/wp-json\/wp\/v2\/types\/product"}],"replies":[{"embeddable":true,"href":"https:\/\/zooprekes24.lt\/lv\/wp-json\/wp\/v2\/comments?post=44513"}],"wp:featuredmedia":[{"embeddable":true,"href":"https:\/\/zooprekes24.lt\/lv\/wp-json\/wp\/v2\/media\/44514"}],"wp:attachment":[{"href":"https:\/\/zooprekes24.lt\/lv\/wp-json\/wp\/v2\/media?parent=44513"}],"wp:term":[{"taxonomy":"product_brand","embeddable":true,"href":"https:\/\/zooprekes24.lt\/lv\/wp-json\/wp\/v2\/product_brand?post=44513"},{"taxonomy":"product_cat","embeddable":true,"href":"https:\/\/zooprekes24.lt\/lv\/wp-json\/wp\/v2\/product_cat?post=44513"},{"taxonomy":"product_tag","embeddable":true,"href":"https:\/\/zooprekes24.lt\/lv\/wp-json\/wp\/v2\/product_tag?post=44513"}],"curies":[{"name":"wp","href":"https:\/\/api.w.org\/{rel}","templated":true}]}}