{"id":44461,"date":"2026-01-19T13:34:55","date_gmt":"2026-01-19T11:34:55","guid":{"rendered":"https:\/\/zooprekes24.lt\/?post_type=product&#038;p=44461"},"modified":"2026-01-20T11:45:38","modified_gmt":"2026-01-20T09:45:38","slug":"trixie-junior-antkaklis-kaciukams-su-sviesa-atspindinciomis-detalemis-iv-spalvu","status":"publish","type":"product","link":"https:\/\/zooprekes24.lt\/lv\/produktas\/trixie-junior-antkaklis-kaciukams-su-sviesa-atspindinciomis-detalemis-iv-spalvu\/","title":{"rendered":"Trixie Junior antkaklis ka\u010diukams, su \u0161vies\u0105 atspindin\u010diomis detal\u0117mis, \u012fv. spalv\u0173"},"content":{"rendered":"","protected":false},"excerpt":{"rendered":"","protected":false},"featured_media":44465,"comment_status":"closed","ping_status":"closed","template":"","meta":{"_acf_changed":false,"slim_seo":{"title":"Trixie Junior antkaklis ka\u010diukams, su \u0161vies\u0105 atspindin\u010diomis detal\u0117mis, \u012fv. spalv\u0173 - Zooprekes24","description":""},"iawp_total_views":5},"product_brand":[],"product_cat":[83,25,104,9070,9222],"product_tag":[],"class_list":{"0":"post-44461","1":"product","2":"type-product","3":"status-publish","4":"has-post-thumbnail","6":"product_cat-kaciu-prekiu-gamintojai","7":"product_cat-katems","8":"product_cat-kitos-kaciu-prekes","9":"product_cat-pavadeliai-antkakliai-petnesos-katems","10":"product_cat-trixie-katems","11":"pa_prekiu-zenklai-trixie","13":"first","14":"instock","15":"featured","16":"taxable","17":"shipping-taxable","18":"purchasable","19":"product-type-simple"},"acf":[],"_links":{"self":[{"href":"https:\/\/zooprekes24.lt\/lv\/wp-json\/wp\/v2\/product\/44461","targetHints":{"allow":["GET"]}}],"collection":[{"href":"https:\/\/zooprekes24.lt\/lv\/wp-json\/wp\/v2\/product"}],"about":[{"href":"https:\/\/zooprekes24.lt\/lv\/wp-json\/wp\/v2\/types\/product"}],"replies":[{"embeddable":true,"href":"https:\/\/zooprekes24.lt\/lv\/wp-json\/wp\/v2\/comments?post=44461"}],"wp:featuredmedia":[{"embeddable":true,"href":"https:\/\/zooprekes24.lt\/lv\/wp-json\/wp\/v2\/media\/44465"}],"wp:attachment":[{"href":"https:\/\/zooprekes24.lt\/lv\/wp-json\/wp\/v2\/media?parent=44461"}],"wp:term":[{"taxonomy":"product_brand","embeddable":true,"href":"https:\/\/zooprekes24.lt\/lv\/wp-json\/wp\/v2\/product_brand?post=44461"},{"taxonomy":"product_cat","embeddable":true,"href":"https:\/\/zooprekes24.lt\/lv\/wp-json\/wp\/v2\/product_cat?post=44461"},{"taxonomy":"product_tag","embeddable":true,"href":"https:\/\/zooprekes24.lt\/lv\/wp-json\/wp\/v2\/product_tag?post=44461"}],"curies":[{"name":"wp","href":"https:\/\/api.w.org\/{rel}","templated":true}]}}