{"id":44304,"date":"2026-01-14T15:27:54","date_gmt":"2026-01-14T13:27:54","guid":{"rendered":"https:\/\/zooprekes24.lt\/?post_type=product&#038;p=44304"},"modified":"2026-01-23T17:16:53","modified_gmt":"2026-01-23T15:16:53","slug":"trixie-zaidimu-tunelis-katems-su-4-iejimais-pilkas-su-melynu","status":"publish","type":"product","link":"https:\/\/zooprekes24.lt\/lv\/produktas\/trixie-zaidimu-tunelis-katems-su-4-iejimais-pilkas-su-melynu\/","title":{"rendered":"Trixie \u017eaidim\u0173 tunelis kat\u0117ms, su 4 \u012f\u0117jimais, pilkas su m\u0117lynu"},"content":{"rendered":"","protected":false},"excerpt":{"rendered":"","protected":false},"featured_media":44305,"comment_status":"closed","ping_status":"closed","template":"","meta":{"_acf_changed":false,"slim_seo":{"title":"Trixie \u017eaidim\u0173 tunelis kat\u0117ms, su 4 \u012f\u0117jimais, pilkas su m\u0117lynu - Zooprekes24","description":""},"iawp_total_views":9},"product_brand":[],"product_cat":[83,25,104,9222,9238],"product_tag":[],"class_list":{"0":"post-44304","1":"product","2":"type-product","3":"status-publish","4":"has-post-thumbnail","6":"product_cat-kaciu-prekiu-gamintojai","7":"product_cat-katems","8":"product_cat-kitos-kaciu-prekes","9":"product_cat-trixie-katems","10":"product_cat-zaislai-katems","11":"pa_prekiu-zenklai-trixie","12":"pa_zaislo-tipas-traskantis","14":"first","15":"instock","16":"featured","17":"taxable","18":"shipping-taxable","19":"purchasable","20":"product-type-simple"},"acf":[],"_links":{"self":[{"href":"https:\/\/zooprekes24.lt\/lv\/wp-json\/wp\/v2\/product\/44304","targetHints":{"allow":["GET"]}}],"collection":[{"href":"https:\/\/zooprekes24.lt\/lv\/wp-json\/wp\/v2\/product"}],"about":[{"href":"https:\/\/zooprekes24.lt\/lv\/wp-json\/wp\/v2\/types\/product"}],"replies":[{"embeddable":true,"href":"https:\/\/zooprekes24.lt\/lv\/wp-json\/wp\/v2\/comments?post=44304"}],"wp:featuredmedia":[{"embeddable":true,"href":"https:\/\/zooprekes24.lt\/lv\/wp-json\/wp\/v2\/media\/44305"}],"wp:attachment":[{"href":"https:\/\/zooprekes24.lt\/lv\/wp-json\/wp\/v2\/media?parent=44304"}],"wp:term":[{"taxonomy":"product_brand","embeddable":true,"href":"https:\/\/zooprekes24.lt\/lv\/wp-json\/wp\/v2\/product_brand?post=44304"},{"taxonomy":"product_cat","embeddable":true,"href":"https:\/\/zooprekes24.lt\/lv\/wp-json\/wp\/v2\/product_cat?post=44304"},{"taxonomy":"product_tag","embeddable":true,"href":"https:\/\/zooprekes24.lt\/lv\/wp-json\/wp\/v2\/product_tag?post=44304"}],"curies":[{"name":"wp","href":"https:\/\/api.w.org\/{rel}","templated":true}]}}