{"id":44282,"date":"2026-01-14T14:42:59","date_gmt":"2026-01-14T12:42:59","guid":{"rendered":"https:\/\/zooprekes24.lt\/?post_type=product&#038;p=44282"},"modified":"2026-01-30T07:20:05","modified_gmt":"2026-01-30T05:20:05","slug":"trixie-pagalbinis-kelimo-dirzas-skirtas-senyviems-po-operaciju-ar-turintiems-judejimo-sutrikimu-sunims-iv-dydziu-juodas","status":"publish","type":"product","link":"https:\/\/zooprekes24.lt\/lv\/produktas\/trixie-pagalbinis-kelimo-dirzas-skirtas-senyviems-po-operaciju-ar-turintiems-judejimo-sutrikimu-sunims-iv-dydziu-juodas\/","title":{"rendered":"Trixie pagalbinis k\u0117limo dir\u017eas, skirtas senyviems, po operacij\u0173 ar turintiems jud\u0117jimo sutrikim\u0173 \u0161unims, \u012fv. dyd\u017ei\u0173, juodas"},"content":{"rendered":"<p>I\u0161matavimai:<\/p>\n<ul>\n<li data-start=\"107\" data-end=\"148\">\n<p data-start=\"109\" data-end=\"148\">M: iki 25 kg, pilvo apimtis 60-65 cm,<\/p>\n<\/li>\n<li data-start=\"149\" data-end=\"190\">\n<p data-start=\"151\" data-end=\"190\">L: iki 35 kg, pilvo apimtis 65-80 cm,<\/p>\n<\/li>\n<li data-start=\"191\" data-end=\"235\">\n<p data-start=\"193\" data-end=\"235\">L-XL: iki 45 kg, pilvo apimtis 75-90 cm,<\/p>\n<\/li>\n<li data-start=\"236\" data-end=\"278\">\n<p data-start=\"238\" data-end=\"278\">XL: iki 50 kg, pilvo apimtis 85-95 cm.<\/p>\n<\/li>\n<\/ul>","protected":false},"excerpt":{"rendered":"<p>I\u0161matavimai: M: iki 25 kg, pilvo apimtis 60-65 cm, L: iki 35 kg, pilvo apimtis 65-80 cm, L-XL: iki 45 kg, pilvo apimtis 75-90 cm, XL: iki 50 kg, pilvo apimtis 85-95 cm.<\/p>","protected":false},"featured_media":44293,"comment_status":"closed","ping_status":"closed","template":"","meta":{"_acf_changed":false,"slim_seo":{"title":"Trixie pagalbinis k\u0117limo dir\u017eas, skirtas senyviems, po operacij\u0173 ar turintiems jud\u0117jimo sutrikim\u0173 \u0161unims, \u012fv. dyd\u017ei\u0173, juodas - Zooprekes24","description":"I\u0161matavimai: M: iki 25 kg, pilvo apimtis 60-65 cm, L: iki 35 kg, pilvo apimtis 65-80 cm, L-XL: iki 45 kg, pilvo apimtis 75-90 cm, XL: iki 50 kg, pilvo apimtis 8"},"iawp_total_views":15},"product_brand":[],"product_cat":[78,83,32,9026,8999,31,9219],"product_tag":[],"class_list":{"0":"post-44282","1":"product","2":"type-product","3":"status-publish","4":"has-post-thumbnail","6":"product_cat-higiena-ir-prieziura-katems","7":"product_cat-kaciu-prekiu-gamintojai","8":"product_cat-kitos-sunu-prekes","9":"product_cat-prieziuros-priemones-sunims","10":"product_cat-sunims","11":"product_cat-sunu-prekiu-gamintojai","12":"product_cat-trixie-sunims","13":"pa_prekiu-zenklai-trixie","15":"first","16":"instock","17":"featured","18":"taxable","19":"shipping-taxable","20":"purchasable","21":"product-type-variable"},"acf":[],"_links":{"self":[{"href":"https:\/\/zooprekes24.lt\/lv\/wp-json\/wp\/v2\/product\/44282","targetHints":{"allow":["GET"]}}],"collection":[{"href":"https:\/\/zooprekes24.lt\/lv\/wp-json\/wp\/v2\/product"}],"about":[{"href":"https:\/\/zooprekes24.lt\/lv\/wp-json\/wp\/v2\/types\/product"}],"replies":[{"embeddable":true,"href":"https:\/\/zooprekes24.lt\/lv\/wp-json\/wp\/v2\/comments?post=44282"}],"wp:featuredmedia":[{"embeddable":true,"href":"https:\/\/zooprekes24.lt\/lv\/wp-json\/wp\/v2\/media\/44293"}],"wp:attachment":[{"href":"https:\/\/zooprekes24.lt\/lv\/wp-json\/wp\/v2\/media?parent=44282"}],"wp:term":[{"taxonomy":"product_brand","embeddable":true,"href":"https:\/\/zooprekes24.lt\/lv\/wp-json\/wp\/v2\/product_brand?post=44282"},{"taxonomy":"product_cat","embeddable":true,"href":"https:\/\/zooprekes24.lt\/lv\/wp-json\/wp\/v2\/product_cat?post=44282"},{"taxonomy":"product_tag","embeddable":true,"href":"https:\/\/zooprekes24.lt\/lv\/wp-json\/wp\/v2\/product_tag?post=44282"}],"curies":[{"name":"wp","href":"https:\/\/api.w.org\/{rel}","templated":true}]}}