{"id":44271,"date":"2026-01-14T14:25:11","date_gmt":"2026-01-14T12:25:11","guid":{"rendered":"https:\/\/zooprekes24.lt\/?post_type=product&#038;p=44271"},"modified":"2026-01-30T07:25:41","modified_gmt":"2026-01-30T05:25:41","slug":"trixie-apsauginis-rubas-sunims-skirtas-po-operaciju-iv-dydziu-pilkas","status":"publish","type":"product","link":"https:\/\/zooprekes24.lt\/lv\/produktas\/trixie-apsauginis-rubas-sunims-skirtas-po-operaciju-iv-dydziu-pilkas\/","title":{"rendered":"Trixie apsauginis r\u016bbas \u0161unims, skirtas po operacij\u0173, \u012fv. dyd\u017ei\u0173, pilkas"},"content":{"rendered":"<p>I\u0161matavimai:<\/p>\n<ul>\n<li data-start=\"83\" data-end=\"117\">\n<p data-start=\"85\" data-end=\"117\">XS: nugaros ilgis 25 cm,<\/p>\n<\/li>\n<li data-start=\"118\" data-end=\"154\">\n<p data-start=\"120\" data-end=\"154\">XS-S: nugaros ilgis 30 cm,<\/p>\n<\/li>\n<li data-start=\"155\" data-end=\"188\">\n<p data-start=\"157\" data-end=\"188\">S: nugaros ilgis 35 cm,<\/p>\n<\/li>\n<li data-start=\"189\" data-end=\"224\">\n<p data-start=\"191\" data-end=\"224\">S-M: nugaros ilgis 40 cm,<\/p>\n<\/li>\n<li data-start=\"225\" data-end=\"258\">\n<p data-start=\"227\" data-end=\"258\">M: nugaros ilgis 45 cm,<\/p>\n<\/li>\n<li data-start=\"259\" data-end=\"294\">\n<p data-start=\"261\" data-end=\"294\">M-L: nugaros ilgis 50 cm.<\/p>\n<\/li>\n<\/ul>","protected":false},"excerpt":{"rendered":"<p>I\u0161matavimai: XS: nugaros ilgis 25 cm, XS-S: nugaros ilgis 30 cm, S: nugaros ilgis 35 cm, S-M: nugaros ilgis 40 cm, M: nugaros ilgis 45 cm, M-L: nugaros ilgis 50 cm.<\/p>","protected":false},"featured_media":44280,"comment_status":"closed","ping_status":"closed","template":"","meta":{"_acf_changed":false,"slim_seo":{"title":"Trixie apsauginis r\u016bbas \u0161unims, skirtas po operacij\u0173, \u012fv. dyd\u017ei\u0173, pilkas - Zooprekes24","description":"I\u0161matavimai: XS: nugaros ilgis 25 cm, XS-S: nugaros ilgis 30 cm, S: nugaros ilgis 35 cm, S-M: nugaros ilgis 40 cm, M: nugaros ilgis 45 cm, M-L: nugaros ilgis 50"},"iawp_total_views":19},"product_brand":[],"product_cat":[9079,78,83,32,9026,8999,31,9219],"product_tag":[],"class_list":{"0":"post-44271","1":"product","2":"type-product","3":"status-publish","4":"has-post-thumbnail","6":"product_cat-drabuziai-ir-aksesuarai","7":"product_cat-higiena-ir-prieziura-katems","8":"product_cat-kaciu-prekiu-gamintojai","9":"product_cat-kitos-sunu-prekes","10":"product_cat-prieziuros-priemones-sunims","11":"product_cat-sunims","12":"product_cat-sunu-prekiu-gamintojai","13":"product_cat-trixie-sunims","14":"pa_prekiu-zenklai-trixie","16":"first","17":"instock","18":"featured","19":"taxable","20":"shipping-taxable","21":"purchasable","22":"product-type-variable"},"acf":[],"_links":{"self":[{"href":"https:\/\/zooprekes24.lt\/lv\/wp-json\/wp\/v2\/product\/44271","targetHints":{"allow":["GET"]}}],"collection":[{"href":"https:\/\/zooprekes24.lt\/lv\/wp-json\/wp\/v2\/product"}],"about":[{"href":"https:\/\/zooprekes24.lt\/lv\/wp-json\/wp\/v2\/types\/product"}],"replies":[{"embeddable":true,"href":"https:\/\/zooprekes24.lt\/lv\/wp-json\/wp\/v2\/comments?post=44271"}],"wp:featuredmedia":[{"embeddable":true,"href":"https:\/\/zooprekes24.lt\/lv\/wp-json\/wp\/v2\/media\/44280"}],"wp:attachment":[{"href":"https:\/\/zooprekes24.lt\/lv\/wp-json\/wp\/v2\/media?parent=44271"}],"wp:term":[{"taxonomy":"product_brand","embeddable":true,"href":"https:\/\/zooprekes24.lt\/lv\/wp-json\/wp\/v2\/product_brand?post=44271"},{"taxonomy":"product_cat","embeddable":true,"href":"https:\/\/zooprekes24.lt\/lv\/wp-json\/wp\/v2\/product_cat?post=44271"},{"taxonomy":"product_tag","embeddable":true,"href":"https:\/\/zooprekes24.lt\/lv\/wp-json\/wp\/v2\/product_tag?post=44271"}],"curies":[{"name":"wp","href":"https:\/\/api.w.org\/{rel}","templated":true}]}}