{"id":44263,"date":"2026-01-14T14:08:21","date_gmt":"2026-01-14T12:08:21","guid":{"rendered":"https:\/\/zooprekes24.lt\/?post_type=product&#038;p=44263"},"modified":"2026-01-30T07:28:27","modified_gmt":"2026-01-30T05:28:27","slug":"trixie-apsauginis-rubas-katems-skirtas-po-operaciju-iv-dydziu-pilkas","status":"publish","type":"product","link":"https:\/\/zooprekes24.lt\/lv\/produktas\/trixie-apsauginis-rubas-katems-skirtas-po-operaciju-iv-dydziu-pilkas\/","title":{"rendered":"Trixie apsauginis r\u016bbas kat\u0117ms, skirtas po operacij\u0173, \u012fv. dyd\u017ei\u0173, pilkas"},"content":{"rendered":"<p>I\u0161matavimai:<\/p>\n<ul>\n<li>S-M: nugaros ilgis 32-36 cm,<\/li>\n<li>M-L: nugaros ilgis 36-42 cm.<\/li>\n<\/ul>","protected":false},"excerpt":{"rendered":"<p>I\u0161matavimai: S-M: nugaros ilgis 32-36 cm, M-L: nugaros ilgis 36-42 cm.<\/p>","protected":false},"featured_media":44269,"comment_status":"closed","ping_status":"closed","template":"","meta":{"_acf_changed":false,"slim_seo":{"title":"Trixie apsauginis r\u016bbas kat\u0117ms, skirtas po operacij\u0173, \u012fv. dyd\u017ei\u0173, pilkas - Zooprekes24","description":"I\u0161matavimai: S-M: nugaros ilgis 32-36 cm, M-L: nugaros ilgis 36-42 cm."},"iawp_total_views":29},"product_brand":[],"product_cat":[78,83,25,104,9025,9222],"product_tag":[],"class_list":{"0":"post-44263","1":"product","2":"type-product","3":"status-publish","4":"has-post-thumbnail","6":"product_cat-higiena-ir-prieziura-katems","7":"product_cat-kaciu-prekiu-gamintojai","8":"product_cat-katems","9":"product_cat-kitos-kaciu-prekes","10":"product_cat-prieziuros-priemones-katems","11":"product_cat-trixie-katems","12":"pa_prekiu-zenklai-trixie","14":"first","15":"instock","16":"featured","17":"taxable","18":"shipping-taxable","19":"purchasable","20":"product-type-variable"},"acf":[],"_links":{"self":[{"href":"https:\/\/zooprekes24.lt\/lv\/wp-json\/wp\/v2\/product\/44263","targetHints":{"allow":["GET"]}}],"collection":[{"href":"https:\/\/zooprekes24.lt\/lv\/wp-json\/wp\/v2\/product"}],"about":[{"href":"https:\/\/zooprekes24.lt\/lv\/wp-json\/wp\/v2\/types\/product"}],"replies":[{"embeddable":true,"href":"https:\/\/zooprekes24.lt\/lv\/wp-json\/wp\/v2\/comments?post=44263"}],"wp:featuredmedia":[{"embeddable":true,"href":"https:\/\/zooprekes24.lt\/lv\/wp-json\/wp\/v2\/media\/44269"}],"wp:attachment":[{"href":"https:\/\/zooprekes24.lt\/lv\/wp-json\/wp\/v2\/media?parent=44263"}],"wp:term":[{"taxonomy":"product_brand","embeddable":true,"href":"https:\/\/zooprekes24.lt\/lv\/wp-json\/wp\/v2\/product_brand?post=44263"},{"taxonomy":"product_cat","embeddable":true,"href":"https:\/\/zooprekes24.lt\/lv\/wp-json\/wp\/v2\/product_cat?post=44263"},{"taxonomy":"product_tag","embeddable":true,"href":"https:\/\/zooprekes24.lt\/lv\/wp-json\/wp\/v2\/product_tag?post=44263"}],"curies":[{"name":"wp","href":"https:\/\/api.w.org\/{rel}","templated":true}]}}