{"id":44240,"date":"2026-01-14T13:23:52","date_gmt":"2026-01-14T11:23:52","guid":{"rendered":"https:\/\/zooprekes24.lt\/?post_type=product&#038;p=44240"},"modified":"2026-01-30T11:26:14","modified_gmt":"2026-01-30T09:26:14","slug":"trixie-antsnukis-su-tinkleliu-sunims-apsauga-nuo-uznuodyto-maisto-iv-dydziu-juodas","status":"publish","type":"product","link":"https:\/\/zooprekes24.lt\/lv\/produktas\/trixie-antsnukis-su-tinkleliu-sunims-apsauga-nuo-uznuodyto-maisto-iv-dydziu-juodas\/","title":{"rendered":"Trixie antsnukis su tinkleliu \u0161unims, apsauga nuo u\u017enuodyto maisto, \u012fv. dyd\u017ei\u0173, juodas"},"content":{"rendered":"<p>I\u0161matavimai:<\/p>\n<ul>\n<li>S: vidin\u0117 antsnukio apimtis: 18 cm, tinklin\u0117s dalies ilgis: 7 cm,<\/li>\n<li>S-M: vidin\u0117 antsnukio apimtis: 22 cm, tinklin\u0117s dalies ilgis: 8 cm,<\/li>\n<li>M-L: vidin\u0117 antsnukio apimtis: 27 cm, tinklin\u0117s dalies ilgis: 9 cm,<\/li>\n<li>L: vidin\u0117 antsnukio apimtis: 32 cm, tinklin\u0117s dalies ilgis: 11 cm.<\/li>\n<li>XL: vidin\u0117 antsnukio apimtis: 37 cm, tinklin\u0117s dalies ilgis: 12 cm.<\/li>\n<\/ul>","protected":false},"excerpt":{"rendered":"<p>I\u0161matavimai: S: vidin\u0117 antsnukio apimtis: 18 cm, tinklin\u0117s dalies ilgis: 7 cm, S-M: vidin\u0117 antsnukio apimtis: 22 cm, tinklin\u0117s dalies ilgis: 8 cm, M-L: vidin\u0117 antsnukio apimtis: 27 cm, tinklin\u0117s dalies ilgis: 9 cm, L: vidin\u0117 antsnukio apimtis: 32 cm, tinklin\u0117s dalies ilgis: 11 cm. XL: vidin\u0117 antsnukio apimtis: 37 cm, tinklin\u0117s dalies ilgis: 12&#8230;<\/p>","protected":false},"featured_media":44247,"comment_status":"closed","ping_status":"closed","template":"","meta":{"_acf_changed":false,"slim_seo":{"title":"Trixie antsnukis su tinkleliu \u0161unims, apsauga nuo u\u017enuodyto maisto, \u012fv. dyd\u017ei\u0173, juodas - Zooprekes24","description":"I\u0161matavimai: S: vidin\u0117 antsnukio apimtis: 18 cm, tinklin\u0117s dalies ilgis: 7 cm, S-M: vidin\u0117 antsnukio apimtis: 22 cm, tinklin\u0117s dalies ilgis: 8 cm, M-L: vidin\u0117 a"},"iawp_total_views":31},"product_brand":[],"product_cat":[32,9074,8999,31,9219],"product_tag":[],"class_list":{"0":"post-44240","1":"product","2":"type-product","3":"status-publish","4":"has-post-thumbnail","6":"product_cat-kitos-sunu-prekes","7":"product_cat-pavadeliai-antsnukiai-petnesos","8":"product_cat-sunims","9":"product_cat-sunu-prekiu-gamintojai","10":"product_cat-trixie-sunims","11":"pa_prekiu-zenklai-trixie","12":"pa_veisles-dydis-didelems-veislems","13":"pa_veisles-dydis-mazoms-veislems","14":"pa_veisles-dydis-vidutinems-veislems","15":"pa_veisles-dydis-visu-dydziu-veislems","17":"first","18":"instock","19":"featured","20":"taxable","21":"shipping-taxable","22":"purchasable","23":"product-type-variable"},"acf":[],"_links":{"self":[{"href":"https:\/\/zooprekes24.lt\/lv\/wp-json\/wp\/v2\/product\/44240","targetHints":{"allow":["GET"]}}],"collection":[{"href":"https:\/\/zooprekes24.lt\/lv\/wp-json\/wp\/v2\/product"}],"about":[{"href":"https:\/\/zooprekes24.lt\/lv\/wp-json\/wp\/v2\/types\/product"}],"replies":[{"embeddable":true,"href":"https:\/\/zooprekes24.lt\/lv\/wp-json\/wp\/v2\/comments?post=44240"}],"wp:featuredmedia":[{"embeddable":true,"href":"https:\/\/zooprekes24.lt\/lv\/wp-json\/wp\/v2\/media\/44247"}],"wp:attachment":[{"href":"https:\/\/zooprekes24.lt\/lv\/wp-json\/wp\/v2\/media?parent=44240"}],"wp:term":[{"taxonomy":"product_brand","embeddable":true,"href":"https:\/\/zooprekes24.lt\/lv\/wp-json\/wp\/v2\/product_brand?post=44240"},{"taxonomy":"product_cat","embeddable":true,"href":"https:\/\/zooprekes24.lt\/lv\/wp-json\/wp\/v2\/product_cat?post=44240"},{"taxonomy":"product_tag","embeddable":true,"href":"https:\/\/zooprekes24.lt\/lv\/wp-json\/wp\/v2\/product_tag?post=44240"}],"curies":[{"name":"wp","href":"https:\/\/api.w.org\/{rel}","templated":true}]}}