{"id":44232,"date":"2026-01-14T13:05:48","date_gmt":"2026-01-14T11:05:48","guid":{"rendered":"https:\/\/zooprekes24.lt\/?post_type=product&#038;p=44232"},"modified":"2026-01-30T12:03:55","modified_gmt":"2026-01-30T10:03:55","slug":"trixie-vienkartines-sauskelnes-patinams-iv-dydziu","status":"publish","type":"product","link":"https:\/\/zooprekes24.lt\/lv\/produktas\/trixie-vienkartines-sauskelnes-patinams-iv-dydziu\/","title":{"rendered":"Trixie vienkartin\u0117s sauskeln\u0117s patinams, \u012fv. dyd\u017ei\u0173"},"content":{"rendered":"<p>Sauskelni\u0173 i\u0161matavimai (aplink juosmen\u012f, ties galin\u0117mis kojomis):<\/p>\n<ul>\n<li>S-M &#8211; 30-46 cm,<\/li>\n<li>M-L &#8211; 46-60 cm.<\/li>\n<\/ul>","protected":false},"excerpt":{"rendered":"<p>Sauskelni\u0173 i\u0161matavimai (aplink juosmen\u012f, ties galin\u0117mis kojomis): S-M &#8211; 30-46 cm, M-L &#8211; 46-60 cm.<\/p>","protected":false},"featured_media":44237,"comment_status":"closed","ping_status":"closed","template":"","meta":{"_acf_changed":false,"slim_seo":{"title":"Trixie vienkartin\u0117s sauskeln\u0117s patinams, \u012fv. dyd\u017ei\u0173 - Zooprekes24","description":"Sauskelni\u0173 i\u0161matavimai (aplink juosmen\u012f, ties galin\u0117mis kojomis): S-M - 30-46 cm, M-L - 46-60 cm."},"iawp_total_views":20},"product_brand":[],"product_cat":[9005,32,8999,31,9219],"product_tag":[],"class_list":{"0":"post-44232","1":"product","2":"type-product","3":"status-publish","4":"has-post-thumbnail","6":"product_cat-higienos-ir-valymo-priemones","7":"product_cat-kitos-sunu-prekes","8":"product_cat-sunims","9":"product_cat-sunu-prekiu-gamintojai","10":"product_cat-trixie-sunims","11":"pa_prekiu-zenklai-trixie","13":"first","14":"instock","15":"featured","16":"taxable","17":"shipping-taxable","18":"purchasable","19":"product-type-variable"},"acf":[],"_links":{"self":[{"href":"https:\/\/zooprekes24.lt\/lv\/wp-json\/wp\/v2\/product\/44232","targetHints":{"allow":["GET"]}}],"collection":[{"href":"https:\/\/zooprekes24.lt\/lv\/wp-json\/wp\/v2\/product"}],"about":[{"href":"https:\/\/zooprekes24.lt\/lv\/wp-json\/wp\/v2\/types\/product"}],"replies":[{"embeddable":true,"href":"https:\/\/zooprekes24.lt\/lv\/wp-json\/wp\/v2\/comments?post=44232"}],"wp:featuredmedia":[{"embeddable":true,"href":"https:\/\/zooprekes24.lt\/lv\/wp-json\/wp\/v2\/media\/44237"}],"wp:attachment":[{"href":"https:\/\/zooprekes24.lt\/lv\/wp-json\/wp\/v2\/media?parent=44232"}],"wp:term":[{"taxonomy":"product_brand","embeddable":true,"href":"https:\/\/zooprekes24.lt\/lv\/wp-json\/wp\/v2\/product_brand?post=44232"},{"taxonomy":"product_cat","embeddable":true,"href":"https:\/\/zooprekes24.lt\/lv\/wp-json\/wp\/v2\/product_cat?post=44232"},{"taxonomy":"product_tag","embeddable":true,"href":"https:\/\/zooprekes24.lt\/lv\/wp-json\/wp\/v2\/product_tag?post=44232"}],"curies":[{"name":"wp","href":"https:\/\/api.w.org\/{rel}","templated":true}]}}