{"id":44136,"date":"2026-01-13T11:34:14","date_gmt":"2026-01-13T09:34:14","guid":{"rendered":"https:\/\/zooprekes24.lt\/?post_type=product&#038;p=44136"},"modified":"2026-01-30T13:16:03","modified_gmt":"2026-01-30T11:16:03","slug":"brit-veterinary-diets-sterilised-sausas-maistas-katems-2kg","status":"publish","type":"product","link":"https:\/\/zooprekes24.lt\/lv\/produktas\/brit-veterinary-diets-sterilised-sausas-maistas-katems-2kg\/","title":{"rendered":"Brit Veterinary Diets Sterilised sausas maistas kat\u0117ms 2 kg"},"content":{"rendered":"<h3>Brit Veterinary Diets Sterilised &#8211; v<span>isavertis pa\u0161aras vis\u0173 veisli\u0173 sterilizuotoms suaugusioms kat\u0117ms.<\/span><\/h3>\n<h3><span style=\"color: #4f8d8e;\">Lieto\u0161anai piem\u0113rota saus\u0101 bar\u012bba:<\/span><\/h3>\n<ul>\n<li>Sterilizuot\u0173 ka\u010di\u0173 svorio kontrol\u0117.<\/li>\n<li>Sterilizuot\u0173 ka\u010di\u0173 k\u016bno b\u016bkl\u0117s palaikymas.<\/li>\n<li>Sveikos odos, kailio ir \u0161lapimo tak\u0173 palaikymas.<\/li>\n<li><span style=\"letter-spacing: 0em;\">Sausas maistas tinkamas visoms suaugusioms kat\u0117ms.<\/span><\/li>\n<li>Brit Veterinary Diets Sterilised sud\u0117tyje n\u0117ra naudojamas <span>lipekli, soju vai \u0122MO.<\/span><\/li>\n<li>Siekiant geriausio ir efektyviausio rezultato rekomenduojama kartu naudoti Brit Veterinary Diets \u0161lapi\u0105 maist\u0105.<\/li>\n<\/ul>\n<p><a ref=\"magnificPopup\" href=\"https:\/\/zooprekes24.lt\/wp-content\/uploads\/Brit-Veterinary-Diets-Grain-free-logo.png\"><img loading=\"lazy\" decoding=\"async\" class=\"alignnone wp-image-16429\" src=\"https:\/\/zooprekes24.lt\/wp-content\/uploads\/Brit-Veterinary-Diets-Grain-free-logo.png\" alt=\"Brit Veterinary Diets Grain-free logo\" width=\"150\" height=\"151\" \/><\/a><\/p>","protected":false},"excerpt":{"rendered":"<p>Brit Veterinary Diets Sterilised &#8211; visavertis pa\u0161aras vis\u0173 veisli\u0173 sterilizuotoms suaugusioms kat\u0117ms. Sausas maistas tinkamas naudojimui: Sterilizuot\u0173 ka\u010di\u0173 svorio kontrol\u0117. Sterilizuot\u0173 ka\u010di\u0173 k\u016bno b\u016bkl\u0117s palaikymas. Sveikos odos, kailio ir \u0161lapimo tak\u0173 palaikymas. Sausas maistas tinkamas visoms suaugusioms kat\u0117ms. Brit Veterinary Diets Sterilised sud\u0117tyje n\u0117ra naudojamas glitimas, soja ar GMO. Siekiant geriausio ir efektyviausio rezultato rekomenduojama&#8230;<\/p>","protected":false},"featured_media":44138,"comment_status":"closed","ping_status":"closed","template":"","meta":{"_acf_changed":false,"slim_seo":{"title":"Brit Veterinary Diets Sterilised sausas maistas kat\u0117ms 2 kg - Zooprekes24","description":"Brit Veterinary Diets Sterilised - v isavertis pa\u0161aras vis\u0173 veisli\u0173 sterilizuotoms suaugusioms kat\u0117ms. Sausas maistas tinkamas naudojimui: Sterilizuot\u0173 ka\u010di\u0173 sv"},"iawp_total_views":3},"product_brand":[],"product_cat":[9234,72,83,25,9037],"product_tag":[],"class_list":{"0":"post-44136","1":"product","2":"type-product","3":"status-publish","4":"has-post-thumbnail","6":"product_cat-brit-veterinary-diets-katems","7":"product_cat-kaciu-maistas","8":"product_cat-kaciu-prekiu-gamintojai","9":"product_cat-katems","10":"product_cat-veterinarine-dieta-kaciu-maistas","11":"pa_pasaro-sudetis-darzoves","12":"pa_pasaro-sudetis-lasisa","13":"pa_pasaro-sudetis-vaisiai","14":"pa_pasaro-sudetis-zuvis","15":"pa_prekiu-zenklai-brit-veterinary-diets","17":"first","18":"instock","19":"featured","20":"taxable","21":"shipping-taxable","22":"purchasable","23":"product-type-simple"},"acf":[],"_links":{"self":[{"href":"https:\/\/zooprekes24.lt\/lv\/wp-json\/wp\/v2\/product\/44136","targetHints":{"allow":["GET"]}}],"collection":[{"href":"https:\/\/zooprekes24.lt\/lv\/wp-json\/wp\/v2\/product"}],"about":[{"href":"https:\/\/zooprekes24.lt\/lv\/wp-json\/wp\/v2\/types\/product"}],"replies":[{"embeddable":true,"href":"https:\/\/zooprekes24.lt\/lv\/wp-json\/wp\/v2\/comments?post=44136"}],"wp:featuredmedia":[{"embeddable":true,"href":"https:\/\/zooprekes24.lt\/lv\/wp-json\/wp\/v2\/media\/44138"}],"wp:attachment":[{"href":"https:\/\/zooprekes24.lt\/lv\/wp-json\/wp\/v2\/media?parent=44136"}],"wp:term":[{"taxonomy":"product_brand","embeddable":true,"href":"https:\/\/zooprekes24.lt\/lv\/wp-json\/wp\/v2\/product_brand?post=44136"},{"taxonomy":"product_cat","embeddable":true,"href":"https:\/\/zooprekes24.lt\/lv\/wp-json\/wp\/v2\/product_cat?post=44136"},{"taxonomy":"product_tag","embeddable":true,"href":"https:\/\/zooprekes24.lt\/lv\/wp-json\/wp\/v2\/product_tag?post=44136"}],"curies":[{"name":"wp","href":"https:\/\/api.w.org\/{rel}","templated":true}]}}