{"id":44060,"date":"2026-01-12T14:32:10","date_gmt":"2026-01-12T12:32:10","guid":{"rendered":"https:\/\/zooprekes24.lt\/?post_type=product&#038;p=44060"},"modified":"2026-03-12T09:48:55","modified_gmt":"2026-03-12T07:48:55","slug":"trixie-zirkles-nagams-su-nerudijancio-plieno-asmenimis-sunims-katems-pauksciams-ir-kitiems-smulkiems-gyvunams-melynos-su-juodu","status":"publish","type":"product","link":"https:\/\/zooprekes24.lt\/lv\/produktas\/trixie-zirkles-nagams-su-nerudijancio-plieno-asmenimis-sunims-katems-pauksciams-ir-kitiems-smulkiems-gyvunams-melynos-su-juodu\/","title":{"rendered":"Trixie \u017eirkl\u0117s nagams, su ner\u016bdijan\u010dio plieno a\u0161menimis, \u0161unims, kat\u0117ms, pauk\u0161\u010diams ir kitiems smulkiems gyv\u016bnams, m\u0117lynos su juodu"},"content":{"rendered":"","protected":false},"excerpt":{"rendered":"","protected":false},"featured_media":44063,"comment_status":"closed","ping_status":"closed","template":"","meta":{"_acf_changed":false,"slim_seo":{"title":"Trixie \u017eirkl\u0117s nagams, su ner\u016bdijan\u010dio plieno a\u0161menimis, \u0161unims, kat\u0117ms, pauk\u0161\u010diams ir kitiems smulkiems gyv\u016bnams, m\u0117lynos su juodu - Zooprekes24","description":""},"iawp_total_views":7},"product_brand":[],"product_cat":[9299,83,25,104,32,9279,9026,9025,8999,31,9219,9222],"product_tag":[],"class_list":{"0":"post-44060","1":"product","2":"type-product","3":"status-publish","4":"has-post-thumbnail","6":"product_cat-grauzikams","7":"product_cat-kaciu-prekiu-gamintojai","8":"product_cat-katems","9":"product_cat-kitos-kaciu-prekes","10":"product_cat-kitos-sunu-prekes","11":"product_cat-pauksciams","12":"product_cat-prieziuros-priemones-sunims","13":"product_cat-prieziuros-priemones-katems","14":"product_cat-sunims","15":"product_cat-sunu-prekiu-gamintojai","16":"product_cat-trixie-sunims","17":"product_cat-trixie-katems","18":"pa_prekiu-zenklai-trixie","19":"pa_veisles-dydis-mazoms-veislems","21":"first","22":"instock","23":"featured","24":"taxable","25":"shipping-taxable","26":"purchasable","27":"product-type-simple"},"acf":[],"_links":{"self":[{"href":"https:\/\/zooprekes24.lt\/lv\/wp-json\/wp\/v2\/product\/44060","targetHints":{"allow":["GET"]}}],"collection":[{"href":"https:\/\/zooprekes24.lt\/lv\/wp-json\/wp\/v2\/product"}],"about":[{"href":"https:\/\/zooprekes24.lt\/lv\/wp-json\/wp\/v2\/types\/product"}],"replies":[{"embeddable":true,"href":"https:\/\/zooprekes24.lt\/lv\/wp-json\/wp\/v2\/comments?post=44060"}],"wp:featuredmedia":[{"embeddable":true,"href":"https:\/\/zooprekes24.lt\/lv\/wp-json\/wp\/v2\/media\/44063"}],"wp:attachment":[{"href":"https:\/\/zooprekes24.lt\/lv\/wp-json\/wp\/v2\/media?parent=44060"}],"wp:term":[{"taxonomy":"product_brand","embeddable":true,"href":"https:\/\/zooprekes24.lt\/lv\/wp-json\/wp\/v2\/product_brand?post=44060"},{"taxonomy":"product_cat","embeddable":true,"href":"https:\/\/zooprekes24.lt\/lv\/wp-json\/wp\/v2\/product_cat?post=44060"},{"taxonomy":"product_tag","embeddable":true,"href":"https:\/\/zooprekes24.lt\/lv\/wp-json\/wp\/v2\/product_tag?post=44060"}],"curies":[{"name":"wp","href":"https:\/\/api.w.org\/{rel}","templated":true}]}}