{"id":43880,"date":"2026-01-07T15:07:10","date_gmt":"2026-01-07T13:07:10","guid":{"rendered":"https:\/\/zooprekes24.lt\/?post_type=product&#038;p=43880"},"modified":"2026-01-12T14:29:31","modified_gmt":"2026-01-12T12:29:31","slug":"gimcat-derma-pasta-katems-palaiko-sveika-oda-ir-blizganti-kaili-50g","status":"publish","type":"product","link":"https:\/\/zooprekes24.lt\/lv\/produktas\/gimcat-derma-pasta-katems-palaiko-sveika-oda-ir-blizganti-kaili-50g\/","title":{"rendered":"GimCat Derma pasta kat\u0117ms, palaiko sveik\u0105 od\u0105 ir blizgant\u012f kail\u012f, 50 g"},"content":{"rendered":"<ul>\n<li><span>Vakarini\u0173 rakta\u017eoli\u0173 aliejuje esan\u010dios omega-3 ir omega-6 riebal\u0173 r\u016bg\u0161tys padeda palaikyti sausos odos b\u016bkl\u0119 ir komfort\u0105.<\/span><\/li>\n<li><span>Linoleno r\u016bg\u0161tis apr\u016bpina od\u0105 ir kail\u012f svarbiomis maistin\u0117mis med\u017eiagomis.<\/span><\/li>\n<li><span>Chlorella dumbliai &#8211; vitamin\u0173 ir mineral\u0173 \u0161altinis, padedantis palaikyti nat\u016brali\u0105 odos pusiausvyr\u0105.<\/span><\/li>\n<li><span>Biotino, cinko ir vitamino B kompleksas palaiko odos ir kailio b\u016bkl\u0119 bei atsinaujinim\u0105.<\/span><\/li>\n<\/ul>","protected":false},"excerpt":{"rendered":"<p>Vakarini\u0173 rakta\u017eoli\u0173 aliejuje esan\u010dios omega-3 ir omega-6 riebal\u0173 r\u016bg\u0161tys padeda palaikyti sausos odos b\u016bkl\u0119 ir komfort\u0105. Linoleno r\u016bg\u0161tis apr\u016bpina od\u0105 ir kail\u012f svarbiomis maistin\u0117mis med\u017eiagomis. Chlorella dumbliai &#8211; vitamin\u0173 ir mineral\u0173 \u0161altinis, padedantis palaikyti nat\u016brali\u0105 odos pusiausvyr\u0105. Biotino, cinko ir vitamino B kompleksas palaiko odos ir kailio b\u016bkl\u0119 bei atsinaujinim\u0105.<\/p>","protected":false},"featured_media":43881,"comment_status":"closed","ping_status":"closed","template":"","meta":{"_acf_changed":false,"slim_seo":{"title":"GimCat Derma pasta kat\u0117ms, palaiko sveik\u0105 od\u0105 ir blizgant\u012f kail\u012f, 50 g - Zooprekes24","description":"Vakarini\u0173 rakta\u017eoli\u0173 aliejuje esan\u010dios omega-3 ir omega-6 riebal\u0173 r\u016bg\u0161tys padeda palaikyti sausos odos b\u016bkl\u0119 ir komfort\u0105. Linoleno r\u016bg\u0161tis apr\u016bpina od\u0105 ir kail\u012f"},"iawp_total_views":13},"product_brand":[],"product_cat":[9271,83,25,104,9017],"product_tag":[],"class_list":{"0":"post-43880","1":"product","2":"type-product","3":"status-publish","4":"has-post-thumbnail","6":"product_cat-gimcat-katems","7":"product_cat-kaciu-prekiu-gamintojai","8":"product_cat-katems","9":"product_cat-kitos-kaciu-prekes","10":"product_cat-vitaminai-ir-papildai-katems","11":"pa_prekiu-zenklai-gimborn","13":"first","14":"instock","15":"featured","16":"taxable","17":"shipping-taxable","18":"purchasable","19":"product-type-simple"},"acf":[],"_links":{"self":[{"href":"https:\/\/zooprekes24.lt\/lv\/wp-json\/wp\/v2\/product\/43880","targetHints":{"allow":["GET"]}}],"collection":[{"href":"https:\/\/zooprekes24.lt\/lv\/wp-json\/wp\/v2\/product"}],"about":[{"href":"https:\/\/zooprekes24.lt\/lv\/wp-json\/wp\/v2\/types\/product"}],"replies":[{"embeddable":true,"href":"https:\/\/zooprekes24.lt\/lv\/wp-json\/wp\/v2\/comments?post=43880"}],"wp:featuredmedia":[{"embeddable":true,"href":"https:\/\/zooprekes24.lt\/lv\/wp-json\/wp\/v2\/media\/43881"}],"wp:attachment":[{"href":"https:\/\/zooprekes24.lt\/lv\/wp-json\/wp\/v2\/media?parent=43880"}],"wp:term":[{"taxonomy":"product_brand","embeddable":true,"href":"https:\/\/zooprekes24.lt\/lv\/wp-json\/wp\/v2\/product_brand?post=43880"},{"taxonomy":"product_cat","embeddable":true,"href":"https:\/\/zooprekes24.lt\/lv\/wp-json\/wp\/v2\/product_cat?post=43880"},{"taxonomy":"product_tag","embeddable":true,"href":"https:\/\/zooprekes24.lt\/lv\/wp-json\/wp\/v2\/product_tag?post=43880"}],"curies":[{"name":"wp","href":"https:\/\/api.w.org\/{rel}","templated":true}]}}