{"id":43878,"date":"2026-01-07T14:54:57","date_gmt":"2026-01-07T12:54:57","guid":{"rendered":"https:\/\/zooprekes24.lt\/?post_type=product&#038;p=43878"},"modified":"2026-01-12T14:28:51","modified_gmt":"2026-01-12T12:28:51","slug":"gimcat-relax-pasta-katems-palaiko-gera-savijauta-ir-mazina-stresa-50g","status":"publish","type":"product","link":"https:\/\/zooprekes24.lt\/lv\/produktas\/gimcat-relax-pasta-katems-palaiko-gera-savijauta-ir-mazina-stresa-50g\/","title":{"rendered":"GimCat Relax pasta kat\u0117ms, palaiko ger\u0105 savijaut\u0105 ir ma\u017eina stres\u0105, 50 g"},"content":{"rendered":"<ul>\n<li><span>Kalifornijos aguon\u0173 \u017eol\u0117 ir jona\u017eol\u0117 pasi\u017eymi stres\u0105 ma\u017einan\u010diomis savyb\u0117mis.<\/span><\/li>\n<li><span>L-triptofanas &#8211; b\u016btina aminor\u016bg\u0161tis, organizme virstanti serotoninu, vadinamuoju \u201elaim\u0117s hormonu\u201c.<\/span><\/li>\n<li><span>Vitaminas B palaiko normali\u0105 med\u017eiag\u0173 apykait\u0105 ir nerv\u0173 sistemos veikl\u0105.<\/span><\/li>\n<li><span>Sud\u0117tyje n\u0117ra prid\u0117tinio cukraus, da\u017eikli\u0173, skonio stiprikli\u0173 ar konservant\u0173.<\/span><\/li>\n<li><span>Be laktoz\u0117s.<\/span><\/li>\n<\/ul>","protected":false},"excerpt":{"rendered":"<p>Kalifornijos aguon\u0173 \u017eol\u0117 ir jona\u017eol\u0117 pasi\u017eymi stres\u0105 ma\u017einan\u010diomis savyb\u0117mis. L-triptofanas &#8211; b\u016btina aminor\u016bg\u0161tis, organizme virstanti serotoninu, vadinamuoju \u201elaim\u0117s hormonu\u201c. Vitaminas B palaiko normali\u0105 med\u017eiag\u0173 apykait\u0105 ir nerv\u0173 sistemos veikl\u0105. Sud\u0117tyje n\u0117ra prid\u0117tinio cukraus, da\u017eikli\u0173, skonio stiprikli\u0173 ar konservant\u0173. Be laktoz\u0117s.<\/p>","protected":false},"featured_media":43879,"comment_status":"closed","ping_status":"closed","template":"","meta":{"_acf_changed":false,"slim_seo":{"title":"GimCat Relax pasta kat\u0117ms, palaiko ger\u0105 savijaut\u0105 ir ma\u017eina stres\u0105, 50 g - Zooprekes24","description":"Kalifornijos aguon\u0173 \u017eol\u0117 ir jona\u017eol\u0117 pasi\u017eymi stres\u0105 ma\u017einan\u010diomis savyb\u0117mis. L-triptofanas - b\u016btina aminor\u016bg\u0161tis, organizme virstanti serotoninu, vadinamuoju \u201e"},"iawp_total_views":12},"product_brand":[],"product_cat":[9271,83,25,104,9017],"product_tag":[],"class_list":{"0":"post-43878","1":"product","2":"type-product","3":"status-publish","4":"has-post-thumbnail","6":"product_cat-gimcat-katems","7":"product_cat-kaciu-prekiu-gamintojai","8":"product_cat-katems","9":"product_cat-kitos-kaciu-prekes","10":"product_cat-vitaminai-ir-papildai-katems","11":"pa_prekiu-zenklai-gimborn","13":"first","14":"instock","15":"featured","16":"taxable","17":"shipping-taxable","18":"purchasable","19":"product-type-simple"},"acf":[],"_links":{"self":[{"href":"https:\/\/zooprekes24.lt\/lv\/wp-json\/wp\/v2\/product\/43878","targetHints":{"allow":["GET"]}}],"collection":[{"href":"https:\/\/zooprekes24.lt\/lv\/wp-json\/wp\/v2\/product"}],"about":[{"href":"https:\/\/zooprekes24.lt\/lv\/wp-json\/wp\/v2\/types\/product"}],"replies":[{"embeddable":true,"href":"https:\/\/zooprekes24.lt\/lv\/wp-json\/wp\/v2\/comments?post=43878"}],"wp:featuredmedia":[{"embeddable":true,"href":"https:\/\/zooprekes24.lt\/lv\/wp-json\/wp\/v2\/media\/43879"}],"wp:attachment":[{"href":"https:\/\/zooprekes24.lt\/lv\/wp-json\/wp\/v2\/media?parent=43878"}],"wp:term":[{"taxonomy":"product_brand","embeddable":true,"href":"https:\/\/zooprekes24.lt\/lv\/wp-json\/wp\/v2\/product_brand?post=43878"},{"taxonomy":"product_cat","embeddable":true,"href":"https:\/\/zooprekes24.lt\/lv\/wp-json\/wp\/v2\/product_cat?post=43878"},{"taxonomy":"product_tag","embeddable":true,"href":"https:\/\/zooprekes24.lt\/lv\/wp-json\/wp\/v2\/product_tag?post=43878"}],"curies":[{"name":"wp","href":"https:\/\/api.w.org\/{rel}","templated":true}]}}